{"id":8285,"date":"2024-08-09T17:36:55","date_gmt":"2024-08-09T17:36:55","guid":{"rendered":"https:\/\/www.afmontreal.ca\/adult-courses-printed-material\/"},"modified":"2024-08-11T22:57:49","modified_gmt":"2024-08-11T22:57:49","slug":"adult-courses-printed-material","status":"publish","type":"page","link":"https:\/\/www.afmontreal.ca\/en\/adult-courses-printed-material\/","title":{"rendered":"Adult Courses &#8211; Printed Material"},"content":{"rendered":"\t\t<div data-elementor-type=\"wp-post\" data-elementor-id=\"8285\" class=\"elementor elementor-8285 elementor-8196\" data-elementor-post-type=\"page\">\n\t\t\t\t\t\t<section class=\"elementor-section elementor-top-section elementor-element elementor-element-140d9363 elementor-section-stretched elementor-section-content-middle elementor-section-boxed elementor-section-height-default elementor-section-height-default wpr-particle-no wpr-jarallax-no wpr-parallax-no wpr-sticky-section-no wpr-equal-height-no\" data-id=\"140d9363\" data-element_type=\"section\" data-settings=\"{&quot;stretch_section&quot;:&quot;section-stretched&quot;,&quot;background_background&quot;:&quot;classic&quot;}\">\n\t\t\t\t\t\t<div class=\"elementor-container elementor-column-gap-no\">\n\t\t\t\t\t<div class=\"aux-parallax-section elementor-column elementor-col-100 elementor-top-column elementor-element elementor-element-685b0e9c aux-appear-watch-animation aux-fade-in-right\" data-id=\"685b0e9c\" data-element_type=\"column\" data-settings=\"{&quot;background_background&quot;:&quot;classic&quot;}\">\n\t\t\t<div class=\"elementor-widget-wrap elementor-element-populated\">\n\t\t\t\t\t\t<div class=\"elementor-element elementor-element-3e18778a elementor-widget__width-auto elementor-widget elementor-widget-aux_modern_heading\" data-id=\"3e18778a\" data-element_type=\"widget\" data-widget_type=\"aux_modern_heading.default\">\n\t\t\t\t<div class=\"elementor-widget-container\">\n\t\t\t\t\t<section class=\"aux-widget-modern-heading\">\n            <div class=\"aux-widget-inner\"><h1 class=\"aux-modern-heading-primary\">Adult courses<\/h1><\/div>\n        <\/section>\t\t\t\t<\/div>\n\t\t\t\t<\/div>\n\t\t\t\t\t<\/div>\n\t\t<\/div>\n\t\t\t\t\t<\/div>\n\t\t<\/section>\n\t\t\t\t<section class=\"elementor-section elementor-top-section elementor-element elementor-element-3f7312b2 elementor-section-stretched elementor-section-content-middle elementor-section-boxed elementor-section-height-default elementor-section-height-default wpr-particle-no wpr-jarallax-no wpr-parallax-no wpr-sticky-section-no wpr-equal-height-no\" data-id=\"3f7312b2\" data-element_type=\"section\" data-settings=\"{&quot;stretch_section&quot;:&quot;section-stretched&quot;,&quot;background_background&quot;:&quot;classic&quot;}\">\n\t\t\t\t\t\t<div class=\"elementor-container elementor-column-gap-extended\">\n\t\t\t\t\t<div class=\"aux-parallax-section elementor-column elementor-col-100 elementor-top-column elementor-element elementor-element-67e403b0\" data-id=\"67e403b0\" data-element_type=\"column\">\n\t\t\t<div class=\"elementor-widget-wrap elementor-element-populated\">\n\t\t\t\t\t\t<div class=\"elementor-element elementor-element-72909a48 aux-appear-watch-animation aux-fade-in-up elementor-widget elementor-widget-aux_modern_heading\" data-id=\"72909a48\" data-element_type=\"widget\" data-widget_type=\"aux_modern_heading.default\">\n\t\t\t\t<div class=\"elementor-widget-container\">\n\t\t\t\t\t<section class=\"aux-widget-modern-heading\">\n            <div class=\"aux-widget-inner\"><h2 class=\"aux-modern-heading-primary\"><\/h2><h3 class=\"aux-modern-heading-secondary\"><span class=\"aux-head-before\">Printed learning materials<\/span><\/h3><div class=\"aux-modern-heading-divider\"><\/div><\/div>\n        <\/section>\t\t\t\t<\/div>\n\t\t\t\t<\/div>\n\t\t\t\t<div class=\"elementor-element elementor-element-9d5a36c elementor-widget elementor-widget-text-editor\" data-id=\"9d5a36c\" data-element_type=\"widget\" data-widget_type=\"text-editor.default\">\n\t\t\t\t<div class=\"elementor-widget-container\">\n\t\t\t\t\t\t\t\t\t<div class='kiosque-aec'><div\n data-module='products'\n data-action='show-products'\n data-param-product-type='7'\n data-param-etablishment-branch-id=''\n data-param-show-category-title=''\n data-param-0='etablishment-branch-id=\u201c0&quot;'\n data-param-lang='en_US'><\/div><\/div>\t\t\t\t\t\t\t\t<\/div>\n\t\t\t\t<\/div>\n\t\t\t\t\t<\/div>\n\t\t<\/div>\n\t\t\t\t\t<\/div>\n\t\t<\/section>\n\t\t\t\t<section class=\"elementor-section elementor-top-section elementor-element elementor-element-89a435e elementor-section-boxed elementor-section-height-default elementor-section-height-default wpr-particle-no wpr-jarallax-no wpr-parallax-no wpr-sticky-section-no wpr-equal-height-no\" data-id=\"89a435e\" data-element_type=\"section\">\n\t\t\t\t\t\t<div class=\"elementor-container elementor-column-gap-default\">\n\t\t\t\t\t<div class=\"aux-parallax-section elementor-column elementor-col-100 elementor-top-column elementor-element elementor-element-2f77946\" data-id=\"2f77946\" data-element_type=\"column\">\n\t\t\t<div class=\"elementor-widget-wrap\">\n\t\t\t\t\t\t\t<\/div>\n\t\t<\/div>\n\t\t\t\t\t<\/div>\n\t\t<\/section>\n\t\t\t\t<\/div>\n\t\t","protected":false},"excerpt":{"rendered":"<p>Adult courses Printed learning materials<\/p>\n","protected":false},"author":4,"featured_media":0,"parent":0,"menu_order":0,"comment_status":"closed","ping_status":"closed","template":"","meta":{"_monsterinsights_skip_tracking":false,"_monsterinsights_sitenote_active":false,"_monsterinsights_sitenote_note":"","_monsterinsights_sitenote_category":0,"footnotes":""},"class_list":["post-8285","page","type-page","status-publish","hentry"],"yoast_head":"<!-- This site is optimized with the Yoast SEO plugin v27.4 - https:\/\/yoast.com\/product\/yoast-seo-wordpress\/ -->\n<title>French courses<\/title>\n<meta name=\"description\" content=\"French courses to learn your new language in Montreal. The Alliance Fran\u00e7aise offers you its course programs for adults.\" \/>\n<meta name=\"robots\" content=\"index, follow, max-snippet:-1, max-image-preview:large, max-video-preview:-1\" \/>\n<link rel=\"canonical\" href=\"https:\/\/www.afmontreal.ca\/en\/adult-courses-printed-material\/\" \/>\n<meta property=\"og:locale\" content=\"en_US\" \/>\n<meta property=\"og:type\" content=\"article\" \/>\n<meta property=\"og:title\" content=\"French courses\" \/>\n<meta property=\"og:description\" content=\"French courses to learn your new language in Montreal. The Alliance Fran\u00e7aise offers you its course programs for adults.\" \/>\n<meta property=\"og:url\" content=\"https:\/\/www.afmontreal.ca\/en\/adult-courses-printed-material\/\" \/>\n<meta property=\"og:site_name\" content=\"Alliance Fran\u00e7aise de Montr\u00e9al\" \/>\n<meta property=\"article:publisher\" content=\"https:\/\/www.facebook.com\/people\/Alliance-Franaise-de-Montral\/100094478126533\/\" \/>\n<meta property=\"article:modified_time\" content=\"2024-08-11T22:57:49+00:00\" \/>\n<meta name=\"twitter:card\" content=\"summary_large_image\" \/>\n<meta name=\"twitter:label1\" content=\"Est. reading time\" \/>\n\t<meta name=\"twitter:data1\" content=\"1 minute\" \/>\n<script type=\"application\/ld+json\" class=\"yoast-schema-graph\">{\"@context\":\"https:\\\/\\\/schema.org\",\"@graph\":[{\"@type\":\"WebPage\",\"@id\":\"https:\\\/\\\/www.afmontreal.ca\\\/en\\\/adult-courses-printed-material\\\/\",\"url\":\"https:\\\/\\\/www.afmontreal.ca\\\/en\\\/adult-courses-printed-material\\\/\",\"name\":\"French courses\",\"isPartOf\":{\"@id\":\"https:\\\/\\\/www.afmontreal.ca\\\/#website\"},\"datePublished\":\"2024-08-09T17:36:55+00:00\",\"dateModified\":\"2024-08-11T22:57:49+00:00\",\"description\":\"French courses to learn your new language in Montreal. The Alliance Fran\u00e7aise offers you its course programs for adults.\",\"breadcrumb\":{\"@id\":\"https:\\\/\\\/www.afmontreal.ca\\\/en\\\/adult-courses-printed-material\\\/#breadcrumb\"},\"inLanguage\":\"en-US\",\"potentialAction\":[{\"@type\":\"ReadAction\",\"target\":[\"https:\\\/\\\/www.afmontreal.ca\\\/en\\\/adult-courses-printed-material\\\/\"]}]},{\"@type\":\"BreadcrumbList\",\"@id\":\"https:\\\/\\\/www.afmontreal.ca\\\/en\\\/adult-courses-printed-material\\\/#breadcrumb\",\"itemListElement\":[{\"@type\":\"ListItem\",\"position\":1,\"name\":\"Accueil\",\"item\":\"https:\\\/\\\/www.afmontreal.ca\\\/\"},{\"@type\":\"ListItem\",\"position\":2,\"name\":\"Adult Courses &#8211; Printed Material\"}]},{\"@type\":\"WebSite\",\"@id\":\"https:\\\/\\\/www.afmontreal.ca\\\/#website\",\"url\":\"https:\\\/\\\/www.afmontreal.ca\\\/\",\"name\":\"Alliance Fran\u00e7aise de Montr\u00e9al\",\"description\":\"Alliance Fran\u00e7aise de Montr\u00e9al\",\"publisher\":{\"@id\":\"https:\\\/\\\/www.afmontreal.ca\\\/#organization\"},\"potentialAction\":[{\"@type\":\"SearchAction\",\"target\":{\"@type\":\"EntryPoint\",\"urlTemplate\":\"https:\\\/\\\/www.afmontreal.ca\\\/?s={search_term_string}\"},\"query-input\":{\"@type\":\"PropertyValueSpecification\",\"valueRequired\":true,\"valueName\":\"search_term_string\"}}],\"inLanguage\":\"en-US\"},{\"@type\":\"Organization\",\"@id\":\"https:\\\/\\\/www.afmontreal.ca\\\/#organization\",\"name\":\"Alliance Fran\u00e7aise de Montr\u00e9al\",\"url\":\"https:\\\/\\\/www.afmontreal.ca\\\/\",\"logo\":{\"@type\":\"ImageObject\",\"inLanguage\":\"en-US\",\"@id\":\"https:\\\/\\\/www.afmontreal.ca\\\/#\\\/schema\\\/logo\\\/image\\\/\",\"url\":\"https:\\\/\\\/www.afmontreal.ca\\\/wp-content\\\/uploads\\\/2020\\\/03\\\/logo-afmtl-2026max.png\",\"contentUrl\":\"https:\\\/\\\/www.afmontreal.ca\\\/wp-content\\\/uploads\\\/2020\\\/03\\\/logo-afmtl-2026max.png\",\"width\":1000,\"height\":400,\"caption\":\"Alliance Fran\u00e7aise de Montr\u00e9al\"},\"image\":{\"@id\":\"https:\\\/\\\/www.afmontreal.ca\\\/#\\\/schema\\\/logo\\\/image\\\/\"},\"sameAs\":[\"https:\\\/\\\/www.facebook.com\\\/people\\\/Alliance-Franaise-de-Montral\\\/100094478126533\\\/\",\"https:\\\/\\\/www.linkedin.com\\\/company\\\/alliance-francaise-de-montreal\\\/?viewAsMember=true\"]}]}<\/script>\n<!-- \/ Yoast SEO plugin. -->","yoast_head_json":{"title":"French courses","description":"French courses to learn your new language in Montreal. The Alliance Fran\u00e7aise offers you its course programs for adults.","robots":{"index":"index","follow":"follow","max-snippet":"max-snippet:-1","max-image-preview":"max-image-preview:large","max-video-preview":"max-video-preview:-1"},"canonical":"https:\/\/www.afmontreal.ca\/en\/adult-courses-printed-material\/","og_locale":"en_US","og_type":"article","og_title":"French courses","og_description":"French courses to learn your new language in Montreal. The Alliance Fran\u00e7aise offers you its course programs for adults.","og_url":"https:\/\/www.afmontreal.ca\/en\/adult-courses-printed-material\/","og_site_name":"Alliance Fran\u00e7aise de Montr\u00e9al","article_publisher":"https:\/\/www.facebook.com\/people\/Alliance-Franaise-de-Montral\/100094478126533\/","article_modified_time":"2024-08-11T22:57:49+00:00","twitter_card":"summary_large_image","twitter_misc":{"Est. reading time":"1 minute"},"schema":{"@context":"https:\/\/schema.org","@graph":[{"@type":"WebPage","@id":"https:\/\/www.afmontreal.ca\/en\/adult-courses-printed-material\/","url":"https:\/\/www.afmontreal.ca\/en\/adult-courses-printed-material\/","name":"French courses","isPartOf":{"@id":"https:\/\/www.afmontreal.ca\/#website"},"datePublished":"2024-08-09T17:36:55+00:00","dateModified":"2024-08-11T22:57:49+00:00","description":"French courses to learn your new language in Montreal. The Alliance Fran\u00e7aise offers you its course programs for adults.","breadcrumb":{"@id":"https:\/\/www.afmontreal.ca\/en\/adult-courses-printed-material\/#breadcrumb"},"inLanguage":"en-US","potentialAction":[{"@type":"ReadAction","target":["https:\/\/www.afmontreal.ca\/en\/adult-courses-printed-material\/"]}]},{"@type":"BreadcrumbList","@id":"https:\/\/www.afmontreal.ca\/en\/adult-courses-printed-material\/#breadcrumb","itemListElement":[{"@type":"ListItem","position":1,"name":"Accueil","item":"https:\/\/www.afmontreal.ca\/"},{"@type":"ListItem","position":2,"name":"Adult Courses &#8211; Printed Material"}]},{"@type":"WebSite","@id":"https:\/\/www.afmontreal.ca\/#website","url":"https:\/\/www.afmontreal.ca\/","name":"Alliance Fran\u00e7aise de Montr\u00e9al","description":"Alliance Fran\u00e7aise de Montr\u00e9al","publisher":{"@id":"https:\/\/www.afmontreal.ca\/#organization"},"potentialAction":[{"@type":"SearchAction","target":{"@type":"EntryPoint","urlTemplate":"https:\/\/www.afmontreal.ca\/?s={search_term_string}"},"query-input":{"@type":"PropertyValueSpecification","valueRequired":true,"valueName":"search_term_string"}}],"inLanguage":"en-US"},{"@type":"Organization","@id":"https:\/\/www.afmontreal.ca\/#organization","name":"Alliance Fran\u00e7aise de Montr\u00e9al","url":"https:\/\/www.afmontreal.ca\/","logo":{"@type":"ImageObject","inLanguage":"en-US","@id":"https:\/\/www.afmontreal.ca\/#\/schema\/logo\/image\/","url":"https:\/\/www.afmontreal.ca\/wp-content\/uploads\/2020\/03\/logo-afmtl-2026max.png","contentUrl":"https:\/\/www.afmontreal.ca\/wp-content\/uploads\/2020\/03\/logo-afmtl-2026max.png","width":1000,"height":400,"caption":"Alliance Fran\u00e7aise de Montr\u00e9al"},"image":{"@id":"https:\/\/www.afmontreal.ca\/#\/schema\/logo\/image\/"},"sameAs":["https:\/\/www.facebook.com\/people\/Alliance-Franaise-de-Montral\/100094478126533\/","https:\/\/www.linkedin.com\/company\/alliance-francaise-de-montreal\/?viewAsMember=true"]}]}},"_links":{"self":[{"href":"https:\/\/www.afmontreal.ca\/en\/wp-json\/wp\/v2\/pages\/8285","targetHints":{"allow":["GET"]}}],"collection":[{"href":"https:\/\/www.afmontreal.ca\/en\/wp-json\/wp\/v2\/pages"}],"about":[{"href":"https:\/\/www.afmontreal.ca\/en\/wp-json\/wp\/v2\/types\/page"}],"author":[{"embeddable":true,"href":"https:\/\/www.afmontreal.ca\/en\/wp-json\/wp\/v2\/users\/4"}],"replies":[{"embeddable":true,"href":"https:\/\/www.afmontreal.ca\/en\/wp-json\/wp\/v2\/comments?post=8285"}],"version-history":[{"count":8,"href":"https:\/\/www.afmontreal.ca\/en\/wp-json\/wp\/v2\/pages\/8285\/revisions"}],"predecessor-version":[{"id":8604,"href":"https:\/\/www.afmontreal.ca\/en\/wp-json\/wp\/v2\/pages\/8285\/revisions\/8604"}],"wp:attachment":[{"href":"https:\/\/www.afmontreal.ca\/en\/wp-json\/wp\/v2\/media?parent=8285"}],"curies":[{"name":"wp","href":"https:\/\/api.w.org\/{rel}","templated":true}]}}