{"id":6006,"date":"2023-11-23T01:17:20","date_gmt":"2023-11-23T01:17:20","guid":{"rendered":"https:\/\/www.afmontreal.ca\/photo-library__trashed\/intercultural-testimony-french-speaking-literature-in-quebec-an-intercultural-bridge\/"},"modified":"2024-05-03T14:41:46","modified_gmt":"2024-05-03T14:41:46","slug":"intercultural-testimony-french-speaking-literature-in-quebec-an-intercultural-bridge","status":"publish","type":"page","link":"https:\/\/www.afmontreal.ca\/en\/intercultural-testimony-french-speaking-literature-in-quebec-an-intercultural-bridge\/","title":{"rendered":"Intercultural testimony &#8211; French-speaking literature in Quebec: an intercultural bridge\u200b"},"content":{"rendered":"\t\t<div data-elementor-type=\"wp-post\" data-elementor-id=\"6006\" class=\"elementor elementor-6006 elementor-4002\" data-elementor-post-type=\"page\">\n\t\t\t\t\t\t<section class=\"elementor-section elementor-top-section elementor-element elementor-element-27e20006 elementor-section-stretched elementor-section-content-middle elementor-section-boxed elementor-section-height-default elementor-section-height-default wpr-particle-no wpr-jarallax-no wpr-parallax-no wpr-sticky-section-no wpr-equal-height-no\" data-id=\"27e20006\" data-element_type=\"section\" data-settings=\"{&quot;stretch_section&quot;:&quot;section-stretched&quot;,&quot;background_background&quot;:&quot;classic&quot;}\">\n\t\t\t\t\t\t<div class=\"elementor-container elementor-column-gap-no\">\n\t\t\t\t\t<div class=\"aux-parallax-section elementor-column elementor-col-100 elementor-top-column elementor-element elementor-element-7a2cddea aux-appear-watch-animation aux-fade-in-right\" data-id=\"7a2cddea\" data-element_type=\"column\" data-settings=\"{&quot;background_background&quot;:&quot;classic&quot;}\">\n\t\t\t<div class=\"elementor-widget-wrap elementor-element-populated\">\n\t\t\t\t\t\t<div class=\"elementor-element elementor-element-31659d68 elementor-widget__width-auto elementor-widget elementor-widget-aux_modern_heading\" data-id=\"31659d68\" data-element_type=\"widget\" data-widget_type=\"aux_modern_heading.default\">\n\t\t\t\t<div class=\"elementor-widget-container\">\n\t\t\t\t\t<section class=\"aux-widget-modern-heading\">\n            <div class=\"aux-widget-inner\"><h1 class=\"aux-modern-heading-primary\">Cultural events<\/h1><\/div>\n        <\/section>\t\t\t\t<\/div>\n\t\t\t\t<\/div>\n\t\t\t\t\t<\/div>\n\t\t<\/div>\n\t\t\t\t\t<\/div>\n\t\t<\/section>\n\t\t\t\t<section class=\"elementor-section elementor-top-section elementor-element elementor-element-3d6f68f elementor-section-boxed elementor-section-height-default elementor-section-height-default wpr-particle-no wpr-jarallax-no wpr-parallax-no wpr-sticky-section-no wpr-equal-height-no\" data-id=\"3d6f68f\" data-element_type=\"section\">\n\t\t\t\t\t\t<div class=\"elementor-container elementor-column-gap-default\">\n\t\t\t\t\t<div class=\"aux-parallax-section elementor-column elementor-col-100 elementor-top-column elementor-element elementor-element-546ae9b\" data-id=\"546ae9b\" data-element_type=\"column\">\n\t\t\t<div class=\"elementor-widget-wrap elementor-element-populated\">\n\t\t\t\t\t\t<div class=\"elementor-element elementor-element-c5fc1e0 elementor-widget elementor-widget-heading\" data-id=\"c5fc1e0\" data-element_type=\"widget\" data-widget_type=\"heading.default\">\n\t\t\t\t<div class=\"elementor-widget-container\">\n\t\t\t\t\t<h2 class=\"elementor-heading-title elementor-size-default\">Intercultural testimony - French-speaking literature in Quebec : an intercultural bridge<\/h2>\t\t\t\t<\/div>\n\t\t\t\t<\/div>\n\t\t\t\t<div class=\"elementor-element elementor-element-491cd98 elementor-widget elementor-widget-video\" data-id=\"491cd98\" data-element_type=\"widget\" data-settings=\"{&quot;youtube_url&quot;:&quot;https:\\\/\\\/www.youtube.com\\\/watch?v=bMwLpA-QDWI&quot;,&quot;autoplay&quot;:&quot;yes&quot;,&quot;play_on_mobile&quot;:&quot;yes&quot;,&quot;video_type&quot;:&quot;youtube&quot;,&quot;controls&quot;:&quot;yes&quot;}\" data-widget_type=\"video.default\">\n\t\t\t\t<div class=\"elementor-widget-container\">\n\t\t\t\t\t\t\t<div class=\"elementor-wrapper elementor-open-inline\">\n\t\t\t<div class=\"elementor-video\"><\/div>\t\t<\/div>\n\t\t\t\t\t\t<\/div>\n\t\t\t\t<\/div>\n\t\t\t\t<div class=\"elementor-element elementor-element-6712bc6 elementor-widget elementor-widget-text-editor\" data-id=\"6712bc6\" data-element_type=\"widget\" data-widget_type=\"text-editor.default\">\n\t\t\t\t<div class=\"elementor-widget-container\">\n\t\t\t\t\t\t\t\t\tPresented by the Montreal Book Fair<\/strong>\nMeeting with two authors, the director of the Alliance Fran\u00e7aise de Mtl and an expert in intercultural who, through their commitment and their origins, allow us to better understand how the French language and literature are very intercultural links. powerful. From living better together to the essence of human encounter, how literature can enrich meaningful sharing and help build an intercultural space where everyone can take their place.\n\nWith :\n<div style=\"padding-left: 40px;\">\n<div><a href=\"https:\/\/www.salondulivredemontreal.com\/auteurs\/philippe-yong\">Philippe Yong, Author<\/a><\/div>\n<div><a href=\"https:\/\/www.salondulivredemontreal.com\/auteurs\/rachida-azdouz\">Rachida Azdouz, Author<\/a><\/div>\n<div><a href=\"https:\/\/www.salondulivredemontreal.com\/animateurs\/christophe-brayet\">Christophe Brayet,<\/a><\/div>\n<div><a href=\"https:\/\/www.salondulivredemontreal.com\/animateurs\/cecile-lazartigues-chartier\">C\u00e9cile Lazartigues-Chartier, Animator<\/a><\/div>\n<div style=\"padding-left: 40px;\"><\/div>\n<\/div>\nIn collaboration with :\n<div style=\"padding-left: 40px;\"><a href=\"https:\/\/www.salondulivredemontreal.com\/exposants\/lart-et-la-maniere\">L&#8217;ART ET LA MANI\u00c8RE<\/a><\/div>\n<div style=\"padding-left: 40px;\"><a href=\"https:\/\/www.salondulivredemontreal.com\/exposants\/alliance-francaise-de-montreal\">ALLIANCE FRAN\u00c7AISE DE MONTR\u00c9AL<\/a><\/div>\n<div style=\"padding-left: 40px;\"><a href=\"https:\/\/www.salondulivredemontreal.com\/exposants\/memoire-dencrier\">M\u00c9MOIRE D&#8217;ENCRIER<\/a><\/div>\n<div style=\"padding-left: 40px;\"><a href=\"https:\/\/www.salondulivredemontreal.com\/exposants\/edito\">\u00c9DITO<\/a><\/div>\nVirtual meeting available on November 23, 2023, from 12 p.m.\n\n\u00a9 Alliance Fran\u00e7aise de Montr\u00e9al, 2023. All rights reserved.\t\t\t\t\t\t\t\t<\/div>\n\t\t\t\t<\/div>\n\t\t\t\t\t<\/div>\n\t\t<\/div>\n\t\t\t\t\t<\/div>\n\t\t<\/section>\n\t\t\t\t<\/div>\n\t\t","protected":false},"excerpt":{"rendered":"<p>Meeting with two authors, the director of the Alliance Fran\u00e7aise de Mtl and an expert in intercultural who, through their commitment and their origins, allow us to better understand how the French language and literature are very intercultural links. powerful. From living better together to the essence of human encounter, how literature can enrich meaningful sharing and help build an intercultural space where everyone can take their place.<\/p>\n","protected":false},"author":4,"featured_media":4017,"parent":0,"menu_order":0,"comment_status":"closed","ping_status":"closed","template":"","meta":{"_monsterinsights_skip_tracking":false,"_monsterinsights_sitenote_active":false,"_monsterinsights_sitenote_note":"","_monsterinsights_sitenote_category":0,"footnotes":""},"class_list":["post-6006","page","type-page","status-publish","has-post-thumbnail","hentry"],"yoast_head":"<!-- This site is optimized with the Yoast SEO plugin v27.4 - https:\/\/yoast.com\/product\/yoast-seo-wordpress\/ -->\n<title>Intercultural testimony - French-speaking literature in Quebec: an intercultural bridge\u200b - Alliance Fran\u00e7aise de Montr\u00e9al<\/title>\n<meta name=\"robots\" content=\"index, follow, max-snippet:-1, max-image-preview:large, max-video-preview:-1\" \/>\n<link rel=\"canonical\" href=\"https:\/\/www.afmontreal.ca\/en\/photo-library__trashed\/intercultural-testimony-french-speaking-literature-in-quebec-an-intercultural-bridge\/\" \/>\n<meta property=\"og:locale\" content=\"en_US\" \/>\n<meta property=\"og:type\" content=\"article\" \/>\n<meta property=\"og:title\" content=\"Intercultural testimony - French-speaking literature in Quebec: an intercultural bridge\u200b - Alliance Fran\u00e7aise de Montr\u00e9al\" \/>\n<meta property=\"og:description\" content=\"Meeting with two authors, the director of the Alliance Fran\u00e7aise de Mtl and an expert in intercultural who, through their commitment and their origins, allow us to better understand how the French language and literature are very intercultural links. powerful. From living better together to the essence of human encounter, how literature can enrich meaningful sharing and help build an intercultural space where everyone can take their place.\" \/>\n<meta property=\"og:url\" content=\"https:\/\/www.afmontreal.ca\/en\/photo-library__trashed\/intercultural-testimony-french-speaking-literature-in-quebec-an-intercultural-bridge\/\" \/>\n<meta property=\"og:site_name\" content=\"Alliance Fran\u00e7aise de Montr\u00e9al\" \/>\n<meta property=\"article:publisher\" content=\"https:\/\/www.facebook.com\/people\/Alliance-Franaise-de-Montral\/100094478126533\/\" \/>\n<meta property=\"article:modified_time\" content=\"2024-05-03T14:41:46+00:00\" \/>\n<meta property=\"og:image\" content=\"https:\/\/www.afmontreal.ca\/wp-content\/uploads\/2023\/11\/Temoignage-Interculturel-La-litterature-francophone-au-Quebec-un-pont-interculturel.png\" \/>\n\t<meta property=\"og:image:width\" content=\"1920\" \/>\n\t<meta property=\"og:image:height\" content=\"1080\" \/>\n\t<meta property=\"og:image:type\" content=\"image\/png\" \/>\n<meta name=\"twitter:card\" content=\"summary_large_image\" \/>\n<meta name=\"twitter:label1\" content=\"Est. reading time\" \/>\n\t<meta name=\"twitter:data1\" content=\"1 minute\" \/>\n<script type=\"application\/ld+json\" class=\"yoast-schema-graph\">{\"@context\":\"https:\\\/\\\/schema.org\",\"@graph\":[{\"@type\":\"WebPage\",\"@id\":\"https:\\\/\\\/www.afmontreal.ca\\\/en\\\/photo-library__trashed\\\/intercultural-testimony-french-speaking-literature-in-quebec-an-intercultural-bridge\\\/\",\"url\":\"https:\\\/\\\/www.afmontreal.ca\\\/en\\\/photo-library__trashed\\\/intercultural-testimony-french-speaking-literature-in-quebec-an-intercultural-bridge\\\/\",\"name\":\"Intercultural testimony - French-speaking literature in Quebec: an intercultural bridge\u200b - Alliance Fran\u00e7aise de Montr\u00e9al\",\"isPartOf\":{\"@id\":\"https:\\\/\\\/www.afmontreal.ca\\\/#website\"},\"primaryImageOfPage\":{\"@id\":\"https:\\\/\\\/www.afmontreal.ca\\\/en\\\/photo-library__trashed\\\/intercultural-testimony-french-speaking-literature-in-quebec-an-intercultural-bridge\\\/#primaryimage\"},\"image\":{\"@id\":\"https:\\\/\\\/www.afmontreal.ca\\\/en\\\/photo-library__trashed\\\/intercultural-testimony-french-speaking-literature-in-quebec-an-intercultural-bridge\\\/#primaryimage\"},\"thumbnailUrl\":\"https:\\\/\\\/www.afmontreal.ca\\\/wp-content\\\/uploads\\\/2023\\\/11\\\/Temoignage-Interculturel-La-litterature-francophone-au-Quebec-un-pont-interculturel.png\",\"datePublished\":\"2023-11-23T01:17:20+00:00\",\"dateModified\":\"2024-05-03T14:41:46+00:00\",\"breadcrumb\":{\"@id\":\"https:\\\/\\\/www.afmontreal.ca\\\/en\\\/photo-library__trashed\\\/intercultural-testimony-french-speaking-literature-in-quebec-an-intercultural-bridge\\\/#breadcrumb\"},\"inLanguage\":\"en-US\",\"potentialAction\":[{\"@type\":\"ReadAction\",\"target\":[\"https:\\\/\\\/www.afmontreal.ca\\\/en\\\/photo-library__trashed\\\/intercultural-testimony-french-speaking-literature-in-quebec-an-intercultural-bridge\\\/\"]}]},{\"@type\":\"ImageObject\",\"inLanguage\":\"en-US\",\"@id\":\"https:\\\/\\\/www.afmontreal.ca\\\/en\\\/photo-library__trashed\\\/intercultural-testimony-french-speaking-literature-in-quebec-an-intercultural-bridge\\\/#primaryimage\",\"url\":\"https:\\\/\\\/www.afmontreal.ca\\\/wp-content\\\/uploads\\\/2023\\\/11\\\/Temoignage-Interculturel-La-litterature-francophone-au-Quebec-un-pont-interculturel.png\",\"contentUrl\":\"https:\\\/\\\/www.afmontreal.ca\\\/wp-content\\\/uploads\\\/2023\\\/11\\\/Temoignage-Interculturel-La-litterature-francophone-au-Quebec-un-pont-interculturel.png\",\"width\":1920,\"height\":1080,\"caption\":\"Te\u0301moignage Interculturel - La litt\u00e9rature francophone au Qu\u00e9bec : un pont interculturel\"},{\"@type\":\"BreadcrumbList\",\"@id\":\"https:\\\/\\\/www.afmontreal.ca\\\/en\\\/photo-library__trashed\\\/intercultural-testimony-french-speaking-literature-in-quebec-an-intercultural-bridge\\\/#breadcrumb\",\"itemListElement\":[{\"@type\":\"ListItem\",\"position\":1,\"name\":\"Accueil\",\"item\":\"https:\\\/\\\/www.afmontreal.ca\\\/\"},{\"@type\":\"ListItem\",\"position\":2,\"name\":\"Intercultural testimony &#8211; French-speaking literature in Quebec: an intercultural bridge\u200b\"}]},{\"@type\":\"WebSite\",\"@id\":\"https:\\\/\\\/www.afmontreal.ca\\\/#website\",\"url\":\"https:\\\/\\\/www.afmontreal.ca\\\/\",\"name\":\"Alliance Fran\u00e7aise de Montr\u00e9al\",\"description\":\"Alliance Fran\u00e7aise de Montr\u00e9al\",\"publisher\":{\"@id\":\"https:\\\/\\\/www.afmontreal.ca\\\/#organization\"},\"potentialAction\":[{\"@type\":\"SearchAction\",\"target\":{\"@type\":\"EntryPoint\",\"urlTemplate\":\"https:\\\/\\\/www.afmontreal.ca\\\/?s={search_term_string}\"},\"query-input\":{\"@type\":\"PropertyValueSpecification\",\"valueRequired\":true,\"valueName\":\"search_term_string\"}}],\"inLanguage\":\"en-US\"},{\"@type\":\"Organization\",\"@id\":\"https:\\\/\\\/www.afmontreal.ca\\\/#organization\",\"name\":\"Alliance Fran\u00e7aise de Montr\u00e9al\",\"url\":\"https:\\\/\\\/www.afmontreal.ca\\\/\",\"logo\":{\"@type\":\"ImageObject\",\"inLanguage\":\"en-US\",\"@id\":\"https:\\\/\\\/www.afmontreal.ca\\\/#\\\/schema\\\/logo\\\/image\\\/\",\"url\":\"https:\\\/\\\/www.afmontreal.ca\\\/wp-content\\\/uploads\\\/2020\\\/03\\\/logo-afmtl-2026max.png\",\"contentUrl\":\"https:\\\/\\\/www.afmontreal.ca\\\/wp-content\\\/uploads\\\/2020\\\/03\\\/logo-afmtl-2026max.png\",\"width\":1000,\"height\":400,\"caption\":\"Alliance Fran\u00e7aise de Montr\u00e9al\"},\"image\":{\"@id\":\"https:\\\/\\\/www.afmontreal.ca\\\/#\\\/schema\\\/logo\\\/image\\\/\"},\"sameAs\":[\"https:\\\/\\\/www.facebook.com\\\/people\\\/Alliance-Franaise-de-Montral\\\/100094478126533\\\/\",\"https:\\\/\\\/www.linkedin.com\\\/company\\\/alliance-francaise-de-montreal\\\/?viewAsMember=true\"]}]}<\/script>\n<!-- \/ Yoast SEO plugin. -->","yoast_head_json":{"title":"Intercultural testimony - French-speaking literature in Quebec: an intercultural bridge\u200b - Alliance Fran\u00e7aise de Montr\u00e9al","robots":{"index":"index","follow":"follow","max-snippet":"max-snippet:-1","max-image-preview":"max-image-preview:large","max-video-preview":"max-video-preview:-1"},"canonical":"https:\/\/www.afmontreal.ca\/en\/photo-library__trashed\/intercultural-testimony-french-speaking-literature-in-quebec-an-intercultural-bridge\/","og_locale":"en_US","og_type":"article","og_title":"Intercultural testimony - French-speaking literature in Quebec: an intercultural bridge\u200b - Alliance Fran\u00e7aise de Montr\u00e9al","og_description":"Meeting with two authors, the director of the Alliance Fran\u00e7aise de Mtl and an expert in intercultural who, through their commitment and their origins, allow us to better understand how the French language and literature are very intercultural links. powerful. From living better together to the essence of human encounter, how literature can enrich meaningful sharing and help build an intercultural space where everyone can take their place.","og_url":"https:\/\/www.afmontreal.ca\/en\/photo-library__trashed\/intercultural-testimony-french-speaking-literature-in-quebec-an-intercultural-bridge\/","og_site_name":"Alliance Fran\u00e7aise de Montr\u00e9al","article_publisher":"https:\/\/www.facebook.com\/people\/Alliance-Franaise-de-Montral\/100094478126533\/","article_modified_time":"2024-05-03T14:41:46+00:00","og_image":[{"width":1920,"height":1080,"url":"https:\/\/www.afmontreal.ca\/wp-content\/uploads\/2023\/11\/Temoignage-Interculturel-La-litterature-francophone-au-Quebec-un-pont-interculturel.png","type":"image\/png"}],"twitter_card":"summary_large_image","twitter_misc":{"Est. reading time":"1 minute"},"schema":{"@context":"https:\/\/schema.org","@graph":[{"@type":"WebPage","@id":"https:\/\/www.afmontreal.ca\/en\/photo-library__trashed\/intercultural-testimony-french-speaking-literature-in-quebec-an-intercultural-bridge\/","url":"https:\/\/www.afmontreal.ca\/en\/photo-library__trashed\/intercultural-testimony-french-speaking-literature-in-quebec-an-intercultural-bridge\/","name":"Intercultural testimony - French-speaking literature in Quebec: an intercultural bridge\u200b - Alliance Fran\u00e7aise de Montr\u00e9al","isPartOf":{"@id":"https:\/\/www.afmontreal.ca\/#website"},"primaryImageOfPage":{"@id":"https:\/\/www.afmontreal.ca\/en\/photo-library__trashed\/intercultural-testimony-french-speaking-literature-in-quebec-an-intercultural-bridge\/#primaryimage"},"image":{"@id":"https:\/\/www.afmontreal.ca\/en\/photo-library__trashed\/intercultural-testimony-french-speaking-literature-in-quebec-an-intercultural-bridge\/#primaryimage"},"thumbnailUrl":"https:\/\/www.afmontreal.ca\/wp-content\/uploads\/2023\/11\/Temoignage-Interculturel-La-litterature-francophone-au-Quebec-un-pont-interculturel.png","datePublished":"2023-11-23T01:17:20+00:00","dateModified":"2024-05-03T14:41:46+00:00","breadcrumb":{"@id":"https:\/\/www.afmontreal.ca\/en\/photo-library__trashed\/intercultural-testimony-french-speaking-literature-in-quebec-an-intercultural-bridge\/#breadcrumb"},"inLanguage":"en-US","potentialAction":[{"@type":"ReadAction","target":["https:\/\/www.afmontreal.ca\/en\/photo-library__trashed\/intercultural-testimony-french-speaking-literature-in-quebec-an-intercultural-bridge\/"]}]},{"@type":"ImageObject","inLanguage":"en-US","@id":"https:\/\/www.afmontreal.ca\/en\/photo-library__trashed\/intercultural-testimony-french-speaking-literature-in-quebec-an-intercultural-bridge\/#primaryimage","url":"https:\/\/www.afmontreal.ca\/wp-content\/uploads\/2023\/11\/Temoignage-Interculturel-La-litterature-francophone-au-Quebec-un-pont-interculturel.png","contentUrl":"https:\/\/www.afmontreal.ca\/wp-content\/uploads\/2023\/11\/Temoignage-Interculturel-La-litterature-francophone-au-Quebec-un-pont-interculturel.png","width":1920,"height":1080,"caption":"Te\u0301moignage Interculturel - La litt\u00e9rature francophone au Qu\u00e9bec : un pont interculturel"},{"@type":"BreadcrumbList","@id":"https:\/\/www.afmontreal.ca\/en\/photo-library__trashed\/intercultural-testimony-french-speaking-literature-in-quebec-an-intercultural-bridge\/#breadcrumb","itemListElement":[{"@type":"ListItem","position":1,"name":"Accueil","item":"https:\/\/www.afmontreal.ca\/"},{"@type":"ListItem","position":2,"name":"Intercultural testimony &#8211; French-speaking literature in Quebec: an intercultural bridge\u200b"}]},{"@type":"WebSite","@id":"https:\/\/www.afmontreal.ca\/#website","url":"https:\/\/www.afmontreal.ca\/","name":"Alliance Fran\u00e7aise de Montr\u00e9al","description":"Alliance Fran\u00e7aise de Montr\u00e9al","publisher":{"@id":"https:\/\/www.afmontreal.ca\/#organization"},"potentialAction":[{"@type":"SearchAction","target":{"@type":"EntryPoint","urlTemplate":"https:\/\/www.afmontreal.ca\/?s={search_term_string}"},"query-input":{"@type":"PropertyValueSpecification","valueRequired":true,"valueName":"search_term_string"}}],"inLanguage":"en-US"},{"@type":"Organization","@id":"https:\/\/www.afmontreal.ca\/#organization","name":"Alliance Fran\u00e7aise de Montr\u00e9al","url":"https:\/\/www.afmontreal.ca\/","logo":{"@type":"ImageObject","inLanguage":"en-US","@id":"https:\/\/www.afmontreal.ca\/#\/schema\/logo\/image\/","url":"https:\/\/www.afmontreal.ca\/wp-content\/uploads\/2020\/03\/logo-afmtl-2026max.png","contentUrl":"https:\/\/www.afmontreal.ca\/wp-content\/uploads\/2020\/03\/logo-afmtl-2026max.png","width":1000,"height":400,"caption":"Alliance Fran\u00e7aise de Montr\u00e9al"},"image":{"@id":"https:\/\/www.afmontreal.ca\/#\/schema\/logo\/image\/"},"sameAs":["https:\/\/www.facebook.com\/people\/Alliance-Franaise-de-Montral\/100094478126533\/","https:\/\/www.linkedin.com\/company\/alliance-francaise-de-montreal\/?viewAsMember=true"]}]}},"_links":{"self":[{"href":"https:\/\/www.afmontreal.ca\/en\/wp-json\/wp\/v2\/pages\/6006","targetHints":{"allow":["GET"]}}],"collection":[{"href":"https:\/\/www.afmontreal.ca\/en\/wp-json\/wp\/v2\/pages"}],"about":[{"href":"https:\/\/www.afmontreal.ca\/en\/wp-json\/wp\/v2\/types\/page"}],"author":[{"embeddable":true,"href":"https:\/\/www.afmontreal.ca\/en\/wp-json\/wp\/v2\/users\/4"}],"replies":[{"embeddable":true,"href":"https:\/\/www.afmontreal.ca\/en\/wp-json\/wp\/v2\/comments?post=6006"}],"version-history":[{"count":1,"href":"https:\/\/www.afmontreal.ca\/en\/wp-json\/wp\/v2\/pages\/6006\/revisions"}],"predecessor-version":[{"id":6007,"href":"https:\/\/www.afmontreal.ca\/en\/wp-json\/wp\/v2\/pages\/6006\/revisions\/6007"}],"wp:featuredmedia":[{"embeddable":true,"href":"https:\/\/www.afmontreal.ca\/en\/wp-json\/wp\/v2\/media\/4017"}],"wp:attachment":[{"href":"https:\/\/www.afmontreal.ca\/en\/wp-json\/wp\/v2\/media?parent=6006"}],"curies":[{"name":"wp","href":"https:\/\/api.w.org\/{rel}","templated":true}]}}