{"id":5986,"date":"2024-05-03T13:13:30","date_gmt":"2024-05-03T13:13:30","guid":{"rendered":"https:\/\/www.afmontreal.ca\/past-culturals-events\/"},"modified":"2024-05-03T14:42:06","modified_gmt":"2024-05-03T14:42:06","slug":"past-culturals-events","status":"publish","type":"page","link":"https:\/\/www.afmontreal.ca\/en\/past-culturals-events\/","title":{"rendered":"Past culturals events"},"content":{"rendered":"\t\t<div data-elementor-type=\"wp-post\" data-elementor-id=\"5986\" class=\"elementor elementor-5986\" data-elementor-post-type=\"page\">\n\t\t\t\t\t\t<section class=\"elementor-section elementor-top-section elementor-element elementor-element-27e20006 elementor-section-stretched elementor-section-content-middle elementor-section-boxed elementor-section-height-default elementor-section-height-default wpr-particle-no wpr-jarallax-no wpr-parallax-no wpr-sticky-section-no wpr-equal-height-no\" data-id=\"27e20006\" data-element_type=\"section\" data-settings=\"{&quot;stretch_section&quot;:&quot;section-stretched&quot;,&quot;background_background&quot;:&quot;classic&quot;}\">\n\t\t\t\t\t\t<div class=\"elementor-container elementor-column-gap-no\">\n\t\t\t\t\t<div class=\"aux-parallax-section elementor-column elementor-col-100 elementor-top-column elementor-element elementor-element-7a2cddea aux-appear-watch-animation aux-fade-in-right\" data-id=\"7a2cddea\" data-element_type=\"column\" data-settings=\"{&quot;background_background&quot;:&quot;classic&quot;}\">\n\t\t\t<div class=\"elementor-widget-wrap elementor-element-populated\">\n\t\t\t\t\t\t<div class=\"elementor-element elementor-element-31659d68 elementor-widget__width-auto elementor-widget elementor-widget-aux_modern_heading\" data-id=\"31659d68\" data-element_type=\"widget\" data-widget_type=\"aux_modern_heading.default\">\n\t\t\t\t<div class=\"elementor-widget-container\">\n\t\t\t\t\t<section class=\"aux-widget-modern-heading\">\n            <div class=\"aux-widget-inner\"><h1 class=\"aux-modern-heading-primary\">Past culturals events<\/h1><\/div>\n        <\/section>\t\t\t\t<\/div>\n\t\t\t\t<\/div>\n\t\t\t\t\t<\/div>\n\t\t<\/div>\n\t\t\t\t\t<\/div>\n\t\t<\/section>\n\t\t\t\t<section class=\"elementor-section elementor-top-section elementor-element elementor-element-5d1d993 elementor-section-boxed elementor-section-height-default elementor-section-height-default wpr-particle-no wpr-jarallax-no wpr-parallax-no wpr-sticky-section-no wpr-equal-height-no\" data-id=\"5d1d993\" data-element_type=\"section\">\n\t\t\t\t\t\t<div class=\"elementor-container elementor-column-gap-default\">\n\t\t\t\t\t<div class=\"aux-parallax-section elementor-column elementor-col-33 elementor-top-column elementor-element elementor-element-b1d7a83\" data-id=\"b1d7a83\" data-element_type=\"column\">\n\t\t\t<div class=\"elementor-widget-wrap elementor-element-populated\">\n\t\t\t\t\t\t<div class=\"elementor-element elementor-element-815c272 elementor-widget elementor-widget-image\" data-id=\"815c272\" data-element_type=\"widget\" data-widget_type=\"image.default\">\n\t\t\t\t<div class=\"elementor-widget-container\">\n\t\t\t\t\t\t\t\t\t\t\t\t\t\t\t\t<a href=\"https:\/\/www.afmontreal.ca\/journee-internationale-francophonie-2024\/\">\n\t\t\t\t\t\t\t<img fetchpriority=\"high\" decoding=\"async\" width=\"1920\" height=\"1080\" src=\"https:\/\/www.afmontreal.ca\/wp-content\/uploads\/2024\/03\/Entrevue.png\" class=\"attachment-full size-full wp-image-4847\" alt=\"la Journ\u00e9e internationale de la Francophonie le 20 mars 2024 \u00e0 Montr\u00e9al\" srcset=\"https:\/\/www.afmontreal.ca\/wp-content\/uploads\/2024\/03\/Entrevue.png 1920w, https:\/\/www.afmontreal.ca\/wp-content\/uploads\/2024\/03\/Entrevue-1536x864.png 1536w\" sizes=\"(max-width: 1920px) 100vw, 1920px\" \/>\t\t\t\t\t\t\t\t<\/a>\n\t\t\t\t\t\t\t\t\t\t\t\t\t\t\t<\/div>\n\t\t\t\t<\/div>\n\t\t\t\t\t<\/div>\n\t\t<\/div>\n\t\t\t\t<div class=\"aux-parallax-section elementor-column elementor-col-66 elementor-top-column elementor-element elementor-element-9f728b9\" data-id=\"9f728b9\" data-element_type=\"column\">\n\t\t\t<div class=\"elementor-widget-wrap elementor-element-populated\">\n\t\t\t\t\t\t<div class=\"elementor-element elementor-element-425c759 elementor-widget elementor-widget-heading\" data-id=\"425c759\" data-element_type=\"widget\" data-widget_type=\"heading.default\">\n\t\t\t\t<div class=\"elementor-widget-container\">\n\t\t\t\t\t<h2 class=\"elementor-heading-title elementor-size-default\">the International Day of La Francophonie<\/h2>\t\t\t\t<\/div>\n\t\t\t\t<\/div>\n\t\t\t\t<div class=\"elementor-element elementor-element-a8a2d35 elementor-widget elementor-widget-text-editor\" data-id=\"a8a2d35\" data-element_type=\"widget\" data-widget_type=\"text-editor.default\">\n\t\t\t\t<div class=\"elementor-widget-container\">\n\t\t\t\t\t\t\t\t\t<p><strong>L&#8217;Alliance Fran\u00e7aise de Montr\u00e9al in collaboration with the Consulate General of France in Quebec, the Center of the Francophonie of the Americas, Francophonie without frontiers and the CINEMANIA Francophone Film Festival, the International Day of the Francophonie on March 20, 2024 in Montreal.<\/strong><\/p>\n\t\t\t\t\t\t\t\t<\/div>\n\t\t\t\t<\/div>\n\t\t\t\t<div class=\"elementor-element elementor-element-6712bc6 elementor-widget elementor-widget-text-editor\" data-id=\"6712bc6\" data-element_type=\"widget\" data-widget_type=\"text-editor.default\">\n\t\t\t\t<div class=\"elementor-widget-container\">\n\t\t\t\t\t\t\t\t\t<p>This day will bring together all lovers of the French language, enthusiasts of French-speaking culture and the curious eager to discover the multiple facets of this rich linguistic diversity. Special programming will highlight the richness of the French language through a series of cultural, artistic and educational activities.<\/p>\n\t\t\t\t\t\t\t\t<\/div>\n\t\t\t\t<\/div>\n\t\t\t\t<div class=\"elementor-element elementor-element-67926a2 elementor-widget elementor-widget-aux_modern_button\" data-id=\"67926a2\" data-element_type=\"widget\" data-widget_type=\"aux_modern_button.default\">\n\t\t\t\t<div class=\"elementor-widget-container\">\n\t\t\t\t\t    <div class=\"aux-modern-button-wrapper aux-modern-button-align-left\" >\n                    <a class=\"aux-modern-button aux-black aux-modern-button-md aux-modern-button-round aux-modern-button-default aux-icon-\" href=\"https:\/\/www.afmontreal.ca\/journee-internationale-francophonie-2024\/\">\n                <div class=\"aux-overlay\"><\/div>\n                                    <div class=\"aux-icon \">\n                                            <\/div>\n                                <div class=\"aux-text\">\n<span class=\"aux-text-before\">Discover<\/span>                <\/div>\n            <\/a>\n            \n    <\/div>\n\n    \t\t\t\t<\/div>\n\t\t\t\t<\/div>\n\t\t\t\t\t<\/div>\n\t\t<\/div>\n\t\t\t\t\t<\/div>\n\t\t<\/section>\n\t\t\t\t<section class=\"elementor-section elementor-top-section elementor-element elementor-element-797b470 elementor-section-boxed elementor-section-height-default elementor-section-height-default wpr-particle-no wpr-jarallax-no wpr-parallax-no wpr-sticky-section-no wpr-equal-height-no\" data-id=\"797b470\" data-element_type=\"section\">\n\t\t\t\t\t\t<div class=\"elementor-container elementor-column-gap-default\">\n\t\t\t\t\t<div class=\"aux-parallax-section elementor-column elementor-col-33 elementor-top-column elementor-element elementor-element-ab81dd2\" data-id=\"ab81dd2\" data-element_type=\"column\">\n\t\t\t<div class=\"elementor-widget-wrap elementor-element-populated\">\n\t\t\t\t\t\t<div class=\"elementor-element elementor-element-3abf89d elementor-widget elementor-widget-image\" data-id=\"3abf89d\" data-element_type=\"widget\" data-widget_type=\"image.default\">\n\t\t\t\t<div class=\"elementor-widget-container\">\n\t\t\t\t\t\t\t\t\t\t\t\t\t\t\t\t<a href=\"https:\/\/www.afmontreal.ca\/temoignage-interculturel-la-litterature-francophone-au-quebec-un-pont-interculturel\/\">\n\t\t\t\t\t\t\t<img decoding=\"async\" width=\"1920\" height=\"1080\" src=\"https:\/\/www.afmontreal.ca\/wp-content\/uploads\/2023\/11\/Temoignage-Interculturel-La-litterature-francophone-au-Quebec-un-pont-interculturel.png\" class=\"attachment-full size-full wp-image-4017\" alt=\"Te\u0301moignage Interculturel - La litt\u00e9rature francophone au Qu\u00e9bec : un pont interculturel\" srcset=\"https:\/\/www.afmontreal.ca\/wp-content\/uploads\/2023\/11\/Temoignage-Interculturel-La-litterature-francophone-au-Quebec-un-pont-interculturel.png 1920w, https:\/\/www.afmontreal.ca\/wp-content\/uploads\/2023\/11\/Temoignage-Interculturel-La-litterature-francophone-au-Quebec-un-pont-interculturel-1536x864.png 1536w\" sizes=\"(max-width: 1920px) 100vw, 1920px\" \/>\t\t\t\t\t\t\t\t<\/a>\n\t\t\t\t\t\t\t\t\t\t\t\t\t\t\t<\/div>\n\t\t\t\t<\/div>\n\t\t\t\t\t<\/div>\n\t\t<\/div>\n\t\t\t\t<div class=\"aux-parallax-section elementor-column elementor-col-66 elementor-top-column elementor-element elementor-element-5c20999\" data-id=\"5c20999\" data-element_type=\"column\">\n\t\t\t<div class=\"elementor-widget-wrap elementor-element-populated\">\n\t\t\t\t\t\t<div class=\"elementor-element elementor-element-72a3fde elementor-widget elementor-widget-heading\" data-id=\"72a3fde\" data-element_type=\"widget\" data-widget_type=\"heading.default\">\n\t\t\t\t<div class=\"elementor-widget-container\">\n\t\t\t\t\t<h2 class=\"elementor-heading-title elementor-size-default\">Intercultural testimony\n<\/h2>\t\t\t\t<\/div>\n\t\t\t\t<\/div>\n\t\t\t\t<div class=\"elementor-element elementor-element-d6bcafe elementor-widget elementor-widget-text-editor\" data-id=\"d6bcafe\" data-element_type=\"widget\" data-widget_type=\"text-editor.default\">\n\t\t\t\t<div class=\"elementor-widget-container\">\n\t\t\t\t\t\t\t\t\t<p><b>French-speaking literature in Quebec: an intercultural bridge<\/b><\/p>\n\t\t\t\t\t\t\t\t<\/div>\n\t\t\t\t<\/div>\n\t\t\t\t<div class=\"elementor-element elementor-element-ea4ba49 elementor-widget elementor-widget-text-editor\" data-id=\"ea4ba49\" data-element_type=\"widget\" data-widget_type=\"text-editor.default\">\n\t\t\t\t<div class=\"elementor-widget-container\">\n\t\t\t\t\t\t\t\t\t<p>Meeting with two authors, the director of the Alliance Fran\u00e7aise de Mtl and an expert in intercultural who, through their commitment and their origins, allow us to better understand how the French language and literature are very intercultural links. powerful. From living better together to the essence of human encounter, how literature can enrich meaningful sharing and help build an intercultural space where everyone can take their place.<\/p>\n\t\t\t\t\t\t\t\t<\/div>\n\t\t\t\t<\/div>\n\t\t\t\t<div class=\"elementor-element elementor-element-24cdec3 elementor-widget elementor-widget-aux_modern_button\" data-id=\"24cdec3\" data-element_type=\"widget\" data-widget_type=\"aux_modern_button.default\">\n\t\t\t\t<div class=\"elementor-widget-container\">\n\t\t\t\t\t    <div class=\"aux-modern-button-wrapper aux-modern-button-align-left\" >\n                    <a class=\"aux-modern-button aux-black aux-modern-button-md aux-modern-button-round aux-modern-button-default aux-icon-\" href=\"https:\/\/www.afmontreal.ca\/temoignage-interculturel-la-litterature-francophone-au-quebec-un-pont-interculturel\/\">\n                <div class=\"aux-overlay\"><\/div>\n                                    <div class=\"aux-icon \">\n                                            <\/div>\n                                <div class=\"aux-text\">\n<span class=\"aux-text-before\">Discover<\/span>                <\/div>\n            <\/a>\n            \n    <\/div>\n\n    \t\t\t\t<\/div>\n\t\t\t\t<\/div>\n\t\t\t\t\t<\/div>\n\t\t<\/div>\n\t\t\t\t\t<\/div>\n\t\t<\/section>\n\t\t\t\t<\/div>\n\t\t","protected":false},"excerpt":{"rendered":"<p>Past culturals events the International Day of La Francophonie L&#8217;Alliance Fran\u00e7aise de Montr\u00e9al in collaboration with the Consulate General of France in Quebec, the Center of the Francophonie of the Americas, Francophonie without frontiers and the CINEMANIA Francophone Film Festival, the International Day of the Francophonie on March 20, 2024 in Montreal. This day will bring together all lovers of the French language, enthusiasts of French-speaking culture and the curious eager to discover the multiple facets of this rich linguistic diversity. Special programming will highlight the richness of the French language through a series of cultural, artistic and educational activities. Discover Intercultural testimony French-speaking literature in Quebec: an intercultural bridge Meeting with two authors, the director of the Alliance Fran\u00e7aise de Mtl and an expert in intercultural who, through their commitment and their origins, allow us to better understand how the French language and literature are very intercultural links. powerful. From living better together to the essence of human encounter, how literature can enrich meaningful sharing and help build an intercultural space where everyone can take their place. Discover<\/p>\n","protected":false},"author":1,"featured_media":0,"parent":0,"menu_order":0,"comment_status":"closed","ping_status":"closed","template":"","meta":{"_monsterinsights_skip_tracking":false,"_monsterinsights_sitenote_active":false,"_monsterinsights_sitenote_note":"","_monsterinsights_sitenote_category":0,"footnotes":""},"class_list":["post-5986","page","type-page","status-publish","hentry"],"yoast_head":"<!-- This site is optimized with the Yoast SEO plugin v27.4 - https:\/\/yoast.com\/product\/yoast-seo-wordpress\/ -->\n<title>Past culturals events - Alliance Fran\u00e7aise de Montr\u00e9al<\/title>\n<meta name=\"description\" content=\"Discover all the cultural events that took place at the Alliance fran\u00e7aise de Montr\u00e9al.\" \/>\n<meta name=\"robots\" content=\"index, follow, max-snippet:-1, max-image-preview:large, max-video-preview:-1\" \/>\n<link rel=\"canonical\" href=\"https:\/\/www.afmontreal.ca\/en\/past-culturals-events\/\" \/>\n<meta property=\"og:locale\" content=\"en_US\" \/>\n<meta property=\"og:type\" content=\"article\" \/>\n<meta property=\"og:title\" content=\"Past culturals events - Alliance Fran\u00e7aise de Montr\u00e9al\" \/>\n<meta property=\"og:description\" content=\"Discover all the cultural events that took place at the Alliance fran\u00e7aise de Montr\u00e9al.\" \/>\n<meta property=\"og:url\" content=\"https:\/\/www.afmontreal.ca\/en\/past-culturals-events\/\" \/>\n<meta property=\"og:site_name\" content=\"Alliance Fran\u00e7aise de Montr\u00e9al\" \/>\n<meta property=\"article:publisher\" content=\"https:\/\/www.facebook.com\/people\/Alliance-Franaise-de-Montral\/100094478126533\/\" \/>\n<meta property=\"article:modified_time\" content=\"2024-05-03T14:42:06+00:00\" \/>\n<meta property=\"og:image\" content=\"https:\/\/www.afmontreal.ca\/wp-content\/uploads\/2024\/03\/Entrevue.png\" \/>\n<meta name=\"twitter:card\" content=\"summary_large_image\" \/>\n<meta name=\"twitter:label1\" content=\"Est. reading time\" \/>\n\t<meta name=\"twitter:data1\" content=\"1 minute\" \/>\n<script type=\"application\/ld+json\" class=\"yoast-schema-graph\">{\"@context\":\"https:\\\/\\\/schema.org\",\"@graph\":[{\"@type\":\"WebPage\",\"@id\":\"https:\\\/\\\/www.afmontreal.ca\\\/en\\\/past-culturals-events\\\/\",\"url\":\"https:\\\/\\\/www.afmontreal.ca\\\/en\\\/past-culturals-events\\\/\",\"name\":\"Past culturals events - Alliance Fran\u00e7aise de Montr\u00e9al\",\"isPartOf\":{\"@id\":\"https:\\\/\\\/www.afmontreal.ca\\\/#website\"},\"primaryImageOfPage\":{\"@id\":\"https:\\\/\\\/www.afmontreal.ca\\\/en\\\/past-culturals-events\\\/#primaryimage\"},\"image\":{\"@id\":\"https:\\\/\\\/www.afmontreal.ca\\\/en\\\/past-culturals-events\\\/#primaryimage\"},\"thumbnailUrl\":\"https:\\\/\\\/www.afmontreal.ca\\\/wp-content\\\/uploads\\\/2024\\\/03\\\/Entrevue.png\",\"datePublished\":\"2024-05-03T13:13:30+00:00\",\"dateModified\":\"2024-05-03T14:42:06+00:00\",\"description\":\"Discover all the cultural events that took place at the Alliance fran\u00e7aise de Montr\u00e9al.\",\"breadcrumb\":{\"@id\":\"https:\\\/\\\/www.afmontreal.ca\\\/en\\\/past-culturals-events\\\/#breadcrumb\"},\"inLanguage\":\"en-US\",\"potentialAction\":[{\"@type\":\"ReadAction\",\"target\":[\"https:\\\/\\\/www.afmontreal.ca\\\/en\\\/past-culturals-events\\\/\"]}]},{\"@type\":\"ImageObject\",\"inLanguage\":\"en-US\",\"@id\":\"https:\\\/\\\/www.afmontreal.ca\\\/en\\\/past-culturals-events\\\/#primaryimage\",\"url\":\"https:\\\/\\\/www.afmontreal.ca\\\/wp-content\\\/uploads\\\/2024\\\/03\\\/Entrevue.png\",\"contentUrl\":\"https:\\\/\\\/www.afmontreal.ca\\\/wp-content\\\/uploads\\\/2024\\\/03\\\/Entrevue.png\"},{\"@type\":\"BreadcrumbList\",\"@id\":\"https:\\\/\\\/www.afmontreal.ca\\\/en\\\/past-culturals-events\\\/#breadcrumb\",\"itemListElement\":[{\"@type\":\"ListItem\",\"position\":1,\"name\":\"Accueil\",\"item\":\"https:\\\/\\\/www.afmontreal.ca\\\/\"},{\"@type\":\"ListItem\",\"position\":2,\"name\":\"Past culturals events\"}]},{\"@type\":\"WebSite\",\"@id\":\"https:\\\/\\\/www.afmontreal.ca\\\/#website\",\"url\":\"https:\\\/\\\/www.afmontreal.ca\\\/\",\"name\":\"Alliance Fran\u00e7aise de Montr\u00e9al\",\"description\":\"Alliance Fran\u00e7aise de Montr\u00e9al\",\"publisher\":{\"@id\":\"https:\\\/\\\/www.afmontreal.ca\\\/#organization\"},\"potentialAction\":[{\"@type\":\"SearchAction\",\"target\":{\"@type\":\"EntryPoint\",\"urlTemplate\":\"https:\\\/\\\/www.afmontreal.ca\\\/?s={search_term_string}\"},\"query-input\":{\"@type\":\"PropertyValueSpecification\",\"valueRequired\":true,\"valueName\":\"search_term_string\"}}],\"inLanguage\":\"en-US\"},{\"@type\":\"Organization\",\"@id\":\"https:\\\/\\\/www.afmontreal.ca\\\/#organization\",\"name\":\"Alliance Fran\u00e7aise de Montr\u00e9al\",\"url\":\"https:\\\/\\\/www.afmontreal.ca\\\/\",\"logo\":{\"@type\":\"ImageObject\",\"inLanguage\":\"en-US\",\"@id\":\"https:\\\/\\\/www.afmontreal.ca\\\/#\\\/schema\\\/logo\\\/image\\\/\",\"url\":\"https:\\\/\\\/www.afmontreal.ca\\\/wp-content\\\/uploads\\\/2020\\\/03\\\/logo-afmtl-2026max.png\",\"contentUrl\":\"https:\\\/\\\/www.afmontreal.ca\\\/wp-content\\\/uploads\\\/2020\\\/03\\\/logo-afmtl-2026max.png\",\"width\":1000,\"height\":400,\"caption\":\"Alliance Fran\u00e7aise de Montr\u00e9al\"},\"image\":{\"@id\":\"https:\\\/\\\/www.afmontreal.ca\\\/#\\\/schema\\\/logo\\\/image\\\/\"},\"sameAs\":[\"https:\\\/\\\/www.facebook.com\\\/people\\\/Alliance-Franaise-de-Montral\\\/100094478126533\\\/\",\"https:\\\/\\\/www.linkedin.com\\\/company\\\/alliance-francaise-de-montreal\\\/?viewAsMember=true\"]}]}<\/script>\n<!-- \/ Yoast SEO plugin. -->","yoast_head_json":{"title":"Past culturals events - Alliance Fran\u00e7aise de Montr\u00e9al","description":"Discover all the cultural events that took place at the Alliance fran\u00e7aise de Montr\u00e9al.","robots":{"index":"index","follow":"follow","max-snippet":"max-snippet:-1","max-image-preview":"max-image-preview:large","max-video-preview":"max-video-preview:-1"},"canonical":"https:\/\/www.afmontreal.ca\/en\/past-culturals-events\/","og_locale":"en_US","og_type":"article","og_title":"Past culturals events - Alliance Fran\u00e7aise de Montr\u00e9al","og_description":"Discover all the cultural events that took place at the Alliance fran\u00e7aise de Montr\u00e9al.","og_url":"https:\/\/www.afmontreal.ca\/en\/past-culturals-events\/","og_site_name":"Alliance Fran\u00e7aise de Montr\u00e9al","article_publisher":"https:\/\/www.facebook.com\/people\/Alliance-Franaise-de-Montral\/100094478126533\/","article_modified_time":"2024-05-03T14:42:06+00:00","og_image":[{"url":"https:\/\/www.afmontreal.ca\/wp-content\/uploads\/2024\/03\/Entrevue.png","type":"","width":"","height":""}],"twitter_card":"summary_large_image","twitter_misc":{"Est. reading time":"1 minute"},"schema":{"@context":"https:\/\/schema.org","@graph":[{"@type":"WebPage","@id":"https:\/\/www.afmontreal.ca\/en\/past-culturals-events\/","url":"https:\/\/www.afmontreal.ca\/en\/past-culturals-events\/","name":"Past culturals events - Alliance Fran\u00e7aise de Montr\u00e9al","isPartOf":{"@id":"https:\/\/www.afmontreal.ca\/#website"},"primaryImageOfPage":{"@id":"https:\/\/www.afmontreal.ca\/en\/past-culturals-events\/#primaryimage"},"image":{"@id":"https:\/\/www.afmontreal.ca\/en\/past-culturals-events\/#primaryimage"},"thumbnailUrl":"https:\/\/www.afmontreal.ca\/wp-content\/uploads\/2024\/03\/Entrevue.png","datePublished":"2024-05-03T13:13:30+00:00","dateModified":"2024-05-03T14:42:06+00:00","description":"Discover all the cultural events that took place at the Alliance fran\u00e7aise de Montr\u00e9al.","breadcrumb":{"@id":"https:\/\/www.afmontreal.ca\/en\/past-culturals-events\/#breadcrumb"},"inLanguage":"en-US","potentialAction":[{"@type":"ReadAction","target":["https:\/\/www.afmontreal.ca\/en\/past-culturals-events\/"]}]},{"@type":"ImageObject","inLanguage":"en-US","@id":"https:\/\/www.afmontreal.ca\/en\/past-culturals-events\/#primaryimage","url":"https:\/\/www.afmontreal.ca\/wp-content\/uploads\/2024\/03\/Entrevue.png","contentUrl":"https:\/\/www.afmontreal.ca\/wp-content\/uploads\/2024\/03\/Entrevue.png"},{"@type":"BreadcrumbList","@id":"https:\/\/www.afmontreal.ca\/en\/past-culturals-events\/#breadcrumb","itemListElement":[{"@type":"ListItem","position":1,"name":"Accueil","item":"https:\/\/www.afmontreal.ca\/"},{"@type":"ListItem","position":2,"name":"Past culturals events"}]},{"@type":"WebSite","@id":"https:\/\/www.afmontreal.ca\/#website","url":"https:\/\/www.afmontreal.ca\/","name":"Alliance Fran\u00e7aise de Montr\u00e9al","description":"Alliance Fran\u00e7aise de Montr\u00e9al","publisher":{"@id":"https:\/\/www.afmontreal.ca\/#organization"},"potentialAction":[{"@type":"SearchAction","target":{"@type":"EntryPoint","urlTemplate":"https:\/\/www.afmontreal.ca\/?s={search_term_string}"},"query-input":{"@type":"PropertyValueSpecification","valueRequired":true,"valueName":"search_term_string"}}],"inLanguage":"en-US"},{"@type":"Organization","@id":"https:\/\/www.afmontreal.ca\/#organization","name":"Alliance Fran\u00e7aise de Montr\u00e9al","url":"https:\/\/www.afmontreal.ca\/","logo":{"@type":"ImageObject","inLanguage":"en-US","@id":"https:\/\/www.afmontreal.ca\/#\/schema\/logo\/image\/","url":"https:\/\/www.afmontreal.ca\/wp-content\/uploads\/2020\/03\/logo-afmtl-2026max.png","contentUrl":"https:\/\/www.afmontreal.ca\/wp-content\/uploads\/2020\/03\/logo-afmtl-2026max.png","width":1000,"height":400,"caption":"Alliance Fran\u00e7aise de Montr\u00e9al"},"image":{"@id":"https:\/\/www.afmontreal.ca\/#\/schema\/logo\/image\/"},"sameAs":["https:\/\/www.facebook.com\/people\/Alliance-Franaise-de-Montral\/100094478126533\/","https:\/\/www.linkedin.com\/company\/alliance-francaise-de-montreal\/?viewAsMember=true"]}]}},"_links":{"self":[{"href":"https:\/\/www.afmontreal.ca\/en\/wp-json\/wp\/v2\/pages\/5986","targetHints":{"allow":["GET"]}}],"collection":[{"href":"https:\/\/www.afmontreal.ca\/en\/wp-json\/wp\/v2\/pages"}],"about":[{"href":"https:\/\/www.afmontreal.ca\/en\/wp-json\/wp\/v2\/types\/page"}],"author":[{"embeddable":true,"href":"https:\/\/www.afmontreal.ca\/en\/wp-json\/wp\/v2\/users\/1"}],"replies":[{"embeddable":true,"href":"https:\/\/www.afmontreal.ca\/en\/wp-json\/wp\/v2\/comments?post=5986"}],"version-history":[{"count":4,"href":"https:\/\/www.afmontreal.ca\/en\/wp-json\/wp\/v2\/pages\/5986\/revisions"}],"predecessor-version":[{"id":6008,"href":"https:\/\/www.afmontreal.ca\/en\/wp-json\/wp\/v2\/pages\/5986\/revisions\/6008"}],"wp:attachment":[{"href":"https:\/\/www.afmontreal.ca\/en\/wp-json\/wp\/v2\/media?parent=5986"}],"curies":[{"name":"wp","href":"https:\/\/api.w.org\/{rel}","templated":true}]}}