{"id":5982,"date":"2024-04-19T10:49:47","date_gmt":"2024-04-19T10:49:47","guid":{"rendered":"https:\/\/www.afmontreal.ca\/photo-library\/the-inter-alliances-challenge\/"},"modified":"2024-05-03T13:59:00","modified_gmt":"2024-05-03T13:59:00","slug":"the-inter-alliances-challenge","status":"publish","type":"page","link":"https:\/\/www.afmontreal.ca\/en\/the-inter-alliances-challenge\/","title":{"rendered":"The Inter-Alliances Challenge"},"content":{"rendered":"\t\t<div data-elementor-type=\"wp-post\" data-elementor-id=\"5982\" class=\"elementor elementor-5982 elementor-5771\" data-elementor-post-type=\"page\">\n\t\t\t\t\t\t<section class=\"elementor-section elementor-top-section elementor-element elementor-element-27e20006 elementor-section-stretched elementor-section-content-middle elementor-section-boxed elementor-section-height-default elementor-section-height-default wpr-particle-no wpr-jarallax-no wpr-parallax-no wpr-sticky-section-no wpr-equal-height-no\" data-id=\"27e20006\" data-element_type=\"section\" data-settings=\"{&quot;stretch_section&quot;:&quot;section-stretched&quot;,&quot;background_background&quot;:&quot;classic&quot;}\">\n\t\t\t\t\t\t<div class=\"elementor-container elementor-column-gap-no\">\n\t\t\t\t\t<div class=\"aux-parallax-section elementor-column elementor-col-100 elementor-top-column elementor-element elementor-element-7a2cddea aux-appear-watch-animation aux-fade-in-right\" data-id=\"7a2cddea\" data-element_type=\"column\" data-settings=\"{&quot;background_background&quot;:&quot;classic&quot;}\">\n\t\t\t<div class=\"elementor-widget-wrap elementor-element-populated\">\n\t\t\t\t\t\t<div class=\"elementor-element elementor-element-31659d68 elementor-widget__width-auto elementor-widget elementor-widget-aux_modern_heading\" data-id=\"31659d68\" data-element_type=\"widget\" data-widget_type=\"aux_modern_heading.default\">\n\t\t\t\t<div class=\"elementor-widget-container\">\n\t\t\t\t\t<section class=\"aux-widget-modern-heading\">\n            <div class=\"aux-widget-inner\"><h1 class=\"aux-modern-heading-primary\">The Inter-Alliances Challenge <\/h1><\/div>\n        <\/section>\t\t\t\t<\/div>\n\t\t\t\t<\/div>\n\t\t\t\t\t<\/div>\n\t\t<\/div>\n\t\t\t\t\t<\/div>\n\t\t<\/section>\n\t\t\t\t<section class=\"elementor-section elementor-top-section elementor-element elementor-element-78a25ab elementor-section-boxed elementor-section-height-default elementor-section-height-default wpr-particle-no wpr-jarallax-no wpr-parallax-no wpr-sticky-section-no wpr-equal-height-no\" data-id=\"78a25ab\" data-element_type=\"section\">\n\t\t\t\t\t\t<div class=\"elementor-container elementor-column-gap-default\">\n\t\t\t\t\t<div class=\"aux-parallax-section elementor-column elementor-col-50 elementor-top-column elementor-element elementor-element-f7f9d42\" data-id=\"f7f9d42\" data-element_type=\"column\">\n\t\t\t<div class=\"elementor-widget-wrap elementor-element-populated\">\n\t\t\t\t\t\t<div class=\"elementor-element elementor-element-3e76890 elementor-widget elementor-widget-image\" data-id=\"3e76890\" data-element_type=\"widget\" data-widget_type=\"image.default\">\n\t\t\t\t<div class=\"elementor-widget-container\">\n\t\t\t\t\t\t\t\t\t\t\t\t\t\t\t<img fetchpriority=\"high\" decoding=\"async\" width=\"1024\" height=\"1024\" src=\"https:\/\/www.afmontreal.ca\/wp-content\/uploads\/2024\/04\/Defi-Inter-Alliances-Affiche-Canada-1024x1024.png\" class=\"attachment-large size-large wp-image-5773\" alt=\"\" srcset=\"https:\/\/www.afmontreal.ca\/wp-content\/uploads\/2024\/04\/Defi-Inter-Alliances-Affiche-Canada-1024x1024.png 1024w, https:\/\/www.afmontreal.ca\/wp-content\/uploads\/2024\/04\/Defi-Inter-Alliances-Affiche-Canada-300x300.png 300w, https:\/\/www.afmontreal.ca\/wp-content\/uploads\/2024\/04\/Defi-Inter-Alliances-Affiche-Canada-150x150.png 150w, https:\/\/www.afmontreal.ca\/wp-content\/uploads\/2024\/04\/Defi-Inter-Alliances-Affiche-Canada-768x768.png 768w\" sizes=\"(max-width: 1024px) 100vw, 1024px\" \/>\t\t\t\t\t\t\t\t\t\t\t\t\t\t\t<\/div>\n\t\t\t\t<\/div>\n\t\t\t\t\t<\/div>\n\t\t<\/div>\n\t\t\t\t<div class=\"aux-parallax-section elementor-column elementor-col-50 elementor-top-column elementor-element elementor-element-d720c14\" data-id=\"d720c14\" data-element_type=\"column\">\n\t\t\t<div class=\"elementor-widget-wrap elementor-element-populated\">\n\t\t\t\t\t\t<div class=\"elementor-element elementor-element-456721c elementor-widget elementor-widget-text-editor\" data-id=\"456721c\" data-element_type=\"widget\" data-widget_type=\"text-editor.default\">\n\t\t\t\t<div class=\"elementor-widget-container\">\n\t\t\t\t\t\t\t\t\t<p><strong>The Inter-Alliances Challenge is a quiz in French that focuses on French-speaking culture. Alliances Fran\u00e7aises students from around the world compete to win the grand prize: up to 6 winners will enjoy a trip to Paris!*<\/strong><\/p>\n<p>We also have prizes for the winners of the Canadian test : <strong>a $300 credit for the two best participants<\/strong> to be used towards a course or a DELF\/DALF type exam within the Alliance Fran\u00e7aise de Montr\u00e9al.<\/p>\n<p>In addition to the trip to Paris up for grabs, the Challenge is a fun way to practice your French, test your knowledge of French culture, connect with students from other classes, and proudly represent Montreal and Canada in a international competition!<\/p>\n\t\t\t\t\t\t\t\t<\/div>\n\t\t\t\t<\/div>\n\t\t\t\t<div class=\"elementor-element elementor-element-4067b3e elementor-widget elementor-widget-text-editor\" data-id=\"4067b3e\" data-element_type=\"widget\" data-widget_type=\"text-editor.default\">\n\t\t\t\t<div class=\"elementor-widget-container\">\n\t\t\t\t\t\t\t\t\t<p><strong>The 2024 competition consists of four rounds :<\/strong><\/p>\n\t\t\t\t\t\t\t\t<\/div>\n\t\t\t\t<\/div>\n\t\t\t\t<div class=\"elementor-element elementor-element-211766f elementor-widget elementor-widget-aux_accordion\" data-id=\"211766f\" data-element_type=\"widget\" data-widget_type=\"aux_accordion.default\">\n\t\t\t\t<div class=\"elementor-widget-container\">\n\t\t\t\t\t<section class=\"widget-container aux-widget-accordion widget-toggle aux-parent-au9330eef2\" style=\"\" ><div class=\"widget-inner  aux-type-toggle\" data-toggle=\"true\"><section class=\"aux-toggle-item\"><h5 id=\"aux-toggle-header-3461\" class=\"aux-toggle-header toggle-header\" tabindex=\"3461\" role=\"tab\" aria-controls=\"aux-toggle-content-3461\" >Round 1: CANADIAN NATIONAL SELECTION<\/h5><div id=\"aux-toggle-content-3461\" class=\"aux-toggle-content toggle-content\" tabindex=\"3461\" role=\"tabpanel\" aria-labelledby=\"aux-toggle-header-3461\" ><p>Saturday, May 4 at 4 p.m., at the Alliance Fran\u00e7aise de Montr\u00e9al.\n<\/p><\/div><\/section><section class=\"aux-toggle-item\"><h5 id=\"aux-toggle-header-3462\" class=\"aux-toggle-header toggle-header\" tabindex=\"3462\" role=\"tab\" aria-controls=\"aux-toggle-content-3462\" >Round 2 : SELECTION OF NORTH AMERICA &amp; CARIBBEAN GEOGRAPHIC ZONES<\/h5><div id=\"aux-toggle-content-3462\" class=\"aux-toggle-content toggle-content\" tabindex=\"3462\" role=\"tabpanel\" aria-labelledby=\"aux-toggle-header-3462\" ><p>Saturday June 1, at 2 p.m., online.\n<\/p><\/div><\/section><section class=\"aux-toggle-item\"><h5 id=\"aux-toggle-header-3463\" class=\"aux-toggle-header toggle-header\" tabindex=\"3463\" role=\"tab\" aria-controls=\"aux-toggle-content-3463\" >Round 3: INTERNATIONAL FINAL<\/h5><div id=\"aux-toggle-content-3463\" class=\"aux-toggle-content toggle-content\" tabindex=\"3463\" role=\"tabpanel\" aria-labelledby=\"aux-toggle-header-3463\" ><p>Tuesday October 1st at the Th\u00e9\u00e2tre de l'Alliance Fran\u00e7aise (Paris), time to be confirmed.\n<\/p><\/div><\/section><\/div><\/section><!-- widget-container -->\t\t\t\t<\/div>\n\t\t\t\t<\/div>\n\t\t\t\t<div class=\"elementor-element elementor-element-8a363d6 elementor-widget elementor-widget-text-editor\" data-id=\"8a363d6\" data-element_type=\"widget\" data-widget_type=\"text-editor.default\">\n\t\t\t\t<div class=\"elementor-widget-container\">\n\t\t\t\t\t\t\t\t\t<ul>\n<li>The two candidates with the highest scores from the local and national selections will advance to the next round.<\/li>\n<li>The best performing candidate in the geographical area selection will travel to Paris and compete in the international final.<\/li>\n<\/ul>\n\t\t\t\t\t\t\t\t<\/div>\n\t\t\t\t<\/div>\n\t\t\t\t<div class=\"elementor-element elementor-element-915be05 elementor-widget elementor-widget-text-editor\" data-id=\"915be05\" data-element_type=\"widget\" data-widget_type=\"text-editor.default\">\n\t\t\t\t<div class=\"elementor-widget-container\">\n\t\t\t\t\t\t\t\t\t<p>Be aware of the terms<\/p>\n<p>The competition is open to all current AF Montreal students at level A2 and above, aged 18 and over. The candidate must have a working mobile phone for the first test, and must ensure they are available for each of the Challenge dates. If selected for the trip to Paris, the student will have to pay the Visa fees for France.<\/p>\n<p><strong>Registrations close on Monday April 29.<\/strong><\/p>\n<p>*Conditions apply. See the <a href=\"https:\/\/www.afmontreal.ca\/wp-content\/uploads\/2024\/04\/Reglement_du_DEFI_Inter-Alliances_2024_AFMTL_24avril2024.pdf\">competition rules <\/a> [PDF format, 82 ko].<\/p>\n\t\t\t\t\t\t\t\t<\/div>\n\t\t\t\t<\/div>\n\t\t\t\t\t<\/div>\n\t\t<\/div>\n\t\t\t\t\t<\/div>\n\t\t<\/section>\n\t\t\t\t<section class=\"elementor-section elementor-top-section elementor-element elementor-element-61a69da elementor-section-boxed elementor-section-height-default elementor-section-height-default wpr-particle-no wpr-jarallax-no wpr-parallax-no wpr-sticky-section-no wpr-equal-height-no\" data-id=\"61a69da\" data-element_type=\"section\">\n\t\t\t\t\t\t<div class=\"elementor-container elementor-column-gap-default\">\n\t\t\t\t\t<div class=\"aux-parallax-section elementor-column elementor-col-100 elementor-top-column elementor-element elementor-element-4173840\" data-id=\"4173840\" data-element_type=\"column\">\n\t\t\t<div class=\"elementor-widget-wrap elementor-element-populated\">\n\t\t\t\t\t\t<div class=\"elementor-element elementor-element-8f0f8ea elementor-align-center elementor-widget elementor-widget-button\" data-id=\"8f0f8ea\" data-element_type=\"widget\" data-widget_type=\"button.default\">\n\t\t\t\t<div class=\"elementor-widget-container\">\n\t\t\t\t\t\t\t\t\t<div class=\"elementor-button-wrapper\">\n\t\t\t\t\t<a class=\"elementor-button elementor-button-link elementor-size-sm\" href=\"https:\/\/afmontreal.extranet-aec.com\/events\/detail\/106\">\n\t\t\t\t\t\t<span class=\"elementor-button-content-wrapper\">\n\t\t\t\t\t\t\t\t\t<span class=\"elementor-button-text\">Register for the competition<\/span>\n\t\t\t\t\t<\/span>\n\t\t\t\t\t<\/a>\n\t\t\t\t<\/div>\n\t\t\t\t\t\t\t\t<\/div>\n\t\t\t\t<\/div>\n\t\t\t\t\t<\/div>\n\t\t<\/div>\n\t\t\t\t\t<\/div>\n\t\t<\/section>\n\t\t\t\t<section class=\"elementor-section elementor-top-section elementor-element elementor-element-3b45b24 elementor-section-boxed elementor-section-height-default elementor-section-height-default wpr-particle-no wpr-jarallax-no wpr-parallax-no wpr-sticky-section-no wpr-equal-height-no\" data-id=\"3b45b24\" data-element_type=\"section\">\n\t\t\t\t\t\t<div class=\"elementor-container elementor-column-gap-default\">\n\t\t\t\t\t<div class=\"aux-parallax-section elementor-column elementor-col-100 elementor-top-column elementor-element elementor-element-f305fd7\" data-id=\"f305fd7\" data-element_type=\"column\">\n\t\t\t<div class=\"elementor-widget-wrap\">\n\t\t\t\t\t\t\t<\/div>\n\t\t<\/div>\n\t\t\t\t\t<\/div>\n\t\t<\/section>\n\t\t\t\t<\/div>\n\t\t","protected":false},"excerpt":{"rendered":"<p>The Inter-Alliances Challenge is a quiz in French that focuses on French-speaking culture. Alliances Fran\u00e7aises students from around the world compete to win the grand prize : up to 6 winners will enjoy a trip to Paris!<\/p>\n","protected":false},"author":4,"featured_media":18710,"parent":0,"menu_order":0,"comment_status":"closed","ping_status":"closed","template":"","meta":{"_monsterinsights_skip_tracking":false,"_monsterinsights_sitenote_active":false,"_monsterinsights_sitenote_note":"","_monsterinsights_sitenote_category":0,"footnotes":""},"class_list":["post-5982","page","type-page","status-publish","has-post-thumbnail","hentry"],"yoast_head":"<!-- This site is optimized with the Yoast SEO plugin v27.4 - https:\/\/yoast.com\/product\/yoast-seo-wordpress\/ -->\n<title>The Inter-Alliances Challenge - Alliance Fran\u00e7aise de Montr\u00e9al<\/title>\n<meta name=\"description\" content=\"The Inter-Alliances Challenge is a quiz in French that focuses on French-speaking culture. Alliances Fran\u00e7aises students from around the world compete to win a trip to Paris!\" \/>\n<meta name=\"robots\" content=\"index, follow, max-snippet:-1, max-image-preview:large, max-video-preview:-1\" \/>\n<link rel=\"canonical\" href=\"https:\/\/www.afmontreal.ca\/en\/photo-library__trashed\/the-inter-alliances-challenge\/\" \/>\n<meta property=\"og:locale\" content=\"en_US\" \/>\n<meta property=\"og:type\" content=\"article\" \/>\n<meta property=\"og:title\" content=\"The Inter-Alliances Challenge - Alliance Fran\u00e7aise de Montr\u00e9al\" \/>\n<meta property=\"og:description\" content=\"The Inter-Alliances Challenge is a quiz in French that focuses on French-speaking culture. Alliances Fran\u00e7aises students from around the world compete to win a trip to Paris!\" \/>\n<meta property=\"og:url\" content=\"https:\/\/www.afmontreal.ca\/en\/photo-library__trashed\/the-inter-alliances-challenge\/\" \/>\n<meta property=\"og:site_name\" content=\"Alliance Fran\u00e7aise de Montr\u00e9al\" \/>\n<meta property=\"article:publisher\" content=\"https:\/\/www.facebook.com\/people\/Alliance-Franaise-de-Montral\/100094478126533\/\" \/>\n<meta property=\"article:modified_time\" content=\"2024-05-03T13:59:00+00:00\" \/>\n<meta property=\"og:image\" content=\"https:\/\/www.afmontreal.ca\/wp-content\/uploads\/2024\/04\/Defi-InterAlliances-2024-carre.png\" \/>\n\t<meta property=\"og:image:width\" content=\"1080\" \/>\n\t<meta property=\"og:image:height\" content=\"1080\" \/>\n\t<meta property=\"og:image:type\" content=\"image\/png\" \/>\n<meta name=\"twitter:card\" content=\"summary_large_image\" \/>\n<meta name=\"twitter:label1\" content=\"Est. reading time\" \/>\n\t<meta name=\"twitter:data1\" content=\"1 minute\" \/>\n<script type=\"application\/ld+json\" class=\"yoast-schema-graph\">{\"@context\":\"https:\\\/\\\/schema.org\",\"@graph\":[{\"@type\":\"WebPage\",\"@id\":\"https:\\\/\\\/www.afmontreal.ca\\\/en\\\/photo-library__trashed\\\/the-inter-alliances-challenge\\\/\",\"url\":\"https:\\\/\\\/www.afmontreal.ca\\\/en\\\/photo-library__trashed\\\/the-inter-alliances-challenge\\\/\",\"name\":\"The Inter-Alliances Challenge - Alliance Fran\u00e7aise de Montr\u00e9al\",\"isPartOf\":{\"@id\":\"https:\\\/\\\/www.afmontreal.ca\\\/#website\"},\"primaryImageOfPage\":{\"@id\":\"https:\\\/\\\/www.afmontreal.ca\\\/en\\\/photo-library__trashed\\\/the-inter-alliances-challenge\\\/#primaryimage\"},\"image\":{\"@id\":\"https:\\\/\\\/www.afmontreal.ca\\\/en\\\/photo-library__trashed\\\/the-inter-alliances-challenge\\\/#primaryimage\"},\"thumbnailUrl\":\"https:\\\/\\\/www.afmontreal.ca\\\/wp-content\\\/uploads\\\/2026\\\/03\\\/Le-DEFI-Inter-Alliances.png\",\"datePublished\":\"2024-04-19T10:49:47+00:00\",\"dateModified\":\"2024-05-03T13:59:00+00:00\",\"description\":\"The Inter-Alliances Challenge is a quiz in French that focuses on French-speaking culture. Alliances Fran\u00e7aises students from around the world compete to win a trip to Paris!\",\"breadcrumb\":{\"@id\":\"https:\\\/\\\/www.afmontreal.ca\\\/en\\\/photo-library__trashed\\\/the-inter-alliances-challenge\\\/#breadcrumb\"},\"inLanguage\":\"en-US\",\"potentialAction\":[{\"@type\":\"ReadAction\",\"target\":[\"https:\\\/\\\/www.afmontreal.ca\\\/en\\\/photo-library__trashed\\\/the-inter-alliances-challenge\\\/\"]}]},{\"@type\":\"ImageObject\",\"inLanguage\":\"en-US\",\"@id\":\"https:\\\/\\\/www.afmontreal.ca\\\/en\\\/photo-library__trashed\\\/the-inter-alliances-challenge\\\/#primaryimage\",\"url\":\"https:\\\/\\\/www.afmontreal.ca\\\/wp-content\\\/uploads\\\/2026\\\/03\\\/Le-DEFI-Inter-Alliances.png\",\"contentUrl\":\"https:\\\/\\\/www.afmontreal.ca\\\/wp-content\\\/uploads\\\/2026\\\/03\\\/Le-DEFI-Inter-Alliances.png\",\"width\":1200,\"height\":630,\"caption\":\"Le D\u00c9FI Inter-Alliances\"},{\"@type\":\"BreadcrumbList\",\"@id\":\"https:\\\/\\\/www.afmontreal.ca\\\/en\\\/photo-library__trashed\\\/the-inter-alliances-challenge\\\/#breadcrumb\",\"itemListElement\":[{\"@type\":\"ListItem\",\"position\":1,\"name\":\"Accueil\",\"item\":\"https:\\\/\\\/www.afmontreal.ca\\\/\"},{\"@type\":\"ListItem\",\"position\":2,\"name\":\"The Inter-Alliances Challenge\"}]},{\"@type\":\"WebSite\",\"@id\":\"https:\\\/\\\/www.afmontreal.ca\\\/#website\",\"url\":\"https:\\\/\\\/www.afmontreal.ca\\\/\",\"name\":\"Alliance Fran\u00e7aise de Montr\u00e9al\",\"description\":\"Alliance Fran\u00e7aise de Montr\u00e9al\",\"publisher\":{\"@id\":\"https:\\\/\\\/www.afmontreal.ca\\\/#organization\"},\"potentialAction\":[{\"@type\":\"SearchAction\",\"target\":{\"@type\":\"EntryPoint\",\"urlTemplate\":\"https:\\\/\\\/www.afmontreal.ca\\\/?s={search_term_string}\"},\"query-input\":{\"@type\":\"PropertyValueSpecification\",\"valueRequired\":true,\"valueName\":\"search_term_string\"}}],\"inLanguage\":\"en-US\"},{\"@type\":\"Organization\",\"@id\":\"https:\\\/\\\/www.afmontreal.ca\\\/#organization\",\"name\":\"Alliance Fran\u00e7aise de Montr\u00e9al\",\"url\":\"https:\\\/\\\/www.afmontreal.ca\\\/\",\"logo\":{\"@type\":\"ImageObject\",\"inLanguage\":\"en-US\",\"@id\":\"https:\\\/\\\/www.afmontreal.ca\\\/#\\\/schema\\\/logo\\\/image\\\/\",\"url\":\"https:\\\/\\\/www.afmontreal.ca\\\/wp-content\\\/uploads\\\/2020\\\/03\\\/logo-afmtl-2026max.png\",\"contentUrl\":\"https:\\\/\\\/www.afmontreal.ca\\\/wp-content\\\/uploads\\\/2020\\\/03\\\/logo-afmtl-2026max.png\",\"width\":1000,\"height\":400,\"caption\":\"Alliance Fran\u00e7aise de Montr\u00e9al\"},\"image\":{\"@id\":\"https:\\\/\\\/www.afmontreal.ca\\\/#\\\/schema\\\/logo\\\/image\\\/\"},\"sameAs\":[\"https:\\\/\\\/www.facebook.com\\\/people\\\/Alliance-Franaise-de-Montral\\\/100094478126533\\\/\",\"https:\\\/\\\/www.linkedin.com\\\/company\\\/alliance-francaise-de-montreal\\\/?viewAsMember=true\"]}]}<\/script>\n<!-- \/ Yoast SEO plugin. -->","yoast_head_json":{"title":"The Inter-Alliances Challenge - Alliance Fran\u00e7aise de Montr\u00e9al","description":"The Inter-Alliances Challenge is a quiz in French that focuses on French-speaking culture. Alliances Fran\u00e7aises students from around the world compete to win a trip to Paris!","robots":{"index":"index","follow":"follow","max-snippet":"max-snippet:-1","max-image-preview":"max-image-preview:large","max-video-preview":"max-video-preview:-1"},"canonical":"https:\/\/www.afmontreal.ca\/en\/photo-library__trashed\/the-inter-alliances-challenge\/","og_locale":"en_US","og_type":"article","og_title":"The Inter-Alliances Challenge - Alliance Fran\u00e7aise de Montr\u00e9al","og_description":"The Inter-Alliances Challenge is a quiz in French that focuses on French-speaking culture. Alliances Fran\u00e7aises students from around the world compete to win a trip to Paris!","og_url":"https:\/\/www.afmontreal.ca\/en\/photo-library__trashed\/the-inter-alliances-challenge\/","og_site_name":"Alliance Fran\u00e7aise de Montr\u00e9al","article_publisher":"https:\/\/www.facebook.com\/people\/Alliance-Franaise-de-Montral\/100094478126533\/","article_modified_time":"2024-05-03T13:59:00+00:00","og_image":[{"width":1080,"height":1080,"url":"https:\/\/www.afmontreal.ca\/wp-content\/uploads\/2024\/04\/Defi-InterAlliances-2024-carre.png","type":"image\/png"}],"twitter_card":"summary_large_image","twitter_misc":{"Est. reading time":"1 minute"},"schema":{"@context":"https:\/\/schema.org","@graph":[{"@type":"WebPage","@id":"https:\/\/www.afmontreal.ca\/en\/photo-library__trashed\/the-inter-alliances-challenge\/","url":"https:\/\/www.afmontreal.ca\/en\/photo-library__trashed\/the-inter-alliances-challenge\/","name":"The Inter-Alliances Challenge - Alliance Fran\u00e7aise de Montr\u00e9al","isPartOf":{"@id":"https:\/\/www.afmontreal.ca\/#website"},"primaryImageOfPage":{"@id":"https:\/\/www.afmontreal.ca\/en\/photo-library__trashed\/the-inter-alliances-challenge\/#primaryimage"},"image":{"@id":"https:\/\/www.afmontreal.ca\/en\/photo-library__trashed\/the-inter-alliances-challenge\/#primaryimage"},"thumbnailUrl":"https:\/\/www.afmontreal.ca\/wp-content\/uploads\/2026\/03\/Le-DEFI-Inter-Alliances.png","datePublished":"2024-04-19T10:49:47+00:00","dateModified":"2024-05-03T13:59:00+00:00","description":"The Inter-Alliances Challenge is a quiz in French that focuses on French-speaking culture. Alliances Fran\u00e7aises students from around the world compete to win a trip to Paris!","breadcrumb":{"@id":"https:\/\/www.afmontreal.ca\/en\/photo-library__trashed\/the-inter-alliances-challenge\/#breadcrumb"},"inLanguage":"en-US","potentialAction":[{"@type":"ReadAction","target":["https:\/\/www.afmontreal.ca\/en\/photo-library__trashed\/the-inter-alliances-challenge\/"]}]},{"@type":"ImageObject","inLanguage":"en-US","@id":"https:\/\/www.afmontreal.ca\/en\/photo-library__trashed\/the-inter-alliances-challenge\/#primaryimage","url":"https:\/\/www.afmontreal.ca\/wp-content\/uploads\/2026\/03\/Le-DEFI-Inter-Alliances.png","contentUrl":"https:\/\/www.afmontreal.ca\/wp-content\/uploads\/2026\/03\/Le-DEFI-Inter-Alliances.png","width":1200,"height":630,"caption":"Le D\u00c9FI Inter-Alliances"},{"@type":"BreadcrumbList","@id":"https:\/\/www.afmontreal.ca\/en\/photo-library__trashed\/the-inter-alliances-challenge\/#breadcrumb","itemListElement":[{"@type":"ListItem","position":1,"name":"Accueil","item":"https:\/\/www.afmontreal.ca\/"},{"@type":"ListItem","position":2,"name":"The Inter-Alliances Challenge"}]},{"@type":"WebSite","@id":"https:\/\/www.afmontreal.ca\/#website","url":"https:\/\/www.afmontreal.ca\/","name":"Alliance Fran\u00e7aise de Montr\u00e9al","description":"Alliance Fran\u00e7aise de Montr\u00e9al","publisher":{"@id":"https:\/\/www.afmontreal.ca\/#organization"},"potentialAction":[{"@type":"SearchAction","target":{"@type":"EntryPoint","urlTemplate":"https:\/\/www.afmontreal.ca\/?s={search_term_string}"},"query-input":{"@type":"PropertyValueSpecification","valueRequired":true,"valueName":"search_term_string"}}],"inLanguage":"en-US"},{"@type":"Organization","@id":"https:\/\/www.afmontreal.ca\/#organization","name":"Alliance Fran\u00e7aise de Montr\u00e9al","url":"https:\/\/www.afmontreal.ca\/","logo":{"@type":"ImageObject","inLanguage":"en-US","@id":"https:\/\/www.afmontreal.ca\/#\/schema\/logo\/image\/","url":"https:\/\/www.afmontreal.ca\/wp-content\/uploads\/2020\/03\/logo-afmtl-2026max.png","contentUrl":"https:\/\/www.afmontreal.ca\/wp-content\/uploads\/2020\/03\/logo-afmtl-2026max.png","width":1000,"height":400,"caption":"Alliance Fran\u00e7aise de Montr\u00e9al"},"image":{"@id":"https:\/\/www.afmontreal.ca\/#\/schema\/logo\/image\/"},"sameAs":["https:\/\/www.facebook.com\/people\/Alliance-Franaise-de-Montral\/100094478126533\/","https:\/\/www.linkedin.com\/company\/alliance-francaise-de-montreal\/?viewAsMember=true"]}]}},"_links":{"self":[{"href":"https:\/\/www.afmontreal.ca\/en\/wp-json\/wp\/v2\/pages\/5982","targetHints":{"allow":["GET"]}}],"collection":[{"href":"https:\/\/www.afmontreal.ca\/en\/wp-json\/wp\/v2\/pages"}],"about":[{"href":"https:\/\/www.afmontreal.ca\/en\/wp-json\/wp\/v2\/types\/page"}],"author":[{"embeddable":true,"href":"https:\/\/www.afmontreal.ca\/en\/wp-json\/wp\/v2\/users\/4"}],"replies":[{"embeddable":true,"href":"https:\/\/www.afmontreal.ca\/en\/wp-json\/wp\/v2\/comments?post=5982"}],"version-history":[{"count":1,"href":"https:\/\/www.afmontreal.ca\/en\/wp-json\/wp\/v2\/pages\/5982\/revisions"}],"predecessor-version":[{"id":5983,"href":"https:\/\/www.afmontreal.ca\/en\/wp-json\/wp\/v2\/pages\/5982\/revisions\/5983"}],"wp:featuredmedia":[{"embeddable":true,"href":"https:\/\/www.afmontreal.ca\/en\/wp-json\/wp\/v2\/media\/18710"}],"wp:attachment":[{"href":"https:\/\/www.afmontreal.ca\/en\/wp-json\/wp\/v2\/media?parent=5982"}],"curies":[{"name":"wp","href":"https:\/\/api.w.org\/{rel}","templated":true}]}}