{"id":5977,"date":"2024-03-08T06:00:52","date_gmt":"2024-03-08T06:00:52","guid":{"rendered":"https:\/\/www.afmontreal.ca\/photo-library\/the-international-day-of-la-francophonie\/"},"modified":"2024-05-03T13:59:29","modified_gmt":"2024-05-03T13:59:29","slug":"the-international-day-of-la-francophonie","status":"publish","type":"page","link":"https:\/\/www.afmontreal.ca\/en\/the-international-day-of-la-francophonie\/","title":{"rendered":"the International Day of La Francophonie"},"content":{"rendered":"\t\t<div data-elementor-type=\"wp-post\" data-elementor-id=\"5977\" class=\"elementor elementor-5977 elementor-4817\" data-elementor-post-type=\"page\">\n\t\t\t\t\t\t<section class=\"elementor-section elementor-top-section elementor-element elementor-element-27e20006 elementor-section-stretched elementor-section-content-middle elementor-section-boxed elementor-section-height-default elementor-section-height-default wpr-particle-no wpr-jarallax-no wpr-parallax-no wpr-sticky-section-no wpr-equal-height-no\" data-id=\"27e20006\" data-element_type=\"section\" data-settings=\"{&quot;stretch_section&quot;:&quot;section-stretched&quot;,&quot;background_background&quot;:&quot;classic&quot;}\">\n\t\t\t\t\t\t<div class=\"elementor-container elementor-column-gap-no\">\n\t\t\t\t\t<div class=\"aux-parallax-section elementor-column elementor-col-100 elementor-top-column elementor-element elementor-element-7a2cddea aux-appear-watch-animation aux-fade-in-right\" data-id=\"7a2cddea\" data-element_type=\"column\" data-settings=\"{&quot;background_background&quot;:&quot;classic&quot;}\">\n\t\t\t<div class=\"elementor-widget-wrap elementor-element-populated\">\n\t\t\t\t\t\t<div class=\"elementor-element elementor-element-31659d68 elementor-widget__width-auto elementor-widget elementor-widget-aux_modern_heading\" data-id=\"31659d68\" data-element_type=\"widget\" data-widget_type=\"aux_modern_heading.default\">\n\t\t\t\t<div class=\"elementor-widget-container\">\n\t\t\t\t\t<section class=\"aux-widget-modern-heading\">\n            <div class=\"aux-widget-inner\"><h1 class=\"aux-modern-heading-primary\">Cultural events<\/h1><\/div>\n        <\/section>\t\t\t\t<\/div>\n\t\t\t\t<\/div>\n\t\t\t\t\t<\/div>\n\t\t<\/div>\n\t\t\t\t\t<\/div>\n\t\t<\/section>\n\t\t\t\t<section class=\"elementor-section elementor-top-section elementor-element elementor-element-78a25ab elementor-section-boxed elementor-section-height-default elementor-section-height-default wpr-particle-no wpr-jarallax-no wpr-parallax-no wpr-sticky-section-no wpr-equal-height-no\" data-id=\"78a25ab\" data-element_type=\"section\">\n\t\t\t\t\t\t<div class=\"elementor-container elementor-column-gap-default\">\n\t\t\t\t\t<div class=\"aux-parallax-section elementor-column elementor-col-33 elementor-top-column elementor-element elementor-element-f7f9d42\" data-id=\"f7f9d42\" data-element_type=\"column\">\n\t\t\t<div class=\"elementor-widget-wrap elementor-element-populated\">\n\t\t\t\t\t\t<div class=\"elementor-element elementor-element-3e76890 elementor-widget elementor-widget-image\" data-id=\"3e76890\" data-element_type=\"widget\" data-widget_type=\"image.default\">\n\t\t\t\t<div class=\"elementor-widget-container\">\n\t\t\t\t\t\t\t\t\t\t\t\t\t\t\t<img fetchpriority=\"high\" decoding=\"async\" width=\"1024\" height=\"1024\" src=\"https:\/\/www.afmontreal.ca\/wp-content\/uploads\/2024\/03\/La-Journee-internationale-de-la-Francophonie-Square-v1-1024x1024.png\" class=\"attachment-large size-large wp-image-4873\" alt=\"\" srcset=\"https:\/\/www.afmontreal.ca\/wp-content\/uploads\/2024\/03\/La-Journee-internationale-de-la-Francophonie-Square-v1-1024x1024.png 1024w, https:\/\/www.afmontreal.ca\/wp-content\/uploads\/2024\/03\/La-Journee-internationale-de-la-Francophonie-Square-v1-300x300.png 300w, https:\/\/www.afmontreal.ca\/wp-content\/uploads\/2024\/03\/La-Journee-internationale-de-la-Francophonie-Square-v1-150x150.png 150w, https:\/\/www.afmontreal.ca\/wp-content\/uploads\/2024\/03\/La-Journee-internationale-de-la-Francophonie-Square-v1-768x768.png 768w, https:\/\/www.afmontreal.ca\/wp-content\/uploads\/2024\/03\/La-Journee-internationale-de-la-Francophonie-Square-v1.png 1080w\" sizes=\"(max-width: 1024px) 100vw, 1024px\" \/>\t\t\t\t\t\t\t\t\t\t\t\t\t\t\t<\/div>\n\t\t\t\t<\/div>\n\t\t\t\t\t<\/div>\n\t\t<\/div>\n\t\t\t\t<div class=\"aux-parallax-section elementor-column elementor-col-33 elementor-top-column elementor-element elementor-element-d720c14\" data-id=\"d720c14\" data-element_type=\"column\">\n\t\t\t<div class=\"elementor-widget-wrap elementor-element-populated\">\n\t\t\t\t\t\t<div class=\"elementor-element elementor-element-456721c elementor-widget elementor-widget-text-editor\" data-id=\"456721c\" data-element_type=\"widget\" data-widget_type=\"text-editor.default\">\n\t\t\t\t<div class=\"elementor-widget-container\">\n\t\t\t\t\t\t\t\t\t<p><span style=\"font-weight: 600;\">L&#8217;Alliance Fran\u00e7aise de Montr\u00e9al in collaboration with the Consulate General of France in Quebec, the Center of the Francophonie of the Americas, Francophonie without frontiers and the CINEMANIA Francophone Film Festival, the International Day of the Francophonie on March 20, 2024 in Montreal.<\/span><\/p>\n<p><span style=\"color: #323338; font-family: Figtree, Roboto, 'Noto Sans Hebrew', 'Noto Kufi Arabic', 'Noto Sans JP', sans-serif; font-size: 16px;\">This day will bring together all lovers of the French language, enthusiasts of French-speaking culture and the curious eager to discover the multiple facets of this rich linguistic diversity. Special programming will highlight the richness of the French language through a series of cultural, artistic and educational activities.<\/span><\/p>\n<p><span style=\"color: #323338; font-family: Figtree, Roboto, 'Noto Sans Hebrew', 'Noto Kufi Arabic', 'Noto Sans JP', sans-serif; font-size: 16px;\">We invite you to join us for this memorable day which will strengthen cultural ties within our French-speaking community.<\/span><\/p>\n\t\t\t\t\t\t\t\t<\/div>\n\t\t\t\t<\/div>\n\t\t\t\t\t<\/div>\n\t\t<\/div>\n\t\t\t\t<div class=\"aux-parallax-section elementor-column elementor-col-33 elementor-top-column elementor-element elementor-element-b8b7943\" data-id=\"b8b7943\" data-element_type=\"column\">\n\t\t\t<div class=\"elementor-widget-wrap elementor-element-populated\">\n\t\t\t\t\t\t<div class=\"elementor-element elementor-element-211766f elementor-widget elementor-widget-aux_accordion\" data-id=\"211766f\" data-element_type=\"widget\" data-widget_type=\"aux_accordion.default\">\n\t\t\t\t<div class=\"elementor-widget-container\">\n\t\t\t\t\t<section class=\"widget-container aux-widget-accordion widget-toggle aux-parent-au5b4858cc\" style=\"\" ><div class=\"widget-inner  aux-type-toggle\" data-toggle=\"true\"><section class=\"aux-toggle-item\"><h5 id=\"aux-toggle-header-3461\" class=\"aux-toggle-header toggle-header\" tabindex=\"3461\" role=\"tab\" aria-controls=\"aux-toggle-content-3461\" >17h30 : Film screening<\/h5><div id=\"aux-toggle-content-3461\" class=\"aux-toggle-content toggle-content\" tabindex=\"3461\" role=\"tabpanel\" aria-labelledby=\"aux-toggle-header-3461\" ><p>Phil Comeau, famous Acadian director, will present his documentary film \"The Secret Order\" which will be broadcast on the big screen.\n<\/p><\/div><\/section><section class=\"aux-toggle-item\"><h5 id=\"aux-toggle-header-3462\" class=\"aux-toggle-header toggle-header\" tabindex=\"3462\" role=\"tab\" aria-controls=\"aux-toggle-content-3462\" >19h : discussion group<\/h5><div id=\"aux-toggle-content-3462\" class=\"aux-toggle-content toggle-content\" tabindex=\"3462\" role=\"tabpanel\" aria-labelledby=\"aux-toggle-header-3462\" ><p>Christophe Brayet, Director General of the Alliance Fran\u00e7aise de Montr\u00e9al, will bring together on stage a panel of experts made up of the co-organizers of the evening to lead a discussion on the theme \"The cultural faces of the Francophonie in Quebec\": \n\u25fe <strong>Phil Comeau<\/strong>, director,<br \/>\u25fe <strong>Jos\u00e9e Poirier-Cr\u00eate<\/strong>, member of the board of directors of the Center de la francophonie of America,<br \/>\u25fe <strong>Cecile Ondoa Abeng<\/strong>, Deputy Consul General, Cooperation and Cultural Action Advisor at the Consulate General of France in Quebec,<br \/>\u25fe <strong>Benoit Kieffer<\/strong>, Culture manager at Francophonie sans fronti\u00e8res,<br \/>\u25fe <strong>Guilhem Caillard<\/strong>, General and artistic director of the CINEMANIA French-speaking film festival.\n<\/p><\/div><\/section><section class=\"aux-toggle-item\"><h5 id=\"aux-toggle-header-3463\" class=\"aux-toggle-header toggle-header\" tabindex=\"3463\" role=\"tab\" aria-controls=\"aux-toggle-content-3463\" >20h : musical cocktail<\/h5><div id=\"aux-toggle-content-3463\" class=\"aux-toggle-content toggle-content\" tabindex=\"3463\" role=\"tabpanel\" aria-labelledby=\"aux-toggle-header-3463\" ><p>A musical cocktail will be offered with a performance by the artist Ariana Nasr who will offer a journey around the world with the most beautiful French-speaking songs.\n<\/p><\/div><\/section><\/div><\/section><!-- widget-container -->\t\t\t\t<\/div>\n\t\t\t\t<\/div>\n\t\t\t\t\t<\/div>\n\t\t<\/div>\n\t\t\t\t\t<\/div>\n\t\t<\/section>\n\t\t\t\t<section class=\"elementor-section elementor-top-section elementor-element elementor-element-61a69da elementor-section-boxed elementor-section-height-default elementor-section-height-default wpr-particle-no wpr-jarallax-no wpr-parallax-no wpr-sticky-section-no wpr-equal-height-no\" data-id=\"61a69da\" data-element_type=\"section\">\n\t\t\t\t\t\t<div class=\"elementor-container elementor-column-gap-default\">\n\t\t\t\t\t<div class=\"aux-parallax-section elementor-column elementor-col-100 elementor-top-column elementor-element elementor-element-4173840\" data-id=\"4173840\" data-element_type=\"column\">\n\t\t\t<div class=\"elementor-widget-wrap elementor-element-populated\">\n\t\t\t\t\t\t<div class=\"elementor-element elementor-element-8f0f8ea elementor-align-center elementor-widget elementor-widget-button\" data-id=\"8f0f8ea\" data-element_type=\"widget\" data-widget_type=\"button.default\">\n\t\t\t\t<div class=\"elementor-widget-container\">\n\t\t\t\t\t\t\t\t\t<div class=\"elementor-button-wrapper\">\n\t\t\t\t\t<a class=\"elementor-button elementor-button-link elementor-size-sm\" href=\"https:\/\/www.afmontreal.ca\/le-mois-de-la-francophonie-a-l-alliance-francaise-de-montreal\/#\/\">\n\t\t\t\t\t\t<span class=\"elementor-button-content-wrapper\">\n\t\t\t\t\t\t\t\t\t<span class=\"elementor-button-text\">Read the article about this event<\/span>\n\t\t\t\t\t<\/span>\n\t\t\t\t\t<\/a>\n\t\t\t\t<\/div>\n\t\t\t\t\t\t\t\t<\/div>\n\t\t\t\t<\/div>\n\t\t\t\t\t<\/div>\n\t\t<\/div>\n\t\t\t\t\t<\/div>\n\t\t<\/section>\n\t\t\t\t<section class=\"elementor-section elementor-top-section elementor-element elementor-element-455afcf elementor-section-boxed elementor-section-height-default elementor-section-height-default wpr-particle-no wpr-jarallax-no wpr-parallax-no wpr-sticky-section-no wpr-equal-height-no\" data-id=\"455afcf\" data-element_type=\"section\">\n\t\t\t\t\t\t<div class=\"elementor-container elementor-column-gap-default\">\n\t\t\t\t\t<div class=\"aux-parallax-section elementor-column elementor-col-100 elementor-top-column elementor-element elementor-element-e5cc02c\" data-id=\"e5cc02c\" data-element_type=\"column\">\n\t\t\t<div class=\"elementor-widget-wrap elementor-element-populated\">\n\t\t\t\t\t\t<div class=\"elementor-element elementor-element-12685fc elementor-widget__width-initial elementor-widget elementor-widget-google_maps\" data-id=\"12685fc\" data-element_type=\"widget\" data-widget_type=\"google_maps.default\">\n\t\t\t\t<div class=\"elementor-widget-container\">\n\t\t\t\t\t\t\t<div class=\"elementor-custom-embed\">\n\t\t\t<iframe loading=\"lazy\"\n\t\t\t\t\tsrc=\"https:\/\/maps.google.com\/maps?q=La%20com%C3%A9die%20de%20Montr%C3%A9al&#038;t=m&#038;z=15&#038;output=embed&#038;iwloc=near\"\n\t\t\t\t\ttitle=\"La com\u00e9die de Montr\u00e9al\"\n\t\t\t\t\taria-label=\"La com\u00e9die de Montr\u00e9al\"\n\t\t\t><\/iframe>\n\t\t<\/div>\n\t\t\t\t\t\t<\/div>\n\t\t\t\t<\/div>\n\t\t\t\t\t<\/div>\n\t\t<\/div>\n\t\t\t\t\t<\/div>\n\t\t<\/section>\n\t\t\t\t<section class=\"elementor-section elementor-top-section elementor-element elementor-element-3b45b24 elementor-section-boxed elementor-section-height-default elementor-section-height-default wpr-particle-no wpr-jarallax-no wpr-parallax-no wpr-sticky-section-no wpr-equal-height-no\" data-id=\"3b45b24\" data-element_type=\"section\">\n\t\t\t\t\t\t<div class=\"elementor-container elementor-column-gap-default\">\n\t\t\t\t\t<div class=\"aux-parallax-section elementor-column elementor-col-100 elementor-top-column elementor-element elementor-element-f305fd7\" data-id=\"f305fd7\" data-element_type=\"column\">\n\t\t\t<div class=\"elementor-widget-wrap\">\n\t\t\t\t\t\t\t<\/div>\n\t\t<\/div>\n\t\t\t\t\t<\/div>\n\t\t<\/section>\n\t\t\t\t<\/div>\n\t\t","protected":false},"excerpt":{"rendered":"<p>L&#8217;Alliance Fran\u00e7aise de Montr\u00e9al in collaboration with the Consulate General of France in Quebec, the Center of the Francophonie of the Americas, Francophonie without frontiers and the CINEMANIA Francophone Film Festival, the International Day of the Francophonie on March 20, 2024 in Montreal.<\/p>\n","protected":false},"author":5,"featured_media":4820,"parent":0,"menu_order":0,"comment_status":"closed","ping_status":"closed","template":"","meta":{"_monsterinsights_skip_tracking":false,"_monsterinsights_sitenote_active":false,"_monsterinsights_sitenote_note":"","_monsterinsights_sitenote_category":0,"footnotes":""},"class_list":["post-5977","page","type-page","status-publish","has-post-thumbnail","hentry"],"yoast_head":"<!-- This site is optimized with the Yoast SEO plugin v27.4 - https:\/\/yoast.com\/product\/yoast-seo-wordpress\/ -->\n<title>the International Day of La Francophonie - Alliance Fran\u00e7aise de Montr\u00e9al<\/title>\n<meta name=\"description\" content=\"L&#039;Alliance Fran\u00e7aise de Montr\u00e9al presents the International Day of La Francophonie on Wednesday March 20, 2024 in Montreal\" \/>\n<meta name=\"robots\" content=\"index, follow, max-snippet:-1, max-image-preview:large, max-video-preview:-1\" \/>\n<link rel=\"canonical\" href=\"https:\/\/www.afmontreal.ca\/en\/photo-library__trashed\/the-international-day-of-la-francophonie\/\" \/>\n<meta property=\"og:locale\" content=\"en_US\" \/>\n<meta property=\"og:type\" content=\"article\" \/>\n<meta property=\"og:title\" content=\"the International Day of La Francophonie - Alliance Fran\u00e7aise de Montr\u00e9al\" \/>\n<meta property=\"og:description\" content=\"L&#039;Alliance Fran\u00e7aise de Montr\u00e9al presents the International Day of La Francophonie on Wednesday March 20, 2024 in Montreal\" \/>\n<meta property=\"og:url\" content=\"https:\/\/www.afmontreal.ca\/en\/photo-library__trashed\/the-international-day-of-la-francophonie\/\" \/>\n<meta property=\"og:site_name\" content=\"Alliance Fran\u00e7aise de Montr\u00e9al\" \/>\n<meta property=\"article:publisher\" content=\"https:\/\/www.facebook.com\/people\/Alliance-Franaise-de-Montral\/100094478126533\/\" \/>\n<meta property=\"article:modified_time\" content=\"2024-05-03T13:59:29+00:00\" \/>\n<meta property=\"og:image\" content=\"https:\/\/www.afmontreal.ca\/wp-content\/uploads\/2024\/03\/La-Journee-internationale-de-la-Francophonie-16-9-site.png\" \/>\n\t<meta property=\"og:image:width\" content=\"1920\" \/>\n\t<meta property=\"og:image:height\" content=\"1080\" \/>\n\t<meta property=\"og:image:type\" content=\"image\/png\" \/>\n<meta name=\"twitter:card\" content=\"summary_large_image\" \/>\n<meta name=\"twitter:label1\" content=\"Est. reading time\" \/>\n\t<meta name=\"twitter:data1\" content=\"1 minute\" \/>\n<script type=\"application\/ld+json\" class=\"yoast-schema-graph\">{\"@context\":\"https:\\\/\\\/schema.org\",\"@graph\":[{\"@type\":\"WebPage\",\"@id\":\"https:\\\/\\\/www.afmontreal.ca\\\/en\\\/photo-library__trashed\\\/the-international-day-of-la-francophonie\\\/\",\"url\":\"https:\\\/\\\/www.afmontreal.ca\\\/en\\\/photo-library__trashed\\\/the-international-day-of-la-francophonie\\\/\",\"name\":\"the International Day of La Francophonie - Alliance Fran\u00e7aise de Montr\u00e9al\",\"isPartOf\":{\"@id\":\"https:\\\/\\\/www.afmontreal.ca\\\/#website\"},\"primaryImageOfPage\":{\"@id\":\"https:\\\/\\\/www.afmontreal.ca\\\/en\\\/photo-library__trashed\\\/the-international-day-of-la-francophonie\\\/#primaryimage\"},\"image\":{\"@id\":\"https:\\\/\\\/www.afmontreal.ca\\\/en\\\/photo-library__trashed\\\/the-international-day-of-la-francophonie\\\/#primaryimage\"},\"thumbnailUrl\":\"https:\\\/\\\/www.afmontreal.ca\\\/wp-content\\\/uploads\\\/2024\\\/03\\\/La-Journee-internationale-de-la-Francophonie-16-9-site.png\",\"datePublished\":\"2024-03-08T06:00:52+00:00\",\"dateModified\":\"2024-05-03T13:59:29+00:00\",\"description\":\"L'Alliance Fran\u00e7aise de Montr\u00e9al presents the International Day of La Francophonie on Wednesday March 20, 2024 in Montreal\",\"breadcrumb\":{\"@id\":\"https:\\\/\\\/www.afmontreal.ca\\\/en\\\/photo-library__trashed\\\/the-international-day-of-la-francophonie\\\/#breadcrumb\"},\"inLanguage\":\"en-US\",\"potentialAction\":[{\"@type\":\"ReadAction\",\"target\":[\"https:\\\/\\\/www.afmontreal.ca\\\/en\\\/photo-library__trashed\\\/the-international-day-of-la-francophonie\\\/\"]}]},{\"@type\":\"ImageObject\",\"inLanguage\":\"en-US\",\"@id\":\"https:\\\/\\\/www.afmontreal.ca\\\/en\\\/photo-library__trashed\\\/the-international-day-of-la-francophonie\\\/#primaryimage\",\"url\":\"https:\\\/\\\/www.afmontreal.ca\\\/wp-content\\\/uploads\\\/2024\\\/03\\\/La-Journee-internationale-de-la-Francophonie-16-9-site.png\",\"contentUrl\":\"https:\\\/\\\/www.afmontreal.ca\\\/wp-content\\\/uploads\\\/2024\\\/03\\\/La-Journee-internationale-de-la-Francophonie-16-9-site.png\",\"width\":1920,\"height\":1080,\"caption\":\"la Journ\u00e9e internationale de la Francophonie le 20 mars 2024 \u00e0 Montr\u00e9al\"},{\"@type\":\"BreadcrumbList\",\"@id\":\"https:\\\/\\\/www.afmontreal.ca\\\/en\\\/photo-library__trashed\\\/the-international-day-of-la-francophonie\\\/#breadcrumb\",\"itemListElement\":[{\"@type\":\"ListItem\",\"position\":1,\"name\":\"Accueil\",\"item\":\"https:\\\/\\\/www.afmontreal.ca\\\/\"},{\"@type\":\"ListItem\",\"position\":2,\"name\":\"the International Day of La Francophonie\"}]},{\"@type\":\"WebSite\",\"@id\":\"https:\\\/\\\/www.afmontreal.ca\\\/#website\",\"url\":\"https:\\\/\\\/www.afmontreal.ca\\\/\",\"name\":\"Alliance Fran\u00e7aise de Montr\u00e9al\",\"description\":\"Alliance Fran\u00e7aise de Montr\u00e9al\",\"publisher\":{\"@id\":\"https:\\\/\\\/www.afmontreal.ca\\\/#organization\"},\"potentialAction\":[{\"@type\":\"SearchAction\",\"target\":{\"@type\":\"EntryPoint\",\"urlTemplate\":\"https:\\\/\\\/www.afmontreal.ca\\\/?s={search_term_string}\"},\"query-input\":{\"@type\":\"PropertyValueSpecification\",\"valueRequired\":true,\"valueName\":\"search_term_string\"}}],\"inLanguage\":\"en-US\"},{\"@type\":\"Organization\",\"@id\":\"https:\\\/\\\/www.afmontreal.ca\\\/#organization\",\"name\":\"Alliance Fran\u00e7aise de Montr\u00e9al\",\"url\":\"https:\\\/\\\/www.afmontreal.ca\\\/\",\"logo\":{\"@type\":\"ImageObject\",\"inLanguage\":\"en-US\",\"@id\":\"https:\\\/\\\/www.afmontreal.ca\\\/#\\\/schema\\\/logo\\\/image\\\/\",\"url\":\"https:\\\/\\\/www.afmontreal.ca\\\/wp-content\\\/uploads\\\/2020\\\/03\\\/logo-afmtl-2026max.png\",\"contentUrl\":\"https:\\\/\\\/www.afmontreal.ca\\\/wp-content\\\/uploads\\\/2020\\\/03\\\/logo-afmtl-2026max.png\",\"width\":1000,\"height\":400,\"caption\":\"Alliance Fran\u00e7aise de Montr\u00e9al\"},\"image\":{\"@id\":\"https:\\\/\\\/www.afmontreal.ca\\\/#\\\/schema\\\/logo\\\/image\\\/\"},\"sameAs\":[\"https:\\\/\\\/www.facebook.com\\\/people\\\/Alliance-Franaise-de-Montral\\\/100094478126533\\\/\",\"https:\\\/\\\/www.linkedin.com\\\/company\\\/alliance-francaise-de-montreal\\\/?viewAsMember=true\"]}]}<\/script>\n<!-- \/ Yoast SEO plugin. -->","yoast_head_json":{"title":"the International Day of La Francophonie - Alliance Fran\u00e7aise de Montr\u00e9al","description":"L'Alliance Fran\u00e7aise de Montr\u00e9al presents the International Day of La Francophonie on Wednesday March 20, 2024 in Montreal","robots":{"index":"index","follow":"follow","max-snippet":"max-snippet:-1","max-image-preview":"max-image-preview:large","max-video-preview":"max-video-preview:-1"},"canonical":"https:\/\/www.afmontreal.ca\/en\/photo-library__trashed\/the-international-day-of-la-francophonie\/","og_locale":"en_US","og_type":"article","og_title":"the International Day of La Francophonie - Alliance Fran\u00e7aise de Montr\u00e9al","og_description":"L'Alliance Fran\u00e7aise de Montr\u00e9al presents the International Day of La Francophonie on Wednesday March 20, 2024 in Montreal","og_url":"https:\/\/www.afmontreal.ca\/en\/photo-library__trashed\/the-international-day-of-la-francophonie\/","og_site_name":"Alliance Fran\u00e7aise de Montr\u00e9al","article_publisher":"https:\/\/www.facebook.com\/people\/Alliance-Franaise-de-Montral\/100094478126533\/","article_modified_time":"2024-05-03T13:59:29+00:00","og_image":[{"width":1920,"height":1080,"url":"https:\/\/www.afmontreal.ca\/wp-content\/uploads\/2024\/03\/La-Journee-internationale-de-la-Francophonie-16-9-site.png","type":"image\/png"}],"twitter_card":"summary_large_image","twitter_misc":{"Est. reading time":"1 minute"},"schema":{"@context":"https:\/\/schema.org","@graph":[{"@type":"WebPage","@id":"https:\/\/www.afmontreal.ca\/en\/photo-library__trashed\/the-international-day-of-la-francophonie\/","url":"https:\/\/www.afmontreal.ca\/en\/photo-library__trashed\/the-international-day-of-la-francophonie\/","name":"the International Day of La Francophonie - Alliance Fran\u00e7aise de Montr\u00e9al","isPartOf":{"@id":"https:\/\/www.afmontreal.ca\/#website"},"primaryImageOfPage":{"@id":"https:\/\/www.afmontreal.ca\/en\/photo-library__trashed\/the-international-day-of-la-francophonie\/#primaryimage"},"image":{"@id":"https:\/\/www.afmontreal.ca\/en\/photo-library__trashed\/the-international-day-of-la-francophonie\/#primaryimage"},"thumbnailUrl":"https:\/\/www.afmontreal.ca\/wp-content\/uploads\/2024\/03\/La-Journee-internationale-de-la-Francophonie-16-9-site.png","datePublished":"2024-03-08T06:00:52+00:00","dateModified":"2024-05-03T13:59:29+00:00","description":"L'Alliance Fran\u00e7aise de Montr\u00e9al presents the International Day of La Francophonie on Wednesday March 20, 2024 in Montreal","breadcrumb":{"@id":"https:\/\/www.afmontreal.ca\/en\/photo-library__trashed\/the-international-day-of-la-francophonie\/#breadcrumb"},"inLanguage":"en-US","potentialAction":[{"@type":"ReadAction","target":["https:\/\/www.afmontreal.ca\/en\/photo-library__trashed\/the-international-day-of-la-francophonie\/"]}]},{"@type":"ImageObject","inLanguage":"en-US","@id":"https:\/\/www.afmontreal.ca\/en\/photo-library__trashed\/the-international-day-of-la-francophonie\/#primaryimage","url":"https:\/\/www.afmontreal.ca\/wp-content\/uploads\/2024\/03\/La-Journee-internationale-de-la-Francophonie-16-9-site.png","contentUrl":"https:\/\/www.afmontreal.ca\/wp-content\/uploads\/2024\/03\/La-Journee-internationale-de-la-Francophonie-16-9-site.png","width":1920,"height":1080,"caption":"la Journ\u00e9e internationale de la Francophonie le 20 mars 2024 \u00e0 Montr\u00e9al"},{"@type":"BreadcrumbList","@id":"https:\/\/www.afmontreal.ca\/en\/photo-library__trashed\/the-international-day-of-la-francophonie\/#breadcrumb","itemListElement":[{"@type":"ListItem","position":1,"name":"Accueil","item":"https:\/\/www.afmontreal.ca\/"},{"@type":"ListItem","position":2,"name":"the International Day of La Francophonie"}]},{"@type":"WebSite","@id":"https:\/\/www.afmontreal.ca\/#website","url":"https:\/\/www.afmontreal.ca\/","name":"Alliance Fran\u00e7aise de Montr\u00e9al","description":"Alliance Fran\u00e7aise de Montr\u00e9al","publisher":{"@id":"https:\/\/www.afmontreal.ca\/#organization"},"potentialAction":[{"@type":"SearchAction","target":{"@type":"EntryPoint","urlTemplate":"https:\/\/www.afmontreal.ca\/?s={search_term_string}"},"query-input":{"@type":"PropertyValueSpecification","valueRequired":true,"valueName":"search_term_string"}}],"inLanguage":"en-US"},{"@type":"Organization","@id":"https:\/\/www.afmontreal.ca\/#organization","name":"Alliance Fran\u00e7aise de Montr\u00e9al","url":"https:\/\/www.afmontreal.ca\/","logo":{"@type":"ImageObject","inLanguage":"en-US","@id":"https:\/\/www.afmontreal.ca\/#\/schema\/logo\/image\/","url":"https:\/\/www.afmontreal.ca\/wp-content\/uploads\/2020\/03\/logo-afmtl-2026max.png","contentUrl":"https:\/\/www.afmontreal.ca\/wp-content\/uploads\/2020\/03\/logo-afmtl-2026max.png","width":1000,"height":400,"caption":"Alliance Fran\u00e7aise de Montr\u00e9al"},"image":{"@id":"https:\/\/www.afmontreal.ca\/#\/schema\/logo\/image\/"},"sameAs":["https:\/\/www.facebook.com\/people\/Alliance-Franaise-de-Montral\/100094478126533\/","https:\/\/www.linkedin.com\/company\/alliance-francaise-de-montreal\/?viewAsMember=true"]}]}},"_links":{"self":[{"href":"https:\/\/www.afmontreal.ca\/en\/wp-json\/wp\/v2\/pages\/5977","targetHints":{"allow":["GET"]}}],"collection":[{"href":"https:\/\/www.afmontreal.ca\/en\/wp-json\/wp\/v2\/pages"}],"about":[{"href":"https:\/\/www.afmontreal.ca\/en\/wp-json\/wp\/v2\/types\/page"}],"author":[{"embeddable":true,"href":"https:\/\/www.afmontreal.ca\/en\/wp-json\/wp\/v2\/users\/5"}],"replies":[{"embeddable":true,"href":"https:\/\/www.afmontreal.ca\/en\/wp-json\/wp\/v2\/comments?post=5977"}],"version-history":[{"count":3,"href":"https:\/\/www.afmontreal.ca\/en\/wp-json\/wp\/v2\/pages\/5977\/revisions"}],"predecessor-version":[{"id":5985,"href":"https:\/\/www.afmontreal.ca\/en\/wp-json\/wp\/v2\/pages\/5977\/revisions\/5985"}],"wp:featuredmedia":[{"embeddable":true,"href":"https:\/\/www.afmontreal.ca\/en\/wp-json\/wp\/v2\/media\/4820"}],"wp:attachment":[{"href":"https:\/\/www.afmontreal.ca\/en\/wp-json\/wp\/v2\/media?parent=5977"}],"curies":[{"name":"wp","href":"https:\/\/api.w.org\/{rel}","templated":true}]}}