{"id":5467,"date":"2024-04-05T15:06:18","date_gmt":"2024-04-05T15:06:18","guid":{"rendered":"https:\/\/www.afmontreal.ca\/frequently-asked-questions-about-examens\/"},"modified":"2025-04-10T22:53:51","modified_gmt":"2025-04-10T22:53:51","slug":"faq-examens","status":"publish","type":"page","link":"https:\/\/www.afmontreal.ca\/en\/faq-examens\/","title":{"rendered":"Frequently Asked Questions about examens"},"content":{"rendered":"\t\t<div data-elementor-type=\"wp-post\" data-elementor-id=\"5467\" class=\"elementor elementor-5467 elementor-5428\" data-elementor-post-type=\"page\">\n\t\t\t\t\t\t<section class=\"elementor-section elementor-top-section elementor-element elementor-element-355a376d elementor-section-stretched elementor-section-full_width elementor-section-content-middle elementor-section-height-default elementor-section-height-default wpr-particle-no wpr-jarallax-no wpr-parallax-no wpr-sticky-section-no wpr-equal-height-no\" data-id=\"355a376d\" data-element_type=\"section\" data-settings=\"{&quot;stretch_section&quot;:&quot;section-stretched&quot;,&quot;background_background&quot;:&quot;classic&quot;}\">\n\t\t\t\t\t\t<div class=\"elementor-container elementor-column-gap-no\">\n\t\t\t\t\t<div class=\"aux-parallax-section elementor-column elementor-col-100 elementor-top-column elementor-element elementor-element-149b0a7a aux-appear-watch-animation aux-fade-in-right\" data-id=\"149b0a7a\" data-element_type=\"column\" data-settings=\"{&quot;background_background&quot;:&quot;classic&quot;}\">\n\t\t\t<div class=\"elementor-widget-wrap elementor-element-populated\">\n\t\t\t\t\t\t<div class=\"elementor-element elementor-element-c322b84 elementor-widget__width-inherit elementor-widget elementor-widget-aux_modern_heading\" data-id=\"c322b84\" data-element_type=\"widget\" data-widget_type=\"aux_modern_heading.default\">\n\t\t\t\t<div class=\"elementor-widget-container\">\n\t\t\t\t\t<section class=\"aux-widget-modern-heading\">\n            <div class=\"aux-widget-inner\"><h1 class=\"aux-modern-heading-primary\">Foire aux questions (examens)<\/h1><\/div>\n        <\/section>\t\t\t\t<\/div>\n\t\t\t\t<\/div>\n\t\t\t\t\t<\/div>\n\t\t<\/div>\n\t\t\t\t\t<\/div>\n\t\t<\/section>\n\t\t\t\t<section class=\"elementor-section elementor-top-section elementor-element elementor-element-102c8da elementor-section-boxed elementor-section-height-default elementor-section-height-default wpr-particle-no wpr-jarallax-no wpr-parallax-no wpr-sticky-section-no wpr-equal-height-no\" data-id=\"102c8da\" data-element_type=\"section\">\n\t\t\t\t\t\t<div class=\"elementor-container elementor-column-gap-default\">\n\t\t\t\t\t<div class=\"aux-parallax-section elementor-column elementor-col-100 elementor-top-column elementor-element elementor-element-ec73656\" data-id=\"ec73656\" data-element_type=\"column\">\n\t\t\t<div class=\"elementor-widget-wrap elementor-element-populated\">\n\t\t\t\t\t\t<div class=\"elementor-element elementor-element-cd2bbab elementor-widget elementor-widget-spacer\" data-id=\"cd2bbab\" data-element_type=\"widget\" data-widget_type=\"spacer.default\">\n\t\t\t\t<div class=\"elementor-widget-container\">\n\t\t\t\t\t\t\t<div class=\"elementor-spacer\">\n\t\t\t<div class=\"elementor-spacer-inner\"><\/div>\n\t\t<\/div>\n\t\t\t\t\t\t<\/div>\n\t\t\t\t<\/div>\n\t\t\t\t\t<\/div>\n\t\t<\/div>\n\t\t\t\t\t<\/div>\n\t\t<\/section>\n\t\t\t\t<section class=\"elementor-section elementor-top-section elementor-element elementor-element-53a7d91 elementor-section-boxed elementor-section-height-default elementor-section-height-default wpr-particle-no wpr-jarallax-no wpr-parallax-no wpr-sticky-section-no wpr-equal-height-no\" data-id=\"53a7d91\" data-element_type=\"section\">\n\t\t\t\t\t\t<div class=\"elementor-container elementor-column-gap-default\">\n\t\t\t\t\t<div class=\"aux-parallax-section elementor-column elementor-col-100 elementor-top-column elementor-element elementor-element-6158595\" data-id=\"6158595\" data-element_type=\"column\">\n\t\t\t<div class=\"elementor-widget-wrap elementor-element-populated\">\n\t\t\t\t\t\t<div class=\"elementor-element elementor-element-ba1988f elementor-widget elementor-widget-text-editor\" data-id=\"ba1988f\" data-element_type=\"widget\" data-widget_type=\"text-editor.default\">\n\t\t\t\t<div class=\"elementor-widget-container\">\n\t\t\t\t\t\t\t\t\t<p>Do you have questions about examens? Consult our FAQ!<\/p>\n\t\t\t\t\t\t\t\t<\/div>\n\t\t\t\t<\/div>\n\t\t\t\t\t<\/div>\n\t\t<\/div>\n\t\t\t\t\t<\/div>\n\t\t<\/section>\n\t\t\t\t<section class=\"elementor-section elementor-top-section elementor-element elementor-element-aece745 elementor-section-boxed elementor-section-height-default elementor-section-height-default wpr-particle-no wpr-jarallax-no wpr-parallax-no wpr-sticky-section-no wpr-equal-height-no\" data-id=\"aece745\" data-element_type=\"section\">\n\t\t\t\t\t\t<div class=\"elementor-container elementor-column-gap-default\">\n\t\t\t\t\t<div class=\"aux-parallax-section elementor-column elementor-col-100 elementor-top-column elementor-element elementor-element-11e6901\" data-id=\"11e6901\" data-element_type=\"column\">\n\t\t\t<div class=\"elementor-widget-wrap elementor-element-populated\">\n\t\t\t\t\t\t<div class=\"elementor-element elementor-element-6f27985 elementor-widget elementor-widget-aux_accordion\" data-id=\"6f27985\" data-element_type=\"widget\" data-widget_type=\"aux_accordion.default\">\n\t\t\t\t<div class=\"elementor-widget-container\">\n\t\t\t\t\t<section class=\"widget-container aux-widget-accordion widget-toggle aux-parent-au843fdaff\" style=\"\" ><div class=\"widget-inner  aux-type-accordion\" data-toggle=\"false\"><section class=\"aux-toggle-item\"><h5 id=\"aux-toggle-header-1161\" class=\"aux-toggle-header toggle-header\" tabindex=\"1161\" role=\"tab\" aria-controls=\"aux-toggle-content-1161\" >How to register for the TCF or TEF test?<\/h5><div id=\"aux-toggle-content-1161\" class=\"aux-toggle-content toggle-content\" tabindex=\"1161\" role=\"tabpanel\" aria-labelledby=\"aux-toggle-header-1161\" ><p>Registration is online only. Choose your test and the date\nClick on the links below to register\n<a href=\"https:\/\/www.afmontreal.ca\/en\/tcf-2\/#\/\" target=\"_blank\" rel=\"noopener\">French Knowledge Test (TCF)<\/a>\n<a href=\"https:\/\/www.afmontreal.ca\/en\/tef\/#\/\" target=\"_blank\" rel=\"noopener\">French Assessment Test (TEF)<\/a>\n<\/p><\/div><\/section><section class=\"aux-toggle-item\"><h5 id=\"aux-toggle-header-1162\" class=\"aux-toggle-header toggle-header\" tabindex=\"1162\" role=\"tab\" aria-controls=\"aux-toggle-content-1162\" >Which exam should I take?<\/h5><div id=\"aux-toggle-content-1162\" class=\"aux-toggle-content toggle-content\" tabindex=\"1162\" role=\"tabpanel\" aria-labelledby=\"aux-toggle-header-1162\" ><p><span class=\"TextRun SCXO9238673 BCX0\" lang=\"FR-CA\" xml:lang=\"FR-CA\" data-contrast=\"auto\"><span class=\"NormalTextRun SCXO9238673 BCX0\">L'Alliance Fran\u00e7aise de Montr\u00e9al can't answer this question. It is up to the candidate to do the research.<\/span><\/span><span class=\"EOP SCXO9238673 BCX0\"> <\/span>\n<\/p><\/div><\/section><section class=\"aux-toggle-item\"><h5 id=\"aux-toggle-header-1163\" class=\"aux-toggle-header toggle-header\" tabindex=\"1163\" role=\"tab\" aria-controls=\"aux-toggle-content-1163\" >Do you have exams preparation courses?<\/h5><div id=\"aux-toggle-content-1163\" class=\"aux-toggle-content toggle-content\" tabindex=\"1163\" role=\"tabpanel\" aria-labelledby=\"aux-toggle-header-1163\" ><p><span data-teams=\"true\">We offer preparation courses for <a href=\"https:\/\/www.afmontreal.ca\/en\/tef-exam-preparation\/\">TEF<\/a>, <a href=\"https:\/\/www.afmontreal.ca\/en\/tcf-exam-preparation\/\">TCF<\/a>, <a href=\"https:\/\/www.afmontreal.ca\/en\/delf-dalf-exam-preparation\/\">DELF B2 and DALF C1<\/a>, free webinars and preparation tools.<\/span>\n<\/p><\/div><\/section><section class=\"aux-toggle-item\"><h5 id=\"aux-toggle-header-1164\" class=\"aux-toggle-header toggle-header\" tabindex=\"1164\" role=\"tab\" aria-controls=\"aux-toggle-content-1164\" >Can I come in person at l'Alliance Fran\u00e7aise de Montr\u00e9al to register for exams or courses?<\/h5><div id=\"aux-toggle-content-1164\" class=\"aux-toggle-content toggle-content\" tabindex=\"1164\" role=\"tabpanel\" aria-labelledby=\"aux-toggle-header-1164\" ><p><span class=\"TextRun SCXO195195420 BCX0\" lang=\"FR-CA\" xml:lang=\"FR-CA\" data-contrast=\"auto\"><span class=\"NormalTextRun SCXO195195420 BCX0\">Sorry, the registration is only online.<\/span><\/span><span class=\"EOP SCXO195195420 BCX0\"> <\/span>\n<\/p><\/div><\/section><section class=\"aux-toggle-item\"><h5 id=\"aux-toggle-header-1165\" class=\"aux-toggle-header toggle-header\" tabindex=\"1165\" role=\"tab\" aria-controls=\"aux-toggle-content-1165\" >When will I receive my exam notification and my arrival time?<\/h5><div id=\"aux-toggle-content-1165\" class=\"aux-toggle-content toggle-content\" tabindex=\"1165\" role=\"tabpanel\" aria-labelledby=\"aux-toggle-header-1165\" ><p>If you have registered and paid to take the exams, you will receive an invitation 7 days in advance by email specifying the date and time of the exam.\n<\/p><\/div><\/section><section class=\"aux-toggle-item\"><h5 id=\"aux-toggle-header-1166\" class=\"aux-toggle-header toggle-header\" tabindex=\"1166\" role=\"tab\" aria-controls=\"aux-toggle-content-1166\" >Can you put me on the waiting list for the next exam?<\/h5><div id=\"aux-toggle-content-1166\" class=\"aux-toggle-content toggle-content\" tabindex=\"1166\" role=\"tabpanel\" aria-labelledby=\"aux-toggle-header-1166\" ><p><span class=\"TextRun SCXO189825635 BCX0\" lang=\"FR-CA\" xml:lang=\"FR-CA\" data-contrast=\"auto\"><span class=\"NormalTextRun SCXO189825635 BCX0\">We don't have waiting list. If places become available, they will be posted on our website.<\/span><\/span>\n<\/p><\/div><\/section><section class=\"aux-toggle-item\"><h5 id=\"aux-toggle-header-1167\" class=\"aux-toggle-header toggle-header\" tabindex=\"1167\" role=\"tab\" aria-controls=\"aux-toggle-content-1167\" >I made a mistake in the date of my exam or in the choice of my exam.<\/h5><div id=\"aux-toggle-content-1167\" class=\"aux-toggle-content toggle-content\" tabindex=\"1167\" role=\"tabpanel\" aria-labelledby=\"aux-toggle-header-1167\" ><p><span class=\"TextRun SCXO58645703 BCX0\" lang=\"FR-CA\" xml:lang=\"FR-CA\" data-contrast=\"auto\"><span class=\"NormalTextRun SCXO58645703 BCX0\">We invite you to send an email to <a href=\"mailto:info@afmontreal.ca\">info@afmontreal.ca<\/a> indicating the name of your exam and the date of your exam. We will make the modification within the limit of available places and according to the conditions of modification.<\/span><\/span><span class=\"EOP SCXO58645703 BCX0\"> <\/span>\n<\/p><\/div><\/section><section class=\"aux-toggle-item\"><h5 id=\"aux-toggle-header-1168\" class=\"aux-toggle-header toggle-header\" tabindex=\"1168\" role=\"tab\" aria-controls=\"aux-toggle-content-1168\" >I would like to cancel my registration for the exam.<\/h5><div id=\"aux-toggle-content-1168\" class=\"aux-toggle-content toggle-content\" tabindex=\"1168\" role=\"tabpanel\" aria-labelledby=\"aux-toggle-header-1168\" ><p><span class=\"TextRun SCXO99402301 BCX0\" lang=\"FR-CA\" xml:lang=\"FR-CA\" data-contrast=\"auto\"><span class=\"NormalTextRun SCXO99402301 BCX0\">We invite you to send an email to <a href=\"mailto:info@afmontreal.ca\">info@afmontreal.ca<\/a> indicating the name of your exam and the date of your exam. A fee of $75 will be retained (as specified in our general conditions of sale). If the cancellation occurs less than 15 days before the exam, we can only change the exam date if you provide a medical certificate or a note from your employer.<\/span><\/span>\n<\/p><\/div><\/section><section class=\"aux-toggle-item\"><h5 id=\"aux-toggle-header-1169\" class=\"aux-toggle-header toggle-header\" tabindex=\"1169\" role=\"tab\" aria-controls=\"aux-toggle-content-1169\" >What documents must be provided to take the exam?<\/h5><div id=\"aux-toggle-content-1169\" class=\"aux-toggle-content toggle-content\" tabindex=\"1169\" role=\"tabpanel\" aria-labelledby=\"aux-toggle-header-1169\" ><p>We require a valid form of identification with photo, in Latin characters (passport, Quebec driver\u2019s license or other Canadian Provinces, RAMQ card, etc.) .\n<\/p><\/div><\/section><section class=\"aux-toggle-item\"><h5 id=\"aux-toggle-header-11610\" class=\"aux-toggle-header toggle-header\" tabindex=\"11610\" role=\"tab\" aria-controls=\"aux-toggle-content-11610\" >How are the oral and written tests conducted?<\/h5><div id=\"aux-toggle-content-11610\" class=\"aux-toggle-content toggle-content\" tabindex=\"11610\" role=\"tabpanel\" aria-labelledby=\"aux-toggle-header-11610\" ><p>The multiple choice tests (written comprehension, oral comprehension, lexicon &amp; structure) and the written expression test are taken on a computer. The oral expression is led face-to-face by an examiner and will also be recorded for correction purposes.\n<\/p><\/div><\/section><section class=\"aux-toggle-item\"><h5 id=\"aux-toggle-header-11611\" class=\"aux-toggle-header toggle-header\" tabindex=\"11611\" role=\"tab\" aria-controls=\"aux-toggle-content-11611\" >When will I receive my test results?<\/h5><div id=\"aux-toggle-content-11611\" class=\"aux-toggle-content toggle-content\" tabindex=\"11611\" role=\"tabpanel\" aria-labelledby=\"aux-toggle-header-11611\" ><p><span class=\"TextRun SCXO179527898 BCX0\" lang=\"FR-CA\" xml:lang=\"FR-CA\" data-contrast=\"auto\"><span class=\"NormalTextRun SCXO179527898 BCX0\">It takes 2 to 6 weeks to get the results. Certificates are sent directly to the email address provided during registration. We are unable to interpret the results. <\/span><\/span><span class=\"EOP SCXO179527898 BCX0\"> <\/span>\n<\/p><\/div><\/section><section class=\"aux-toggle-item\"><h5 id=\"aux-toggle-header-11612\" class=\"aux-toggle-header toggle-header\" tabindex=\"11612\" role=\"tab\" aria-controls=\"aux-toggle-content-11612\" >Can test results be contested?<\/h5><div id=\"aux-toggle-content-11612\" class=\"aux-toggle-content toggle-content\" tabindex=\"11612\" role=\"tabpanel\" aria-labelledby=\"aux-toggle-header-11612\" ><p>Yes you can disagree with the results. You can contact us at <a href=\"mailto:info@afmontreal.ca\">info@afmontreal.ca<\/a> .\n<\/p><\/div><\/section><\/div><\/section><!-- widget-container -->\t\t\t\t<\/div>\n\t\t\t\t<\/div>\n\t\t\t\t\t<\/div>\n\t\t<\/div>\n\t\t\t\t\t<\/div>\n\t\t<\/section>\n\t\t\t\t<\/div>\n\t\t","protected":false},"excerpt":{"rendered":"<p>Foire aux questions (examens) Do you have questions about examens? Consult our FAQ! How to register for the TCF or TEF test? Registration is online only. Choose your test and the date Click on the links below to register French Knowledge Test (TCF) French Assessment Test (TEF) Which exam should I take? L&#8217;Alliance Fran\u00e7aise de Montr\u00e9al can&#8217;t answer this question. It is up to the candidate to do the research. Do you have exams preparation courses? We offer preparation courses for TEF, TCF, DELF B2 and DALF C1, free webinars and preparation tools. Can I come in person at l&#8217;Alliance Fran\u00e7aise de Montr\u00e9al to register for exams or courses? Sorry, the registration is only online. When will I receive my exam notification and my arrival time? If you have registered and paid to take the exams, you will receive an invitation 7 days in advance by email specifying the date and time of the exam. Can you put me on the waiting list for the next exam? We don&#8217;t have waiting list. If places become available, they will be posted on our website. I made a mistake in the date of my exam or in the choice of my exam. We invite you to send an email to info@afmontreal.ca indicating the name of your exam and the date of your exam. We will make the modification within the limit of available places and according to the conditions of modification. I would like to cancel my registration for the exam. We invite you to send an email to info@afmontreal.ca indicating the name of your exam and the date of your exam. A fee of $75 will be retained (as specified in our general conditions of sale). If the cancellation occurs less than 15 days before the exam, we can only change the exam date if you provide a medical certificate or a note from your employer. What documents must be provided to take the exam? We require a valid form of identification with photo, in Latin characters (passport, Quebec driver\u2019s license or other Canadian Provinces, RAMQ card, etc.) . How are the oral and written tests conducted? The multiple choice tests (written comprehension, oral comprehension, lexicon &amp; structure) and the written expression test are taken on a computer. The oral expression is led face-to-face by an examiner and will also be recorded for correction purposes. When will I receive my test results? It takes 2 to 6 weeks to get the results. Certificates are sent directly to the email address provided during registration. We are unable to interpret the results. Can test results be contested? Yes you can disagree with the results. You can contact us at info@afmontreal.ca .<\/p>\n","protected":false},"author":1,"featured_media":0,"parent":0,"menu_order":0,"comment_status":"closed","ping_status":"closed","template":"","meta":{"_monsterinsights_skip_tracking":false,"_monsterinsights_sitenote_active":false,"_monsterinsights_sitenote_note":"","_monsterinsights_sitenote_category":0,"footnotes":""},"class_list":["post-5467","page","type-page","status-publish","hentry"],"yoast_head":"<!-- This site is optimized with the Yoast SEO plugin v27.4 - https:\/\/yoast.com\/product\/yoast-seo-wordpress\/ -->\n<title>Frequently Asked Questions<\/title>\n<meta name=\"description\" content=\"Frequently Asked Questions about the tests at the Alliance Fran\u00e7aise de Montr\u00e9al\" \/>\n<meta name=\"robots\" content=\"index, follow, max-snippet:-1, max-image-preview:large, max-video-preview:-1\" \/>\n<link rel=\"canonical\" href=\"https:\/\/www.afmontreal.ca\/en\/faq-examens\/\" \/>\n<meta property=\"og:locale\" content=\"en_US\" \/>\n<meta property=\"og:type\" content=\"article\" \/>\n<meta property=\"og:title\" content=\"Frequently Asked Questions\" \/>\n<meta property=\"og:description\" content=\"Frequently Asked Questions about the tests at the Alliance Fran\u00e7aise de Montr\u00e9al\" \/>\n<meta property=\"og:url\" content=\"https:\/\/www.afmontreal.ca\/en\/faq-examens\/\" \/>\n<meta property=\"og:site_name\" content=\"Alliance Fran\u00e7aise de Montr\u00e9al\" \/>\n<meta property=\"article:publisher\" content=\"https:\/\/www.facebook.com\/people\/Alliance-Franaise-de-Montral\/100094478126533\/\" \/>\n<meta property=\"article:modified_time\" content=\"2025-04-10T22:53:51+00:00\" \/>\n<meta name=\"twitter:card\" content=\"summary_large_image\" \/>\n<meta name=\"twitter:label1\" content=\"Est. reading time\" \/>\n\t<meta name=\"twitter:data1\" content=\"2 minutes\" \/>\n<script type=\"application\/ld+json\" class=\"yoast-schema-graph\">{\"@context\":\"https:\\\/\\\/schema.org\",\"@graph\":[{\"@type\":\"WebPage\",\"@id\":\"https:\\\/\\\/www.afmontreal.ca\\\/en\\\/faq-examens\\\/\",\"url\":\"https:\\\/\\\/www.afmontreal.ca\\\/en\\\/faq-examens\\\/\",\"name\":\"Frequently Asked Questions\",\"isPartOf\":{\"@id\":\"https:\\\/\\\/www.afmontreal.ca\\\/#website\"},\"datePublished\":\"2024-04-05T15:06:18+00:00\",\"dateModified\":\"2025-04-10T22:53:51+00:00\",\"description\":\"Frequently Asked Questions about the tests at the Alliance Fran\u00e7aise de Montr\u00e9al\",\"breadcrumb\":{\"@id\":\"https:\\\/\\\/www.afmontreal.ca\\\/en\\\/faq-examens\\\/#breadcrumb\"},\"inLanguage\":\"en-US\",\"potentialAction\":[{\"@type\":\"ReadAction\",\"target\":[\"https:\\\/\\\/www.afmontreal.ca\\\/en\\\/faq-examens\\\/\"]}]},{\"@type\":\"BreadcrumbList\",\"@id\":\"https:\\\/\\\/www.afmontreal.ca\\\/en\\\/faq-examens\\\/#breadcrumb\",\"itemListElement\":[{\"@type\":\"ListItem\",\"position\":1,\"name\":\"Accueil\",\"item\":\"https:\\\/\\\/www.afmontreal.ca\\\/\"},{\"@type\":\"ListItem\",\"position\":2,\"name\":\"Frequently Asked Questions about examens\"}]},{\"@type\":\"WebSite\",\"@id\":\"https:\\\/\\\/www.afmontreal.ca\\\/#website\",\"url\":\"https:\\\/\\\/www.afmontreal.ca\\\/\",\"name\":\"Alliance Fran\u00e7aise de Montr\u00e9al\",\"description\":\"Alliance Fran\u00e7aise de Montr\u00e9al\",\"publisher\":{\"@id\":\"https:\\\/\\\/www.afmontreal.ca\\\/#organization\"},\"potentialAction\":[{\"@type\":\"SearchAction\",\"target\":{\"@type\":\"EntryPoint\",\"urlTemplate\":\"https:\\\/\\\/www.afmontreal.ca\\\/?s={search_term_string}\"},\"query-input\":{\"@type\":\"PropertyValueSpecification\",\"valueRequired\":true,\"valueName\":\"search_term_string\"}}],\"inLanguage\":\"en-US\"},{\"@type\":\"Organization\",\"@id\":\"https:\\\/\\\/www.afmontreal.ca\\\/#organization\",\"name\":\"Alliance Fran\u00e7aise de Montr\u00e9al\",\"url\":\"https:\\\/\\\/www.afmontreal.ca\\\/\",\"logo\":{\"@type\":\"ImageObject\",\"inLanguage\":\"en-US\",\"@id\":\"https:\\\/\\\/www.afmontreal.ca\\\/#\\\/schema\\\/logo\\\/image\\\/\",\"url\":\"https:\\\/\\\/www.afmontreal.ca\\\/wp-content\\\/uploads\\\/2020\\\/03\\\/logo-afmtl-2026max.png\",\"contentUrl\":\"https:\\\/\\\/www.afmontreal.ca\\\/wp-content\\\/uploads\\\/2020\\\/03\\\/logo-afmtl-2026max.png\",\"width\":1000,\"height\":400,\"caption\":\"Alliance Fran\u00e7aise de Montr\u00e9al\"},\"image\":{\"@id\":\"https:\\\/\\\/www.afmontreal.ca\\\/#\\\/schema\\\/logo\\\/image\\\/\"},\"sameAs\":[\"https:\\\/\\\/www.facebook.com\\\/people\\\/Alliance-Franaise-de-Montral\\\/100094478126533\\\/\",\"https:\\\/\\\/www.linkedin.com\\\/company\\\/alliance-francaise-de-montreal\\\/?viewAsMember=true\"]}]}<\/script>\n<!-- \/ Yoast SEO plugin. -->","yoast_head_json":{"title":"Frequently Asked Questions","description":"Frequently Asked Questions about the tests at the Alliance Fran\u00e7aise de Montr\u00e9al","robots":{"index":"index","follow":"follow","max-snippet":"max-snippet:-1","max-image-preview":"max-image-preview:large","max-video-preview":"max-video-preview:-1"},"canonical":"https:\/\/www.afmontreal.ca\/en\/faq-examens\/","og_locale":"en_US","og_type":"article","og_title":"Frequently Asked Questions","og_description":"Frequently Asked Questions about the tests at the Alliance Fran\u00e7aise de Montr\u00e9al","og_url":"https:\/\/www.afmontreal.ca\/en\/faq-examens\/","og_site_name":"Alliance Fran\u00e7aise de Montr\u00e9al","article_publisher":"https:\/\/www.facebook.com\/people\/Alliance-Franaise-de-Montral\/100094478126533\/","article_modified_time":"2025-04-10T22:53:51+00:00","twitter_card":"summary_large_image","twitter_misc":{"Est. reading time":"2 minutes"},"schema":{"@context":"https:\/\/schema.org","@graph":[{"@type":"WebPage","@id":"https:\/\/www.afmontreal.ca\/en\/faq-examens\/","url":"https:\/\/www.afmontreal.ca\/en\/faq-examens\/","name":"Frequently Asked Questions","isPartOf":{"@id":"https:\/\/www.afmontreal.ca\/#website"},"datePublished":"2024-04-05T15:06:18+00:00","dateModified":"2025-04-10T22:53:51+00:00","description":"Frequently Asked Questions about the tests at the Alliance Fran\u00e7aise de Montr\u00e9al","breadcrumb":{"@id":"https:\/\/www.afmontreal.ca\/en\/faq-examens\/#breadcrumb"},"inLanguage":"en-US","potentialAction":[{"@type":"ReadAction","target":["https:\/\/www.afmontreal.ca\/en\/faq-examens\/"]}]},{"@type":"BreadcrumbList","@id":"https:\/\/www.afmontreal.ca\/en\/faq-examens\/#breadcrumb","itemListElement":[{"@type":"ListItem","position":1,"name":"Accueil","item":"https:\/\/www.afmontreal.ca\/"},{"@type":"ListItem","position":2,"name":"Frequently Asked Questions about examens"}]},{"@type":"WebSite","@id":"https:\/\/www.afmontreal.ca\/#website","url":"https:\/\/www.afmontreal.ca\/","name":"Alliance Fran\u00e7aise de Montr\u00e9al","description":"Alliance Fran\u00e7aise de Montr\u00e9al","publisher":{"@id":"https:\/\/www.afmontreal.ca\/#organization"},"potentialAction":[{"@type":"SearchAction","target":{"@type":"EntryPoint","urlTemplate":"https:\/\/www.afmontreal.ca\/?s={search_term_string}"},"query-input":{"@type":"PropertyValueSpecification","valueRequired":true,"valueName":"search_term_string"}}],"inLanguage":"en-US"},{"@type":"Organization","@id":"https:\/\/www.afmontreal.ca\/#organization","name":"Alliance Fran\u00e7aise de Montr\u00e9al","url":"https:\/\/www.afmontreal.ca\/","logo":{"@type":"ImageObject","inLanguage":"en-US","@id":"https:\/\/www.afmontreal.ca\/#\/schema\/logo\/image\/","url":"https:\/\/www.afmontreal.ca\/wp-content\/uploads\/2020\/03\/logo-afmtl-2026max.png","contentUrl":"https:\/\/www.afmontreal.ca\/wp-content\/uploads\/2020\/03\/logo-afmtl-2026max.png","width":1000,"height":400,"caption":"Alliance Fran\u00e7aise de Montr\u00e9al"},"image":{"@id":"https:\/\/www.afmontreal.ca\/#\/schema\/logo\/image\/"},"sameAs":["https:\/\/www.facebook.com\/people\/Alliance-Franaise-de-Montral\/100094478126533\/","https:\/\/www.linkedin.com\/company\/alliance-francaise-de-montreal\/?viewAsMember=true"]}]}},"_links":{"self":[{"href":"https:\/\/www.afmontreal.ca\/en\/wp-json\/wp\/v2\/pages\/5467","targetHints":{"allow":["GET"]}}],"collection":[{"href":"https:\/\/www.afmontreal.ca\/en\/wp-json\/wp\/v2\/pages"}],"about":[{"href":"https:\/\/www.afmontreal.ca\/en\/wp-json\/wp\/v2\/types\/page"}],"author":[{"embeddable":true,"href":"https:\/\/www.afmontreal.ca\/en\/wp-json\/wp\/v2\/users\/1"}],"replies":[{"embeddable":true,"href":"https:\/\/www.afmontreal.ca\/en\/wp-json\/wp\/v2\/comments?post=5467"}],"version-history":[{"count":24,"href":"https:\/\/www.afmontreal.ca\/en\/wp-json\/wp\/v2\/pages\/5467\/revisions"}],"predecessor-version":[{"id":14422,"href":"https:\/\/www.afmontreal.ca\/en\/wp-json\/wp\/v2\/pages\/5467\/revisions\/14422"}],"wp:attachment":[{"href":"https:\/\/www.afmontreal.ca\/en\/wp-json\/wp\/v2\/media?parent=5467"}],"curies":[{"name":"wp","href":"https:\/\/api.w.org\/{rel}","templated":true}]}}