{"id":2753,"date":"2023-10-17T13:33:11","date_gmt":"2023-10-17T13:33:11","guid":{"rendered":"https:\/\/www.afmontreal.ca\/site-map\/"},"modified":"2024-02-23T15:53:43","modified_gmt":"2024-02-23T15:53:43","slug":"site-map","status":"publish","type":"page","link":"https:\/\/www.afmontreal.ca\/en\/site-map\/","title":{"rendered":"Site Map"},"content":{"rendered":"\t\t<div data-elementor-type=\"wp-page\" data-elementor-id=\"2753\" class=\"elementor elementor-2753 elementor-2744\" data-elementor-post-type=\"page\">\n\t\t\t\t\t\t<section class=\"elementor-section elementor-top-section elementor-element elementor-element-3362ca25 elementor-section-stretched elementor-section-content-middle elementor-section-boxed elementor-section-height-default elementor-section-height-default wpr-particle-no wpr-jarallax-no wpr-parallax-no wpr-sticky-section-no wpr-equal-height-no\" data-id=\"3362ca25\" data-element_type=\"section\" data-settings=\"{&quot;stretch_section&quot;:&quot;section-stretched&quot;,&quot;background_background&quot;:&quot;classic&quot;}\">\n\t\t\t\t\t\t<div class=\"elementor-container elementor-column-gap-no\">\n\t\t\t\t\t<div class=\"aux-parallax-section elementor-column elementor-col-100 elementor-top-column elementor-element elementor-element-686788b aux-appear-watch-animation aux-fade-in-right\" data-id=\"686788b\" data-element_type=\"column\" data-settings=\"{&quot;background_background&quot;:&quot;classic&quot;}\">\n\t\t\t<div class=\"elementor-widget-wrap elementor-element-populated\">\n\t\t\t\t\t\t<div class=\"elementor-element elementor-element-74ea5dcc elementor-widget__width-auto elementor-widget elementor-widget-aux_modern_heading\" data-id=\"74ea5dcc\" data-element_type=\"widget\" data-widget_type=\"aux_modern_heading.default\">\n\t\t\t\t<div class=\"elementor-widget-container\">\n\t\t\t\t\t<section class=\"aux-widget-modern-heading\">\n            <div class=\"aux-widget-inner\"><h1 class=\"aux-modern-heading-primary\">SITE MAP<\/h1><\/div>\n        <\/section>\t\t\t\t<\/div>\n\t\t\t\t<\/div>\n\t\t\t\t\t<\/div>\n\t\t<\/div>\n\t\t\t\t\t<\/div>\n\t\t<\/section>\n\t\t\t\t<section class=\"elementor-section elementor-top-section elementor-element elementor-element-203d3ed elementor-section-boxed elementor-section-height-default elementor-section-height-default wpr-particle-no wpr-jarallax-no wpr-parallax-no wpr-sticky-section-no wpr-equal-height-no\" data-id=\"203d3ed\" data-element_type=\"section\">\n\t\t\t\t\t\t<div class=\"elementor-container elementor-column-gap-default\">\n\t\t\t\t\t<div class=\"aux-parallax-section elementor-column elementor-col-100 elementor-top-column elementor-element elementor-element-e61898d\" data-id=\"e61898d\" data-element_type=\"column\">\n\t\t\t<div class=\"elementor-widget-wrap elementor-element-populated\">\n\t\t\t\t\t\t<div class=\"elementor-element elementor-element-5c50626 elementor-widget elementor-widget-wp-widget-pages\" data-id=\"5c50626\" data-element_type=\"widget\" data-widget_type=\"wp-widget-pages.default\">\n\t\t\t\t<div class=\"elementor-widget-container\">\n\t\t\t\t\t<h5>Pages<\/h5>\n\t\t\t<ul>\n\t\t\t\t<li class=\"page_item page-item-8290\"><a href=\"https:\/\/www.afmontreal.ca\/en\/adult-courses-digital-material\/\">Adult Courses &#8211; Digital Material<\/a><\/li>\n<li class=\"page_item page-item-9814\"><a href=\"https:\/\/www.afmontreal.ca\/en\/adult-courses-educational-materials\/\">Adult courses &#8211; Educational materials<\/a><\/li>\n<li class=\"page_item page-item-8285\"><a href=\"https:\/\/www.afmontreal.ca\/en\/adult-courses-printed-material\/\">Adult Courses &#8211; Printed Material<\/a><\/li>\n<li class=\"page_item page-item-9810\"><a href=\"https:\/\/www.afmontreal.ca\/en\/adult-courses-re-enrolment\/\">Adult courses &#8211; Re-enrolment<\/a><\/li>\n<li class=\"page_item page-item-9808\"><a href=\"https:\/\/www.afmontreal.ca\/en\/adultes-courses-welcome\/\">Adultes courses &#8211; Welcome<\/a><\/li>\n<li class=\"page_item page-item-1416\"><a href=\"https:\/\/www.afmontreal.ca\/en\/alliances-francaises\/\">Alliances Fran\u00e7aises<\/a><\/li>\n<li class=\"page_item page-item-15659\"><a href=\"https:\/\/www.afmontreal.ca\/en\/annual-reports\/\">Annual reports<\/a><\/li>\n<li class=\"page_item page-item-4276\"><a href=\"https:\/\/www.afmontreal.ca\/en\/membership\/\">Become a member<\/a><\/li>\n<li class=\"page_item page-item-2419\"><a href=\"https:\/\/www.afmontreal.ca\/en\/become-a-partner\/\">Become a partner<\/a><\/li>\n<li class=\"page_item page-item-1400\"><a href=\"https:\/\/www.afmontreal.ca\/en\/become-a-volunteer\/\">Become a volunteer<\/a><\/li>\n<li class=\"page_item page-item-2427\"><a href=\"https:\/\/www.afmontreal.ca\/en\/become-a-volunteer-2\/\">Become a volunteer<\/a><\/li>\n<li class=\"page_item page-item-3817 current_page_parent\"><a href=\"https:\/\/www.afmontreal.ca\/en\/blog\/\">Blog<\/a><\/li>\n<li class=\"page_item page-item-1752\"><a href=\"https:\/\/www.afmontreal.ca\/en\/cart\/\">Cart<\/a><\/li>\n<li class=\"page_item page-item-1365\"><a href=\"https:\/\/www.afmontreal.ca\/en\/a-venir\/\">Coming soon<\/a><\/li>\n<li class=\"page_item page-item-1382\"><a href=\"https:\/\/www.afmontreal.ca\/en\/sales-conditions\/\">Conditions of sale<\/a><\/li>\n<li class=\"page_item page-item-1436\"><a href=\"https:\/\/www.afmontreal.ca\/en\/confidentiality-policy\/\">Confidentiality policy<\/a><\/li>\n<li class=\"page_item page-item-1384\"><a href=\"https:\/\/www.afmontreal.ca\/en\/connexion\/\">Connexion<\/a><\/li>\n<li class=\"page_item page-item-1386\"><a href=\"https:\/\/www.afmontreal.ca\/en\/contact\/\">Contact<\/a><\/li>\n<li class=\"page_item page-item-1388\"><a href=\"https:\/\/www.afmontreal.ca\/en\/contact-us\/\">Contact us<\/a><\/li>\n<li class=\"page_item page-item-13355\"><a href=\"https:\/\/www.afmontreal.ca\/en\/courses-exams-calendar\/\">Courses and exams calendar<\/a><\/li>\n<li class=\"page_item page-item-1390\"><a href=\"https:\/\/www.afmontreal.ca\/en\/adult-courses\/\">Courses for adults<\/a><\/li>\n<li class=\"page_item page-item-12441\"><a href=\"https:\/\/www.afmontreal.ca\/en\/courses-for-adults-beginners\/\">Courses for adults &#8211; Beginners<\/a><\/li>\n<li class=\"page_item page-item-1927\"><a href=\"https:\/\/www.afmontreal.ca\/en\/courses-offer\/\">Courses offer<\/a><\/li>\n<li class=\"page_item page-item-19769\"><a href=\"https:\/\/www.afmontreal.ca\/en\/creative-writing-workshop\/\">Creative writing workshop<\/a><\/li>\n<li class=\"page_item page-item-17036\"><a href=\"https:\/\/www.afmontreal.ca\/en\/cultural-events\/\">Cultural events<\/a><\/li>\n<li class=\"page_item page-item-1396\"><a href=\"https:\/\/www.afmontreal.ca\/en\/culturetheque\/\">Culturetheque<\/a><\/li>\n<li class=\"page_item page-item-14369\"><a href=\"https:\/\/www.afmontreal.ca\/en\/delf-dalf-exam-preparation\/\">DELF DALF exam preparation<\/a><\/li>\n<li class=\"page_item page-item-5751\"><a href=\"https:\/\/www.afmontreal.ca\/en\/delf-junior\/\">DELF Junior<\/a><\/li>\n<li class=\"page_item page-item-5753\"><a href=\"https:\/\/www.afmontreal.ca\/en\/delf-prim\/\">DELF Prim<\/a><\/li>\n<li class=\"page_item page-item-5755\"><a href=\"https:\/\/www.afmontreal.ca\/en\/delf-scolaire\/\">DELF Scolaire<\/a><\/li>\n<li class=\"page_item page-item-1398\"><a href=\"https:\/\/www.afmontreal.ca\/en\/delf-dalf\/\">DELF-DALF Tout public<\/a><\/li>\n<li class=\"page_item page-item-1406\"><a href=\"https:\/\/www.afmontreal.ca\/en\/dfp\/\">DFP<\/a><\/li>\n<li class=\"page_item page-item-15361\"><a href=\"https:\/\/www.afmontreal.ca\/en\/french-educational-offer\/\">French educational offer<\/a><\/li>\n<li class=\"page_item page-item-1412\"><a href=\"https:\/\/www.afmontreal.ca\/en\/faq\/\">Frequently Asked Questions<\/a><\/li>\n<li class=\"page_item page-item-5467\"><a href=\"https:\/\/www.afmontreal.ca\/en\/faq-examens\/\">Frequently Asked Questions about examens<\/a><\/li>\n<li class=\"page_item page-item-6006\"><a href=\"https:\/\/www.afmontreal.ca\/en\/intercultural-testimony-french-speaking-literature-in-quebec-an-intercultural-bridge\/\">Intercultural testimony &#8211; French-speaking literature in Quebec: an intercultural bridge\u200b<\/a><\/li>\n<li class=\"page_item page-item-1434\"><a href=\"https:\/\/www.afmontreal.ca\/en\/job-offer\/\">Job Offer<\/a><\/li>\n<li class=\"page_item page-item-14835\"><a href=\"https:\/\/www.afmontreal.ca\/en\/language-immersion-in-montreal\/\">Language immersion in Montreal<\/a><\/li>\n<li class=\"page_item page-item-1420\"><a href=\"https:\/\/www.afmontreal.ca\/en\/legal-mentions\/\">Legal Mentions<\/a><\/li>\n<li class=\"page_item page-item-1410\"><a href=\"https:\/\/www.afmontreal.ca\/en\/make-a-donation\/\">Make a donation<\/a><\/li>\n<li class=\"page_item page-item-1422\"><a href=\"https:\/\/www.afmontreal.ca\/en\/my-account\/\">My account<\/a><\/li>\n<li class=\"page_item page-item-1394\"><a href=\"https:\/\/www.afmontreal.ca\/en\/new-password\/\">New Password<\/a><\/li>\n<li class=\"page_item page-item-1414\"><a href=\"https:\/\/www.afmontreal.ca\/en\/newsletter\/\">Newsletter<\/a><\/li>\n<li class=\"page_item page-item-12432\"><a href=\"https:\/\/www.afmontreal.ca\/en\/oral-placement-test\/\">Oral placement test<\/a><\/li>\n<li class=\"page_item page-item-5612\"><a href=\"https:\/\/www.afmontreal.ca\/en\/our-board-director\/\">Our board director<\/a><\/li>\n<li class=\"page_item page-item-6010\"><a href=\"https:\/\/www.afmontreal.ca\/en\/our-teaching-team\/\">Our education team<\/a><\/li>\n<li class=\"page_item page-item-1426\"><a href=\"https:\/\/www.afmontreal.ca\/en\/our-courses\/\">Our in-house courses<\/a><\/li>\n<li class=\"page_item page-item-1432\"><a href=\"https:\/\/www.afmontreal.ca\/en\/our-mission\/\">Our mission, our values<\/a><\/li>\n<li class=\"page_item page-item-1428\"><a href=\"https:\/\/www.afmontreal.ca\/en\/our-partners\/\">Our Partners<\/a><\/li>\n<li class=\"page_item page-item-1430\"><a href=\"https:\/\/www.afmontreal.ca\/en\/our-team\/\">Our team<\/a><\/li>\n<li class=\"page_item page-item-1424\"><a href=\"https:\/\/www.afmontreal.ca\/en\/password-reset\/\">Password Reset<\/a><\/li>\n<li class=\"page_item page-item-1380\"><a href=\"https:\/\/www.afmontreal.ca\/en\/password-update\/\">Password update<\/a><\/li>\n<li class=\"page_item page-item-5986\"><a href=\"https:\/\/www.afmontreal.ca\/en\/past-culturals-events\/\">Past culturals events<\/a><\/li>\n<li class=\"page_item page-item-12938\"><a href=\"https:\/\/www.afmontreal.ca\/en\/perfect-your-french-everyday-writing\/\">Perfect your French &#8211; Everyday writing<\/a><\/li>\n<li class=\"page_item page-item-12924\"><a href=\"https:\/\/www.afmontreal.ca\/en\/perfect-your-french-phonetic-correction\/\">Perfect your French &#8211; Phonetic correction<\/a><\/li>\n<li class=\"page_item page-item-11210\"><a href=\"https:\/\/www.afmontreal.ca\/en\/practice-your-french\/\">Practice your French<\/a><\/li>\n<li class=\"page_item page-item-11226\"><a href=\"https:\/\/www.afmontreal.ca\/en\/advanced-level-conversation-workshops\/\">Practice your French &#8211; Advanced level conversation workshops<\/a><\/li>\n<li class=\"page_item page-item-11236\"><a href=\"https:\/\/www.afmontreal.ca\/en\/board-game-workshop\/\">Practice your French &#8211; Game board workshop<\/a><\/li>\n<li class=\"page_item page-item-16044\"><a href=\"https:\/\/www.afmontreal.ca\/en\/practice-your-french-grammar-workshop\/\">Practice your French &#8211; Grammar review workshop<\/a><\/li>\n<li class=\"page_item page-item-11215\"><a href=\"https:\/\/www.afmontreal.ca\/en\/intermediate-level-conversation-workshops\/\">Practice your French &#8211; Intermediate level conversation workshops<\/a><\/li>\n<li class=\"page_item page-item-11234\"><a href=\"https:\/\/www.afmontreal.ca\/en\/literary-cafe\/\">Practice your French &#8211; Le Caf\u00e9 Litt\u00e9raire<\/a><\/li>\n<li class=\"page_item page-item-5980\"><a href=\"https:\/\/www.afmontreal.ca\/en\/conversation-workshop\/\">Practise your French &#8211; Conversation workshops<\/a><\/li>\n<li class=\"page_item page-item-1438\"><a href=\"https:\/\/www.afmontreal.ca\/en\/prepare-yourself\/\">Prepare yourself<\/a><\/li>\n<li class=\"page_item page-item-1392\"><a href=\"https:\/\/www.afmontreal.ca\/en\/private-courses\/\">Private courses<\/a><\/li>\n<li class=\"page_item page-item-2753\"><a href=\"https:\/\/www.afmontreal.ca\/en\/site-map\/\">Site Map<\/a><\/li>\n<li class=\"page_item page-item-1442\"><a href=\"https:\/\/www.afmontreal.ca\/en\/tcf\/\">TCF<\/a><\/li>\n<li class=\"page_item page-item-3758\"><a href=\"https:\/\/www.afmontreal.ca\/en\/tcf-2\/\">TCF<\/a><\/li>\n<li class=\"page_item page-item-14235\"><a href=\"https:\/\/www.afmontreal.ca\/en\/tcf-exam-preparation\/\">TCF exam preparation<\/a><\/li>\n<li class=\"page_item page-item-1444\"><a href=\"https:\/\/www.afmontreal.ca\/en\/tef\/\">TEF<\/a><\/li>\n<li class=\"page_item page-item-14340\"><a href=\"https:\/\/www.afmontreal.ca\/en\/tef-exam-preparation\/\">TEF exam preparation<\/a><\/li>\n<li class=\"page_item page-item-5982\"><a href=\"https:\/\/www.afmontreal.ca\/en\/the-inter-alliances-challenge\/\">The Inter-Alliances Challenge<\/a><\/li>\n<li class=\"page_item page-item-5977\"><a href=\"https:\/\/www.afmontreal.ca\/en\/the-international-day-of-la-francophonie\/\">the International Day of La Francophonie<\/a><\/li>\n<li class=\"page_item page-item-18466\"><a href=\"https:\/\/www.afmontreal.ca\/en\/french-speaking-through-theater\/\">Theater Workshop<\/a><\/li>\n<li class=\"page_item page-item-1418\"><a href=\"https:\/\/www.afmontreal.ca\/en\/helpful-links\/\">Useful links<\/a><\/li>\n<li class=\"page_item page-item-3410\"><a href=\"https:\/\/www.afmontreal.ca\/en\/\">Welcome<\/a><\/li>\n<li class=\"page_item page-item-1408\"><a href=\"https:\/\/www.afmontreal.ca\/en\/rate-yourself\/\">What is my level ?<\/a><\/li>\n\t\t\t<\/ul>\n\n\t\t\t\t\t\t\t<\/div>\n\t\t\t\t<\/div>\n\t\t\t\t\t<\/div>\n\t\t<\/div>\n\t\t\t\t\t<\/div>\n\t\t<\/section>\n\t\t\t\t<\/div>\n\t\t","protected":false},"excerpt":{"rendered":"<p>SITE MAP<\/p>\n","protected":false},"author":1,"featured_media":0,"parent":0,"menu_order":0,"comment_status":"closed","ping_status":"closed","template":"","meta":{"_monsterinsights_skip_tracking":false,"_monsterinsights_sitenote_active":false,"_monsterinsights_sitenote_note":"","_monsterinsights_sitenote_category":0,"footnotes":""},"class_list":["post-2753","page","type-page","status-publish","hentry"],"yoast_head":"<!-- This site is optimized with the Yoast SEO plugin v27.4 - https:\/\/yoast.com\/product\/yoast-seo-wordpress\/ -->\n<title>Site Map - Alliance Fran\u00e7aise de Montr\u00e9al<\/title>\n<meta name=\"robots\" content=\"index, follow, max-snippet:-1, max-image-preview:large, max-video-preview:-1\" \/>\n<link rel=\"canonical\" href=\"https:\/\/www.afmontreal.ca\/en\/site-map\/\" \/>\n<meta property=\"og:locale\" content=\"en_US\" \/>\n<meta property=\"og:type\" content=\"article\" \/>\n<meta property=\"og:title\" content=\"Site Map - Alliance Fran\u00e7aise de Montr\u00e9al\" \/>\n<meta property=\"og:description\" content=\"SITE MAP\" \/>\n<meta property=\"og:url\" content=\"https:\/\/www.afmontreal.ca\/en\/site-map\/\" \/>\n<meta property=\"og:site_name\" content=\"Alliance Fran\u00e7aise de Montr\u00e9al\" \/>\n<meta property=\"article:publisher\" content=\"https:\/\/www.facebook.com\/people\/Alliance-Franaise-de-Montral\/100094478126533\/\" \/>\n<meta property=\"article:modified_time\" content=\"2024-02-23T15:53:43+00:00\" \/>\n<meta name=\"twitter:card\" content=\"summary_large_image\" \/>\n<script type=\"application\/ld+json\" class=\"yoast-schema-graph\">{\"@context\":\"https:\\\/\\\/schema.org\",\"@graph\":[{\"@type\":\"WebPage\",\"@id\":\"https:\\\/\\\/www.afmontreal.ca\\\/en\\\/site-map\\\/\",\"url\":\"https:\\\/\\\/www.afmontreal.ca\\\/en\\\/site-map\\\/\",\"name\":\"Site Map - Alliance Fran\u00e7aise de Montr\u00e9al\",\"isPartOf\":{\"@id\":\"https:\\\/\\\/www.afmontreal.ca\\\/#website\"},\"datePublished\":\"2023-10-17T13:33:11+00:00\",\"dateModified\":\"2024-02-23T15:53:43+00:00\",\"breadcrumb\":{\"@id\":\"https:\\\/\\\/www.afmontreal.ca\\\/en\\\/site-map\\\/#breadcrumb\"},\"inLanguage\":\"en-US\",\"potentialAction\":[{\"@type\":\"ReadAction\",\"target\":[\"https:\\\/\\\/www.afmontreal.ca\\\/en\\\/site-map\\\/\"]}]},{\"@type\":\"BreadcrumbList\",\"@id\":\"https:\\\/\\\/www.afmontreal.ca\\\/en\\\/site-map\\\/#breadcrumb\",\"itemListElement\":[{\"@type\":\"ListItem\",\"position\":1,\"name\":\"Accueil\",\"item\":\"https:\\\/\\\/www.afmontreal.ca\\\/\"},{\"@type\":\"ListItem\",\"position\":2,\"name\":\"Site Map\"}]},{\"@type\":\"WebSite\",\"@id\":\"https:\\\/\\\/www.afmontreal.ca\\\/#website\",\"url\":\"https:\\\/\\\/www.afmontreal.ca\\\/\",\"name\":\"Alliance Fran\u00e7aise de Montr\u00e9al\",\"description\":\"Alliance Fran\u00e7aise de Montr\u00e9al\",\"publisher\":{\"@id\":\"https:\\\/\\\/www.afmontreal.ca\\\/#organization\"},\"potentialAction\":[{\"@type\":\"SearchAction\",\"target\":{\"@type\":\"EntryPoint\",\"urlTemplate\":\"https:\\\/\\\/www.afmontreal.ca\\\/?s={search_term_string}\"},\"query-input\":{\"@type\":\"PropertyValueSpecification\",\"valueRequired\":true,\"valueName\":\"search_term_string\"}}],\"inLanguage\":\"en-US\"},{\"@type\":\"Organization\",\"@id\":\"https:\\\/\\\/www.afmontreal.ca\\\/#organization\",\"name\":\"Alliance Fran\u00e7aise de Montr\u00e9al\",\"url\":\"https:\\\/\\\/www.afmontreal.ca\\\/\",\"logo\":{\"@type\":\"ImageObject\",\"inLanguage\":\"en-US\",\"@id\":\"https:\\\/\\\/www.afmontreal.ca\\\/#\\\/schema\\\/logo\\\/image\\\/\",\"url\":\"https:\\\/\\\/www.afmontreal.ca\\\/wp-content\\\/uploads\\\/2020\\\/03\\\/logo-afmtl-2026max.png\",\"contentUrl\":\"https:\\\/\\\/www.afmontreal.ca\\\/wp-content\\\/uploads\\\/2020\\\/03\\\/logo-afmtl-2026max.png\",\"width\":1000,\"height\":400,\"caption\":\"Alliance Fran\u00e7aise de Montr\u00e9al\"},\"image\":{\"@id\":\"https:\\\/\\\/www.afmontreal.ca\\\/#\\\/schema\\\/logo\\\/image\\\/\"},\"sameAs\":[\"https:\\\/\\\/www.facebook.com\\\/people\\\/Alliance-Franaise-de-Montral\\\/100094478126533\\\/\",\"https:\\\/\\\/www.linkedin.com\\\/company\\\/alliance-francaise-de-montreal\\\/?viewAsMember=true\"]}]}<\/script>\n<!-- \/ Yoast SEO plugin. -->","yoast_head_json":{"title":"Site Map - Alliance Fran\u00e7aise de Montr\u00e9al","robots":{"index":"index","follow":"follow","max-snippet":"max-snippet:-1","max-image-preview":"max-image-preview:large","max-video-preview":"max-video-preview:-1"},"canonical":"https:\/\/www.afmontreal.ca\/en\/site-map\/","og_locale":"en_US","og_type":"article","og_title":"Site Map - Alliance Fran\u00e7aise de Montr\u00e9al","og_description":"SITE MAP","og_url":"https:\/\/www.afmontreal.ca\/en\/site-map\/","og_site_name":"Alliance Fran\u00e7aise de Montr\u00e9al","article_publisher":"https:\/\/www.facebook.com\/people\/Alliance-Franaise-de-Montral\/100094478126533\/","article_modified_time":"2024-02-23T15:53:43+00:00","twitter_card":"summary_large_image","schema":{"@context":"https:\/\/schema.org","@graph":[{"@type":"WebPage","@id":"https:\/\/www.afmontreal.ca\/en\/site-map\/","url":"https:\/\/www.afmontreal.ca\/en\/site-map\/","name":"Site Map - Alliance Fran\u00e7aise de Montr\u00e9al","isPartOf":{"@id":"https:\/\/www.afmontreal.ca\/#website"},"datePublished":"2023-10-17T13:33:11+00:00","dateModified":"2024-02-23T15:53:43+00:00","breadcrumb":{"@id":"https:\/\/www.afmontreal.ca\/en\/site-map\/#breadcrumb"},"inLanguage":"en-US","potentialAction":[{"@type":"ReadAction","target":["https:\/\/www.afmontreal.ca\/en\/site-map\/"]}]},{"@type":"BreadcrumbList","@id":"https:\/\/www.afmontreal.ca\/en\/site-map\/#breadcrumb","itemListElement":[{"@type":"ListItem","position":1,"name":"Accueil","item":"https:\/\/www.afmontreal.ca\/"},{"@type":"ListItem","position":2,"name":"Site Map"}]},{"@type":"WebSite","@id":"https:\/\/www.afmontreal.ca\/#website","url":"https:\/\/www.afmontreal.ca\/","name":"Alliance Fran\u00e7aise de Montr\u00e9al","description":"Alliance Fran\u00e7aise de Montr\u00e9al","publisher":{"@id":"https:\/\/www.afmontreal.ca\/#organization"},"potentialAction":[{"@type":"SearchAction","target":{"@type":"EntryPoint","urlTemplate":"https:\/\/www.afmontreal.ca\/?s={search_term_string}"},"query-input":{"@type":"PropertyValueSpecification","valueRequired":true,"valueName":"search_term_string"}}],"inLanguage":"en-US"},{"@type":"Organization","@id":"https:\/\/www.afmontreal.ca\/#organization","name":"Alliance Fran\u00e7aise de Montr\u00e9al","url":"https:\/\/www.afmontreal.ca\/","logo":{"@type":"ImageObject","inLanguage":"en-US","@id":"https:\/\/www.afmontreal.ca\/#\/schema\/logo\/image\/","url":"https:\/\/www.afmontreal.ca\/wp-content\/uploads\/2020\/03\/logo-afmtl-2026max.png","contentUrl":"https:\/\/www.afmontreal.ca\/wp-content\/uploads\/2020\/03\/logo-afmtl-2026max.png","width":1000,"height":400,"caption":"Alliance Fran\u00e7aise de Montr\u00e9al"},"image":{"@id":"https:\/\/www.afmontreal.ca\/#\/schema\/logo\/image\/"},"sameAs":["https:\/\/www.facebook.com\/people\/Alliance-Franaise-de-Montral\/100094478126533\/","https:\/\/www.linkedin.com\/company\/alliance-francaise-de-montreal\/?viewAsMember=true"]}]}},"_links":{"self":[{"href":"https:\/\/www.afmontreal.ca\/en\/wp-json\/wp\/v2\/pages\/2753","targetHints":{"allow":["GET"]}}],"collection":[{"href":"https:\/\/www.afmontreal.ca\/en\/wp-json\/wp\/v2\/pages"}],"about":[{"href":"https:\/\/www.afmontreal.ca\/en\/wp-json\/wp\/v2\/types\/page"}],"author":[{"embeddable":true,"href":"https:\/\/www.afmontreal.ca\/en\/wp-json\/wp\/v2\/users\/1"}],"replies":[{"embeddable":true,"href":"https:\/\/www.afmontreal.ca\/en\/wp-json\/wp\/v2\/comments?post=2753"}],"version-history":[{"count":3,"href":"https:\/\/www.afmontreal.ca\/en\/wp-json\/wp\/v2\/pages\/2753\/revisions"}],"predecessor-version":[{"id":3044,"href":"https:\/\/www.afmontreal.ca\/en\/wp-json\/wp\/v2\/pages\/2753\/revisions\/3044"}],"wp:attachment":[{"href":"https:\/\/www.afmontreal.ca\/en\/wp-json\/wp\/v2\/media?parent=2753"}],"curies":[{"name":"wp","href":"https:\/\/api.w.org\/{rel}","templated":true}]}}