{"id":1414,"date":"2023-09-18T12:35:40","date_gmt":"2023-09-18T12:35:40","guid":{"rendered":"https:\/\/www.afmontreal.ca\/newsletter\/"},"modified":"2024-02-23T16:01:07","modified_gmt":"2024-02-23T16:01:07","slug":"newsletter","status":"publish","type":"page","link":"https:\/\/www.afmontreal.ca\/en\/newsletter\/","title":{"rendered":"Newsletter"},"content":{"rendered":"\t\t<div data-elementor-type=\"wp-post\" data-elementor-id=\"1414\" class=\"elementor elementor-1414 elementor-1347\" data-elementor-post-type=\"page\">\n\t\t\t\t\t\t<section class=\"elementor-section elementor-top-section elementor-element elementor-element-60747a7 elementor-section-stretched elementor-section-content-middle elementor-section-boxed elementor-section-height-default elementor-section-height-default wpr-particle-no wpr-jarallax-no wpr-parallax-no wpr-sticky-section-no wpr-equal-height-no\" data-id=\"60747a7\" data-element_type=\"section\" data-settings=\"{&quot;stretch_section&quot;:&quot;section-stretched&quot;,&quot;background_background&quot;:&quot;classic&quot;}\">\n\t\t\t\t\t\t<div class=\"elementor-container elementor-column-gap-no\">\n\t\t\t\t\t<div class=\"aux-parallax-section elementor-column elementor-col-100 elementor-top-column elementor-element elementor-element-f6887dd aux-appear-watch-animation aux-fade-in-right\" data-id=\"f6887dd\" data-element_type=\"column\" data-settings=\"{&quot;background_background&quot;:&quot;classic&quot;}\">\n\t\t\t<div class=\"elementor-widget-wrap elementor-element-populated\">\n\t\t\t\t\t\t<div class=\"elementor-element elementor-element-5a346fbc elementor-widget__width-inherit elementor-widget elementor-widget-aux_modern_heading\" data-id=\"5a346fbc\" data-element_type=\"widget\" data-widget_type=\"aux_modern_heading.default\">\n\t\t\t\t<div class=\"elementor-widget-container\">\n\t\t\t\t\t<section class=\"aux-widget-modern-heading\">\n            <div class=\"aux-widget-inner\"><h1 class=\"aux-modern-heading-primary\">Newsletter<\/h1><\/div>\n        <\/section>\t\t\t\t<\/div>\n\t\t\t\t<\/div>\n\t\t\t\t\t<\/div>\n\t\t<\/div>\n\t\t\t\t\t<\/div>\n\t\t<\/section>\n\t\t\t\t<section class=\"elementor-section elementor-top-section elementor-element elementor-element-56ab8a38 elementor-section-stretched elementor-section-content-middle elementor-reverse-mobile elementor-section-boxed elementor-section-height-default elementor-section-height-default wpr-particle-no wpr-jarallax-no wpr-parallax-no wpr-sticky-section-no wpr-equal-height-no\" data-id=\"56ab8a38\" data-element_type=\"section\" data-settings=\"{&quot;stretch_section&quot;:&quot;section-stretched&quot;,&quot;background_background&quot;:&quot;classic&quot;}\">\n\t\t\t\t\t\t\t<div class=\"elementor-background-overlay\"><\/div>\n\t\t\t\t\t\t\t<div class=\"elementor-container elementor-column-gap-default\">\n\t\t\t\t\t<div class=\"aux-parallax-section elementor-column elementor-col-100 elementor-top-column elementor-element elementor-element-2bc41e aux-appear-watch-animation aux-fade-in-up\" data-id=\"2bc41e\" data-element_type=\"column\">\n\t\t\t<div class=\"elementor-widget-wrap elementor-element-populated\">\n\t\t\t\t\t\t<div class=\"elementor-element elementor-element-714905c3 elementor-widget elementor-widget-aux_modern_heading\" data-id=\"714905c3\" data-element_type=\"widget\" id=\"inscrire\" data-widget_type=\"aux_modern_heading.default\">\n\t\t\t\t<div class=\"elementor-widget-container\">\n\t\t\t\t\t<section class=\"aux-widget-modern-heading\">\n            <div class=\"aux-widget-inner\"><h2 class=\"aux-modern-heading-primary\">Newsletter<\/h2><h3 class=\"aux-modern-heading-secondary\"><span class=\"aux-head-before\">Receive our news<\/span><\/h3><div class=\"aux-modern-heading-divider\"><\/div><div class=\"aux-modern-heading-description\"><div>Join our mailing list to receive news, invitations and other activities from your new Alliance Fran\u00e7aise in Montreal!<\/div>\n<\/div><\/div>\n        <\/section>\t\t\t\t<\/div>\n\t\t\t\t<\/div>\n\t\t\t\t<div class=\"elementor-element elementor-element-616c603d elementor-widget elementor-widget-aux_contact_form\" data-id=\"616c603d\" data-element_type=\"widget\" data-widget_type=\"aux_contact_form.default\">\n\t\t\t\t<div class=\"elementor-widget-container\">\n\t\t\t\t\t<section class=\"widget-container aux-widget-contact-form aux-parent-au0f60e32a\">            <div class=\"aux-col-wrapper aux-no-gutter\">\n            <!-- @TODO - The output for element here -->\n\n            <div class='kiosque-aec'><div\n data-module='newsletter'\n data-action='subscribe-form'\n data-param-lang='en_US'><\/div><\/div>\n\n            <\/div><!-- aux-col-wrapper -->\n    <\/section><!-- widget-container -->\t\t\t\t<\/div>\n\t\t\t\t<\/div>\n\t\t\t\t\t<\/div>\n\t\t<\/div>\n\t\t\t\t\t<\/div>\n\t\t<\/section>\n\t\t\t\t<\/div>\n\t\t","protected":false},"excerpt":{"rendered":"<p>Newsletter Newsletter Receive our news Join our mailing list to receive news, invitations and other activities from your new Alliance Fran\u00e7aise in Montreal!<\/p>\n","protected":false},"author":1,"featured_media":0,"parent":0,"menu_order":0,"comment_status":"closed","ping_status":"closed","template":"","meta":{"_monsterinsights_skip_tracking":false,"_monsterinsights_sitenote_active":false,"_monsterinsights_sitenote_note":"","_monsterinsights_sitenote_category":0,"footnotes":""},"class_list":["post-1414","page","type-page","status-publish","hentry"],"yoast_head":"<!-- This site is optimized with the Yoast SEO plugin v27.4 - https:\/\/yoast.com\/product\/yoast-seo-wordpress\/ -->\n<title>Newsletter - Alliance Fran\u00e7aise de Montr\u00e9al<\/title>\n<meta name=\"robots\" content=\"index, follow, max-snippet:-1, max-image-preview:large, max-video-preview:-1\" \/>\n<link rel=\"canonical\" href=\"https:\/\/www.afmontreal.ca\/en\/newsletter\/\" \/>\n<meta property=\"og:locale\" content=\"en_US\" \/>\n<meta property=\"og:type\" content=\"article\" \/>\n<meta property=\"og:title\" content=\"Newsletter - Alliance Fran\u00e7aise de Montr\u00e9al\" \/>\n<meta property=\"og:description\" content=\"Newsletter Newsletter Receive our news Join our mailing list to receive news, invitations and other activities from your new Alliance Fran\u00e7aise in Montreal!\" \/>\n<meta property=\"og:url\" content=\"https:\/\/www.afmontreal.ca\/en\/newsletter\/\" \/>\n<meta property=\"og:site_name\" content=\"Alliance Fran\u00e7aise de Montr\u00e9al\" \/>\n<meta property=\"article:publisher\" content=\"https:\/\/www.facebook.com\/people\/Alliance-Franaise-de-Montral\/100094478126533\/\" \/>\n<meta property=\"article:modified_time\" content=\"2024-02-23T16:01:07+00:00\" \/>\n<meta name=\"twitter:card\" content=\"summary_large_image\" \/>\n<script type=\"application\/ld+json\" class=\"yoast-schema-graph\">{\"@context\":\"https:\\\/\\\/schema.org\",\"@graph\":[{\"@type\":\"WebPage\",\"@id\":\"https:\\\/\\\/www.afmontreal.ca\\\/en\\\/newsletter\\\/\",\"url\":\"https:\\\/\\\/www.afmontreal.ca\\\/en\\\/newsletter\\\/\",\"name\":\"Newsletter - Alliance Fran\u00e7aise de Montr\u00e9al\",\"isPartOf\":{\"@id\":\"https:\\\/\\\/www.afmontreal.ca\\\/#website\"},\"datePublished\":\"2023-09-18T12:35:40+00:00\",\"dateModified\":\"2024-02-23T16:01:07+00:00\",\"breadcrumb\":{\"@id\":\"https:\\\/\\\/www.afmontreal.ca\\\/en\\\/newsletter\\\/#breadcrumb\"},\"inLanguage\":\"en-US\",\"potentialAction\":[{\"@type\":\"ReadAction\",\"target\":[\"https:\\\/\\\/www.afmontreal.ca\\\/en\\\/newsletter\\\/\"]}]},{\"@type\":\"BreadcrumbList\",\"@id\":\"https:\\\/\\\/www.afmontreal.ca\\\/en\\\/newsletter\\\/#breadcrumb\",\"itemListElement\":[{\"@type\":\"ListItem\",\"position\":1,\"name\":\"Accueil\",\"item\":\"https:\\\/\\\/www.afmontreal.ca\\\/\"},{\"@type\":\"ListItem\",\"position\":2,\"name\":\"Newsletter\"}]},{\"@type\":\"WebSite\",\"@id\":\"https:\\\/\\\/www.afmontreal.ca\\\/#website\",\"url\":\"https:\\\/\\\/www.afmontreal.ca\\\/\",\"name\":\"Alliance Fran\u00e7aise de Montr\u00e9al\",\"description\":\"Alliance Fran\u00e7aise de Montr\u00e9al\",\"publisher\":{\"@id\":\"https:\\\/\\\/www.afmontreal.ca\\\/#organization\"},\"potentialAction\":[{\"@type\":\"SearchAction\",\"target\":{\"@type\":\"EntryPoint\",\"urlTemplate\":\"https:\\\/\\\/www.afmontreal.ca\\\/?s={search_term_string}\"},\"query-input\":{\"@type\":\"PropertyValueSpecification\",\"valueRequired\":true,\"valueName\":\"search_term_string\"}}],\"inLanguage\":\"en-US\"},{\"@type\":\"Organization\",\"@id\":\"https:\\\/\\\/www.afmontreal.ca\\\/#organization\",\"name\":\"Alliance Fran\u00e7aise de Montr\u00e9al\",\"url\":\"https:\\\/\\\/www.afmontreal.ca\\\/\",\"logo\":{\"@type\":\"ImageObject\",\"inLanguage\":\"en-US\",\"@id\":\"https:\\\/\\\/www.afmontreal.ca\\\/#\\\/schema\\\/logo\\\/image\\\/\",\"url\":\"https:\\\/\\\/www.afmontreal.ca\\\/wp-content\\\/uploads\\\/2020\\\/03\\\/logo-afmtl-2026max.png\",\"contentUrl\":\"https:\\\/\\\/www.afmontreal.ca\\\/wp-content\\\/uploads\\\/2020\\\/03\\\/logo-afmtl-2026max.png\",\"width\":1000,\"height\":400,\"caption\":\"Alliance Fran\u00e7aise de Montr\u00e9al\"},\"image\":{\"@id\":\"https:\\\/\\\/www.afmontreal.ca\\\/#\\\/schema\\\/logo\\\/image\\\/\"},\"sameAs\":[\"https:\\\/\\\/www.facebook.com\\\/people\\\/Alliance-Franaise-de-Montral\\\/100094478126533\\\/\",\"https:\\\/\\\/www.linkedin.com\\\/company\\\/alliance-francaise-de-montreal\\\/?viewAsMember=true\"]}]}<\/script>\n<!-- \/ Yoast SEO plugin. -->","yoast_head_json":{"title":"Newsletter - Alliance Fran\u00e7aise de Montr\u00e9al","robots":{"index":"index","follow":"follow","max-snippet":"max-snippet:-1","max-image-preview":"max-image-preview:large","max-video-preview":"max-video-preview:-1"},"canonical":"https:\/\/www.afmontreal.ca\/en\/newsletter\/","og_locale":"en_US","og_type":"article","og_title":"Newsletter - Alliance Fran\u00e7aise de Montr\u00e9al","og_description":"Newsletter Newsletter Receive our news Join our mailing list to receive news, invitations and other activities from your new Alliance Fran\u00e7aise in Montreal!","og_url":"https:\/\/www.afmontreal.ca\/en\/newsletter\/","og_site_name":"Alliance Fran\u00e7aise de Montr\u00e9al","article_publisher":"https:\/\/www.facebook.com\/people\/Alliance-Franaise-de-Montral\/100094478126533\/","article_modified_time":"2024-02-23T16:01:07+00:00","twitter_card":"summary_large_image","schema":{"@context":"https:\/\/schema.org","@graph":[{"@type":"WebPage","@id":"https:\/\/www.afmontreal.ca\/en\/newsletter\/","url":"https:\/\/www.afmontreal.ca\/en\/newsletter\/","name":"Newsletter - Alliance Fran\u00e7aise de Montr\u00e9al","isPartOf":{"@id":"https:\/\/www.afmontreal.ca\/#website"},"datePublished":"2023-09-18T12:35:40+00:00","dateModified":"2024-02-23T16:01:07+00:00","breadcrumb":{"@id":"https:\/\/www.afmontreal.ca\/en\/newsletter\/#breadcrumb"},"inLanguage":"en-US","potentialAction":[{"@type":"ReadAction","target":["https:\/\/www.afmontreal.ca\/en\/newsletter\/"]}]},{"@type":"BreadcrumbList","@id":"https:\/\/www.afmontreal.ca\/en\/newsletter\/#breadcrumb","itemListElement":[{"@type":"ListItem","position":1,"name":"Accueil","item":"https:\/\/www.afmontreal.ca\/"},{"@type":"ListItem","position":2,"name":"Newsletter"}]},{"@type":"WebSite","@id":"https:\/\/www.afmontreal.ca\/#website","url":"https:\/\/www.afmontreal.ca\/","name":"Alliance Fran\u00e7aise de Montr\u00e9al","description":"Alliance Fran\u00e7aise de Montr\u00e9al","publisher":{"@id":"https:\/\/www.afmontreal.ca\/#organization"},"potentialAction":[{"@type":"SearchAction","target":{"@type":"EntryPoint","urlTemplate":"https:\/\/www.afmontreal.ca\/?s={search_term_string}"},"query-input":{"@type":"PropertyValueSpecification","valueRequired":true,"valueName":"search_term_string"}}],"inLanguage":"en-US"},{"@type":"Organization","@id":"https:\/\/www.afmontreal.ca\/#organization","name":"Alliance Fran\u00e7aise de Montr\u00e9al","url":"https:\/\/www.afmontreal.ca\/","logo":{"@type":"ImageObject","inLanguage":"en-US","@id":"https:\/\/www.afmontreal.ca\/#\/schema\/logo\/image\/","url":"https:\/\/www.afmontreal.ca\/wp-content\/uploads\/2020\/03\/logo-afmtl-2026max.png","contentUrl":"https:\/\/www.afmontreal.ca\/wp-content\/uploads\/2020\/03\/logo-afmtl-2026max.png","width":1000,"height":400,"caption":"Alliance Fran\u00e7aise de Montr\u00e9al"},"image":{"@id":"https:\/\/www.afmontreal.ca\/#\/schema\/logo\/image\/"},"sameAs":["https:\/\/www.facebook.com\/people\/Alliance-Franaise-de-Montral\/100094478126533\/","https:\/\/www.linkedin.com\/company\/alliance-francaise-de-montreal\/?viewAsMember=true"]}]}},"_links":{"self":[{"href":"https:\/\/www.afmontreal.ca\/en\/wp-json\/wp\/v2\/pages\/1414","targetHints":{"allow":["GET"]}}],"collection":[{"href":"https:\/\/www.afmontreal.ca\/en\/wp-json\/wp\/v2\/pages"}],"about":[{"href":"https:\/\/www.afmontreal.ca\/en\/wp-json\/wp\/v2\/types\/page"}],"author":[{"embeddable":true,"href":"https:\/\/www.afmontreal.ca\/en\/wp-json\/wp\/v2\/users\/1"}],"replies":[{"embeddable":true,"href":"https:\/\/www.afmontreal.ca\/en\/wp-json\/wp\/v2\/comments?post=1414"}],"version-history":[{"count":5,"href":"https:\/\/www.afmontreal.ca\/en\/wp-json\/wp\/v2\/pages\/1414\/revisions"}],"predecessor-version":[{"id":4722,"href":"https:\/\/www.afmontreal.ca\/en\/wp-json\/wp\/v2\/pages\/1414\/revisions\/4722"}],"wp:attachment":[{"href":"https:\/\/www.afmontreal.ca\/en\/wp-json\/wp\/v2\/media?parent=1414"}],"curies":[{"name":"wp","href":"https:\/\/api.w.org\/{rel}","templated":true}]}}