{"id":1410,"date":"2023-09-15T11:42:30","date_gmt":"2023-09-15T11:42:30","guid":{"rendered":"https:\/\/www.afmontreal.ca\/make-a-donation\/"},"modified":"2024-02-23T16:01:55","modified_gmt":"2024-02-23T16:01:55","slug":"make-a-donation","status":"publish","type":"page","link":"https:\/\/www.afmontreal.ca\/en\/make-a-donation\/","title":{"rendered":"Make a donation"},"content":{"rendered":"\t\t<div data-elementor-type=\"wp-post\" data-elementor-id=\"1410\" class=\"elementor elementor-1410 elementor-1169\" data-elementor-post-type=\"page\">\n\t\t\t\t\t\t<section class=\"elementor-section elementor-top-section elementor-element elementor-element-22bde6a1 elementor-section-stretched elementor-section-content-middle elementor-section-boxed elementor-section-height-default elementor-section-height-default wpr-particle-no wpr-jarallax-no wpr-parallax-no wpr-sticky-section-no wpr-equal-height-no\" data-id=\"22bde6a1\" data-element_type=\"section\" data-settings=\"{&quot;stretch_section&quot;:&quot;section-stretched&quot;,&quot;background_background&quot;:&quot;classic&quot;}\">\n\t\t\t\t\t\t<div class=\"elementor-container elementor-column-gap-no\">\n\t\t\t\t\t<div class=\"aux-parallax-section elementor-column elementor-col-100 elementor-top-column elementor-element elementor-element-28de9cad aux-appear-watch-animation aux-fade-in-right\" data-id=\"28de9cad\" data-element_type=\"column\" data-settings=\"{&quot;background_background&quot;:&quot;classic&quot;}\">\n\t\t\t<div class=\"elementor-widget-wrap elementor-element-populated\">\n\t\t\t\t\t\t<div class=\"elementor-element elementor-element-6d00de5a elementor-widget__width-auto elementor-widget elementor-widget-aux_modern_heading\" data-id=\"6d00de5a\" data-element_type=\"widget\" data-widget_type=\"aux_modern_heading.default\">\n\t\t\t\t<div class=\"elementor-widget-container\">\n\t\t\t\t\t<section class=\"aux-widget-modern-heading\">\n            <div class=\"aux-widget-inner\"><h1 class=\"aux-modern-heading-primary\">Make a donation<\/h1><\/div>\n        <\/section>\t\t\t\t<\/div>\n\t\t\t\t<\/div>\n\t\t\t\t\t<\/div>\n\t\t<\/div>\n\t\t\t\t\t<\/div>\n\t\t<\/section>\n\t\t\t\t<section class=\"elementor-section elementor-top-section elementor-element elementor-element-31895fed elementor-section-stretched elementor-section-content-middle elementor-section-boxed elementor-section-height-default elementor-section-height-default wpr-particle-no wpr-jarallax-no wpr-parallax-no wpr-sticky-section-no wpr-equal-height-no\" data-id=\"31895fed\" data-element_type=\"section\" data-settings=\"{&quot;stretch_section&quot;:&quot;section-stretched&quot;,&quot;background_background&quot;:&quot;classic&quot;}\">\n\t\t\t\t\t\t<div class=\"elementor-container elementor-column-gap-extended\">\n\t\t\t\t\t<div class=\"aux-parallax-section elementor-column elementor-col-100 elementor-top-column elementor-element elementor-element-5e535623\" data-id=\"5e535623\" data-element_type=\"column\">\n\t\t\t<div class=\"elementor-widget-wrap elementor-element-populated\">\n\t\t\t\t\t\t<div class=\"elementor-element elementor-element-70ecce88 aux-appear-watch-animation aux-fade-in-up elementor-widget elementor-widget-aux_modern_heading\" data-id=\"70ecce88\" data-element_type=\"widget\" data-widget_type=\"aux_modern_heading.default\">\n\t\t\t\t<div class=\"elementor-widget-container\">\n\t\t\t\t\t<section class=\"aux-widget-modern-heading\">\n            <div class=\"aux-widget-inner\"><h2 class=\"aux-modern-heading-primary\"><\/h2><h3 class=\"aux-modern-heading-secondary\"><span class=\"aux-head-before\">You want to support the missions of the Alliance Fran\u00e7aise de Montr\u00e9al?<\/span><\/h3><div class=\"aux-modern-heading-divider\"><\/div><div class=\"aux-modern-heading-description\"><p>Make a donation and become a donor member. You will be part of the new French Alliance community committed to promoting integration between newcomers and Quebec communities through the teaching of French and the transmission of cultural knowledge as well as through intercultural relationships.<\/p>\n<\/div><\/div>\n        <\/section>\t\t\t\t<\/div>\n\t\t\t\t<\/div>\n\t\t\t\t\t<\/div>\n\t\t<\/div>\n\t\t\t\t\t<\/div>\n\t\t<\/section>\n\t\t\t\t<section class=\"elementor-section elementor-top-section elementor-element elementor-element-7c5585c6 elementor-section-stretched elementor-section-content-middle elementor-reverse-mobile elementor-section-boxed elementor-section-height-default elementor-section-height-default wpr-particle-no wpr-jarallax-no wpr-parallax-no wpr-sticky-section-no wpr-equal-height-no\" data-id=\"7c5585c6\" data-element_type=\"section\" data-settings=\"{&quot;stretch_section&quot;:&quot;section-stretched&quot;,&quot;background_background&quot;:&quot;classic&quot;}\">\n\t\t\t\t\t\t\t<div class=\"elementor-background-overlay\"><\/div>\n\t\t\t\t\t\t\t<div class=\"elementor-container elementor-column-gap-default\">\n\t\t\t\t\t<div class=\"aux-parallax-section elementor-column elementor-col-100 elementor-top-column elementor-element elementor-element-7785bc75 aux-appear-watch-animation aux-fade-in-up\" data-id=\"7785bc75\" data-element_type=\"column\">\n\t\t\t<div class=\"elementor-widget-wrap elementor-element-populated\">\n\t\t\t\t\t\t<div class=\"elementor-element elementor-element-1fa00fdf elementor-widget elementor-widget-aux_modern_heading\" data-id=\"1fa00fdf\" data-element_type=\"widget\" data-widget_type=\"aux_modern_heading.default\">\n\t\t\t\t<div class=\"elementor-widget-container\">\n\t\t\t\t\t<section class=\"aux-widget-modern-heading\">\n            <div class=\"aux-widget-inner\"><h2 class=\"aux-modern-heading-primary\"><\/h2><h4 class=\"aux-modern-heading-secondary\"><span class=\"aux-head-before\">Your donation will enable us to partially finance our start-up and support our mission.<\/span><\/h4><div class=\"aux-modern-heading-divider\"><\/div><div class=\"aux-modern-heading-description\"><p>Thank you for your interest in the Alliance Fran\u00e7aise de Montr\u00e9al!<\/p>\n<\/div><\/div>\n        <\/section>\t\t\t\t<\/div>\n\t\t\t\t<\/div>\n\t\t\t\t\t<\/div>\n\t\t<\/div>\n\t\t\t\t\t<\/div>\n\t\t<\/section>\n\t\t\t\t<\/div>\n\t\t","protected":false},"excerpt":{"rendered":"<p>Make a donation You want to support the missions of the Alliance Fran\u00e7aise de Montr\u00e9al? Make a donation and become a donor member. You will be part of the new French Alliance community committed to promoting integration between newcomers and Quebec communities through the teaching of French and the transmission of cultural knowledge as well as through intercultural relationships. Your donation will enable us to partially finance our start-up and support our mission. Thank you for your interest in the Alliance Fran\u00e7aise de Montr\u00e9al!<\/p>\n","protected":false},"author":1,"featured_media":0,"parent":0,"menu_order":0,"comment_status":"closed","ping_status":"closed","template":"","meta":{"_monsterinsights_skip_tracking":false,"_monsterinsights_sitenote_active":false,"_monsterinsights_sitenote_note":"","_monsterinsights_sitenote_category":0,"footnotes":""},"class_list":["post-1410","page","type-page","status-publish","hentry"],"yoast_head":"<!-- This site is optimized with the Yoast SEO plugin v27.4 - https:\/\/yoast.com\/product\/yoast-seo-wordpress\/ -->\n<title>Make a donation - Alliance Fran\u00e7aise de Montr\u00e9al<\/title>\n<meta name=\"robots\" content=\"index, follow, max-snippet:-1, max-image-preview:large, max-video-preview:-1\" \/>\n<link rel=\"canonical\" href=\"https:\/\/www.afmontreal.ca\/en\/make-a-donation\/\" \/>\n<meta property=\"og:locale\" content=\"en_US\" \/>\n<meta property=\"og:type\" content=\"article\" \/>\n<meta property=\"og:title\" content=\"Make a donation - Alliance Fran\u00e7aise de Montr\u00e9al\" \/>\n<meta property=\"og:description\" content=\"Make a donation You want to support the missions of the Alliance Fran\u00e7aise de Montr\u00e9al? Make a donation and become a donor member. You will be part of the new French Alliance community committed to promoting integration between newcomers and Quebec communities through the teaching of French and the transmission of cultural knowledge as well as through intercultural relationships. Your donation will enable us to partially finance our start-up and support our mission. Thank you for your interest in the Alliance Fran\u00e7aise de Montr\u00e9al!\" \/>\n<meta property=\"og:url\" content=\"https:\/\/www.afmontreal.ca\/en\/make-a-donation\/\" \/>\n<meta property=\"og:site_name\" content=\"Alliance Fran\u00e7aise de Montr\u00e9al\" \/>\n<meta property=\"article:publisher\" content=\"https:\/\/www.facebook.com\/people\/Alliance-Franaise-de-Montral\/100094478126533\/\" \/>\n<meta property=\"article:modified_time\" content=\"2024-02-23T16:01:55+00:00\" \/>\n<meta name=\"twitter:card\" content=\"summary_large_image\" \/>\n<meta name=\"twitter:label1\" content=\"Est. reading time\" \/>\n\t<meta name=\"twitter:data1\" content=\"1 minute\" \/>\n<script type=\"application\/ld+json\" class=\"yoast-schema-graph\">{\"@context\":\"https:\\\/\\\/schema.org\",\"@graph\":[{\"@type\":\"WebPage\",\"@id\":\"https:\\\/\\\/www.afmontreal.ca\\\/en\\\/make-a-donation\\\/\",\"url\":\"https:\\\/\\\/www.afmontreal.ca\\\/en\\\/make-a-donation\\\/\",\"name\":\"Make a donation - Alliance Fran\u00e7aise de Montr\u00e9al\",\"isPartOf\":{\"@id\":\"https:\\\/\\\/www.afmontreal.ca\\\/#website\"},\"datePublished\":\"2023-09-15T11:42:30+00:00\",\"dateModified\":\"2024-02-23T16:01:55+00:00\",\"breadcrumb\":{\"@id\":\"https:\\\/\\\/www.afmontreal.ca\\\/en\\\/make-a-donation\\\/#breadcrumb\"},\"inLanguage\":\"en-US\",\"potentialAction\":[{\"@type\":\"ReadAction\",\"target\":[\"https:\\\/\\\/www.afmontreal.ca\\\/en\\\/make-a-donation\\\/\"]}]},{\"@type\":\"BreadcrumbList\",\"@id\":\"https:\\\/\\\/www.afmontreal.ca\\\/en\\\/make-a-donation\\\/#breadcrumb\",\"itemListElement\":[{\"@type\":\"ListItem\",\"position\":1,\"name\":\"Accueil\",\"item\":\"https:\\\/\\\/www.afmontreal.ca\\\/\"},{\"@type\":\"ListItem\",\"position\":2,\"name\":\"Make a donation\"}]},{\"@type\":\"WebSite\",\"@id\":\"https:\\\/\\\/www.afmontreal.ca\\\/#website\",\"url\":\"https:\\\/\\\/www.afmontreal.ca\\\/\",\"name\":\"Alliance Fran\u00e7aise de Montr\u00e9al\",\"description\":\"Alliance Fran\u00e7aise de Montr\u00e9al\",\"publisher\":{\"@id\":\"https:\\\/\\\/www.afmontreal.ca\\\/#organization\"},\"potentialAction\":[{\"@type\":\"SearchAction\",\"target\":{\"@type\":\"EntryPoint\",\"urlTemplate\":\"https:\\\/\\\/www.afmontreal.ca\\\/?s={search_term_string}\"},\"query-input\":{\"@type\":\"PropertyValueSpecification\",\"valueRequired\":true,\"valueName\":\"search_term_string\"}}],\"inLanguage\":\"en-US\"},{\"@type\":\"Organization\",\"@id\":\"https:\\\/\\\/www.afmontreal.ca\\\/#organization\",\"name\":\"Alliance Fran\u00e7aise de Montr\u00e9al\",\"url\":\"https:\\\/\\\/www.afmontreal.ca\\\/\",\"logo\":{\"@type\":\"ImageObject\",\"inLanguage\":\"en-US\",\"@id\":\"https:\\\/\\\/www.afmontreal.ca\\\/#\\\/schema\\\/logo\\\/image\\\/\",\"url\":\"https:\\\/\\\/www.afmontreal.ca\\\/wp-content\\\/uploads\\\/2020\\\/03\\\/logo-afmtl-2026max.png\",\"contentUrl\":\"https:\\\/\\\/www.afmontreal.ca\\\/wp-content\\\/uploads\\\/2020\\\/03\\\/logo-afmtl-2026max.png\",\"width\":1000,\"height\":400,\"caption\":\"Alliance Fran\u00e7aise de Montr\u00e9al\"},\"image\":{\"@id\":\"https:\\\/\\\/www.afmontreal.ca\\\/#\\\/schema\\\/logo\\\/image\\\/\"},\"sameAs\":[\"https:\\\/\\\/www.facebook.com\\\/people\\\/Alliance-Franaise-de-Montral\\\/100094478126533\\\/\",\"https:\\\/\\\/www.linkedin.com\\\/company\\\/alliance-francaise-de-montreal\\\/?viewAsMember=true\"]}]}<\/script>\n<!-- \/ Yoast SEO plugin. -->","yoast_head_json":{"title":"Make a donation - Alliance Fran\u00e7aise de Montr\u00e9al","robots":{"index":"index","follow":"follow","max-snippet":"max-snippet:-1","max-image-preview":"max-image-preview:large","max-video-preview":"max-video-preview:-1"},"canonical":"https:\/\/www.afmontreal.ca\/en\/make-a-donation\/","og_locale":"en_US","og_type":"article","og_title":"Make a donation - Alliance Fran\u00e7aise de Montr\u00e9al","og_description":"Make a donation You want to support the missions of the Alliance Fran\u00e7aise de Montr\u00e9al? Make a donation and become a donor member. You will be part of the new French Alliance community committed to promoting integration between newcomers and Quebec communities through the teaching of French and the transmission of cultural knowledge as well as through intercultural relationships. Your donation will enable us to partially finance our start-up and support our mission. Thank you for your interest in the Alliance Fran\u00e7aise de Montr\u00e9al!","og_url":"https:\/\/www.afmontreal.ca\/en\/make-a-donation\/","og_site_name":"Alliance Fran\u00e7aise de Montr\u00e9al","article_publisher":"https:\/\/www.facebook.com\/people\/Alliance-Franaise-de-Montral\/100094478126533\/","article_modified_time":"2024-02-23T16:01:55+00:00","twitter_card":"summary_large_image","twitter_misc":{"Est. reading time":"1 minute"},"schema":{"@context":"https:\/\/schema.org","@graph":[{"@type":"WebPage","@id":"https:\/\/www.afmontreal.ca\/en\/make-a-donation\/","url":"https:\/\/www.afmontreal.ca\/en\/make-a-donation\/","name":"Make a donation - Alliance Fran\u00e7aise de Montr\u00e9al","isPartOf":{"@id":"https:\/\/www.afmontreal.ca\/#website"},"datePublished":"2023-09-15T11:42:30+00:00","dateModified":"2024-02-23T16:01:55+00:00","breadcrumb":{"@id":"https:\/\/www.afmontreal.ca\/en\/make-a-donation\/#breadcrumb"},"inLanguage":"en-US","potentialAction":[{"@type":"ReadAction","target":["https:\/\/www.afmontreal.ca\/en\/make-a-donation\/"]}]},{"@type":"BreadcrumbList","@id":"https:\/\/www.afmontreal.ca\/en\/make-a-donation\/#breadcrumb","itemListElement":[{"@type":"ListItem","position":1,"name":"Accueil","item":"https:\/\/www.afmontreal.ca\/"},{"@type":"ListItem","position":2,"name":"Make a donation"}]},{"@type":"WebSite","@id":"https:\/\/www.afmontreal.ca\/#website","url":"https:\/\/www.afmontreal.ca\/","name":"Alliance Fran\u00e7aise de Montr\u00e9al","description":"Alliance Fran\u00e7aise de Montr\u00e9al","publisher":{"@id":"https:\/\/www.afmontreal.ca\/#organization"},"potentialAction":[{"@type":"SearchAction","target":{"@type":"EntryPoint","urlTemplate":"https:\/\/www.afmontreal.ca\/?s={search_term_string}"},"query-input":{"@type":"PropertyValueSpecification","valueRequired":true,"valueName":"search_term_string"}}],"inLanguage":"en-US"},{"@type":"Organization","@id":"https:\/\/www.afmontreal.ca\/#organization","name":"Alliance Fran\u00e7aise de Montr\u00e9al","url":"https:\/\/www.afmontreal.ca\/","logo":{"@type":"ImageObject","inLanguage":"en-US","@id":"https:\/\/www.afmontreal.ca\/#\/schema\/logo\/image\/","url":"https:\/\/www.afmontreal.ca\/wp-content\/uploads\/2020\/03\/logo-afmtl-2026max.png","contentUrl":"https:\/\/www.afmontreal.ca\/wp-content\/uploads\/2020\/03\/logo-afmtl-2026max.png","width":1000,"height":400,"caption":"Alliance Fran\u00e7aise de Montr\u00e9al"},"image":{"@id":"https:\/\/www.afmontreal.ca\/#\/schema\/logo\/image\/"},"sameAs":["https:\/\/www.facebook.com\/people\/Alliance-Franaise-de-Montral\/100094478126533\/","https:\/\/www.linkedin.com\/company\/alliance-francaise-de-montreal\/?viewAsMember=true"]}]}},"_links":{"self":[{"href":"https:\/\/www.afmontreal.ca\/en\/wp-json\/wp\/v2\/pages\/1410","targetHints":{"allow":["GET"]}}],"collection":[{"href":"https:\/\/www.afmontreal.ca\/en\/wp-json\/wp\/v2\/pages"}],"about":[{"href":"https:\/\/www.afmontreal.ca\/en\/wp-json\/wp\/v2\/types\/page"}],"author":[{"embeddable":true,"href":"https:\/\/www.afmontreal.ca\/en\/wp-json\/wp\/v2\/users\/1"}],"replies":[{"embeddable":true,"href":"https:\/\/www.afmontreal.ca\/en\/wp-json\/wp\/v2\/comments?post=1410"}],"version-history":[{"count":16,"href":"https:\/\/www.afmontreal.ca\/en\/wp-json\/wp\/v2\/pages\/1410\/revisions"}],"predecessor-version":[{"id":4726,"href":"https:\/\/www.afmontreal.ca\/en\/wp-json\/wp\/v2\/pages\/1410\/revisions\/4726"}],"wp:attachment":[{"href":"https:\/\/www.afmontreal.ca\/en\/wp-json\/wp\/v2\/media?parent=1410"}],"curies":[{"name":"wp","href":"https:\/\/api.w.org\/{rel}","templated":true}]}}