{"id":1382,"date":"2023-09-15T11:54:40","date_gmt":"2023-09-15T11:54:40","guid":{"rendered":"https:\/\/www.afmontreal.ca\/sales-conditions\/"},"modified":"2026-02-25T21:52:15","modified_gmt":"2026-02-25T21:52:15","slug":"sales-conditions","status":"publish","type":"page","link":"https:\/\/www.afmontreal.ca\/en\/sales-conditions\/","title":{"rendered":"Conditions of sale"},"content":{"rendered":"\t\t<div data-elementor-type=\"wp-post\" data-elementor-id=\"1382\" class=\"elementor elementor-1382 elementor-1241\" data-elementor-post-type=\"page\">\n\t\t\t\t\t\t<section class=\"elementor-section elementor-top-section elementor-element elementor-element-29d45074 elementor-section-stretched elementor-section-full_width elementor-section-content-middle elementor-section-height-default elementor-section-height-default wpr-particle-no wpr-jarallax-no wpr-parallax-no wpr-sticky-section-no wpr-equal-height-no\" data-id=\"29d45074\" data-element_type=\"section\" data-settings=\"{&quot;stretch_section&quot;:&quot;section-stretched&quot;,&quot;background_background&quot;:&quot;classic&quot;}\">\n\t\t\t\t\t\t<div class=\"elementor-container elementor-column-gap-no\">\n\t\t\t\t\t<div class=\"aux-parallax-section elementor-column elementor-col-100 elementor-top-column elementor-element elementor-element-258f0bc4 aux-appear-watch-animation aux-fade-in-right\" data-id=\"258f0bc4\" data-element_type=\"column\" data-settings=\"{&quot;background_background&quot;:&quot;classic&quot;}\">\n\t\t\t<div class=\"elementor-widget-wrap elementor-element-populated\">\n\t\t\t\t\t\t<div class=\"elementor-element elementor-element-5182dd20 elementor-widget__width-inherit elementor-widget elementor-widget-aux_modern_heading\" data-id=\"5182dd20\" data-element_type=\"widget\" data-widget_type=\"aux_modern_heading.default\">\n\t\t\t\t<div class=\"elementor-widget-container\">\n\t\t\t\t\t<section class=\"aux-widget-modern-heading\">\n            <div class=\"aux-widget-inner\"><h1 class=\"aux-modern-heading-primary\">Sales Conditions<\/h1><\/div>\n        <\/section>\t\t\t\t<\/div>\n\t\t\t\t<\/div>\n\t\t\t\t\t<\/div>\n\t\t<\/div>\n\t\t\t\t\t<\/div>\n\t\t<\/section>\n\t\t\t\t<section class=\"elementor-section elementor-top-section elementor-element elementor-element-56e3e04 elementor-section-boxed elementor-section-height-default elementor-section-height-default wpr-particle-no wpr-jarallax-no wpr-parallax-no wpr-sticky-section-no wpr-equal-height-no\" data-id=\"56e3e04\" data-element_type=\"section\">\n\t\t\t\t\t\t<div class=\"elementor-container elementor-column-gap-default\">\n\t\t\t\t\t<div class=\"aux-parallax-section elementor-column elementor-col-100 elementor-top-column elementor-element elementor-element-f8873b4\" data-id=\"f8873b4\" data-element_type=\"column\">\n\t\t\t<div class=\"elementor-widget-wrap elementor-element-populated\">\n\t\t\t\t\t\t<div class=\"elementor-element elementor-element-8ebb27f aux-appear-watch-animation aux-fade-in-up elementor-widget elementor-widget-aux_modern_heading\" data-id=\"8ebb27f\" data-element_type=\"widget\" data-widget_type=\"aux_modern_heading.default\">\n\t\t\t\t<div class=\"elementor-widget-container\">\n\t\t\t\t\t<section class=\"aux-widget-modern-heading\">\n            <div class=\"aux-widget-inner\"><h2 class=\"aux-modern-heading-primary\"><\/h2><h3 class=\"aux-modern-heading-secondary\"><span class=\"aux-head-before\">General conditions and operating rules<\/span><\/h3><div class=\"aux-modern-heading-divider\"><\/div><\/div>\n        <\/section>\t\t\t\t<\/div>\n\t\t\t\t<\/div>\n\t\t\t\t<div class=\"elementor-element elementor-element-af17937 elementor-widget elementor-widget-text-editor\" data-id=\"af17937\" data-element_type=\"widget\" data-widget_type=\"text-editor.default\">\n\t\t\t\t<div class=\"elementor-widget-container\">\n\t\t\t\t\t\t\t\t\t<p>\t\t<div data-elementor-type=\"section\" data-elementor-id=\"12656\" class=\"elementor elementor-12656 elementor-12640 elementor-12640\" data-elementor-post-type=\"elementor_library\">\n\t\t\t\t\t<section class=\"elementor-section elementor-top-section elementor-element elementor-element-7840593 elementor-section-boxed elementor-section-height-default elementor-section-height-default wpr-particle-no wpr-jarallax-no wpr-parallax-no wpr-sticky-section-no wpr-equal-height-no\" data-id=\"7840593\" data-element_type=\"section\">\n\t\t\t\t\t\t<div class=\"elementor-container elementor-column-gap-default\">\n\t\t\t\t\t<div class=\"aux-parallax-section elementor-column elementor-col-100 elementor-top-column elementor-element elementor-element-002648f\" data-id=\"002648f\" data-element_type=\"column\">\n\t\t\t<div class=\"elementor-widget-wrap\">\n\t\t\t\t\t\t\t<\/div>\n\t\t<\/div>\n\t\t\t\t\t<\/div>\n\t\t<\/section>\n\t\t\t\t<section class=\"elementor-section elementor-top-section elementor-element elementor-element-e2de909 elementor-section-boxed elementor-section-height-default elementor-section-height-default wpr-particle-no wpr-jarallax-no wpr-parallax-no wpr-sticky-section-no wpr-equal-height-no\" data-id=\"e2de909\" data-element_type=\"section\">\n\t\t\t\t\t\t<div class=\"elementor-container elementor-column-gap-default\">\n\t\t\t\t\t<div class=\"aux-parallax-section elementor-column elementor-col-100 elementor-top-column elementor-element elementor-element-8838b50\" data-id=\"8838b50\" data-element_type=\"column\">\n\t\t\t<div class=\"elementor-widget-wrap elementor-element-populated\">\n\t\t\t\t\t\t<div class=\"elementor-element elementor-element-b4a8bfb elementor-widget elementor-widget-text-editor\" data-id=\"b4a8bfb\" data-element_type=\"widget\" data-widget_type=\"text-editor.default\">\n\t\t\t\t<div class=\"elementor-widget-container\">\n\t\t\t\t\t\t\t\t\t<p><span data-contrast=\"auto\"><strong>Terms and conditions<br \/><\/strong><\/span><span data-contrast=\"auto\">Mini-group courses : <\/span><span data-contrast=\"auto\"><br \/><a href=\"https:\/\/www.afmontreal.ca\/wp-content\/uploads\/2025\/09\/CGV-Mini-Group-Courses-January-2025-Rev1.0.pdf\">General Terms and Operating Rules Mini-Group Courses &#8211; January 2025.pdf<\/a><\/span><\/p><p><a href=\"https:\/\/www.afmontreal.ca\/wp-content\/uploads\/2025\/09\/Contrat-dapprentissage-Cours-de-mini-groupe-Janvier-2025.pdf\">Learning Agreement &#8211; January 2025.pdf<\/a><\/p>\t\t\t\t\t\t\t\t<\/div>\n\t\t\t\t<\/div>\n\t\t\t\t\t<\/div>\n\t\t<\/div>\n\t\t\t\t\t<\/div>\n\t\t<\/section>\n\t\t\t\t<\/div>\n\t\t<\/p><p>\t\t<div data-elementor-type=\"section\" data-elementor-id=\"15622\" class=\"elementor elementor-15622 elementor-15618 elementor-15618\" data-elementor-post-type=\"elementor_library\">\n\t\t\t\t\t<section class=\"elementor-section elementor-top-section elementor-element elementor-element-7840593 elementor-section-boxed elementor-section-height-default elementor-section-height-default wpr-particle-no wpr-jarallax-no wpr-parallax-no wpr-sticky-section-no wpr-equal-height-no\" data-id=\"7840593\" data-element_type=\"section\">\n\t\t\t\t\t\t<div class=\"elementor-container elementor-column-gap-default\">\n\t\t\t\t\t<div class=\"aux-parallax-section elementor-column elementor-col-100 elementor-top-column elementor-element elementor-element-002648f\" data-id=\"002648f\" data-element_type=\"column\">\n\t\t\t<div class=\"elementor-widget-wrap\">\n\t\t\t\t\t\t\t<\/div>\n\t\t<\/div>\n\t\t\t\t\t<\/div>\n\t\t<\/section>\n\t\t\t\t<section class=\"elementor-section elementor-top-section elementor-element elementor-element-e2de909 elementor-section-boxed elementor-section-height-default elementor-section-height-default wpr-particle-no wpr-jarallax-no wpr-parallax-no wpr-sticky-section-no wpr-equal-height-no\" data-id=\"e2de909\" data-element_type=\"section\">\n\t\t\t\t\t\t<div class=\"elementor-container elementor-column-gap-default\">\n\t\t\t\t\t<div class=\"aux-parallax-section elementor-column elementor-col-100 elementor-top-column elementor-element elementor-element-8838b50\" data-id=\"8838b50\" data-element_type=\"column\">\n\t\t\t<div class=\"elementor-widget-wrap elementor-element-populated\">\n\t\t\t\t\t\t<div class=\"elementor-element elementor-element-b4a8bfb elementor-widget elementor-widget-text-editor\" data-id=\"b4a8bfb\" data-element_type=\"widget\" data-widget_type=\"text-editor.default\">\n\t\t\t\t<div class=\"elementor-widget-container\">\n\t\t\t\t\t\t\t\t\t<p><span data-contrast=\"auto\"><strong>Terms and conditions<\/strong>: <\/span><\/p><ul><li><span data-contrast=\"auto\"><span data-contrast=\"auto\">Private lessons:<\/span><\/span><p><a href=\"https:\/\/www.afmontreal.ca\/wp-content\/uploads\/2025\/07\/Terms_and_Conditions_Private_courses_July2025_v3.pdf\">Terms-and-Conditions-Private-course-July2025<\/a><\/p><\/li><\/ul>\t\t\t\t\t\t\t\t<\/div>\n\t\t\t\t<\/div>\n\t\t\t\t\t<\/div>\n\t\t<\/div>\n\t\t\t\t\t<\/div>\n\t\t<\/section>\n\t\t\t\t<\/div>\n\t\t<br \/><br \/><strong>Terms &amp; Conditions<\/strong>:\u00a0<a href=\"https:\/\/www.afmontreal.ca\/wp-content\/uploads\/2026\/02\/Conditions-de-Ventes-Generales-Immersion-FR-ENG-25-Fevrier-2026.pdf\">Francophone immersion Program \u2013 Summer 2026 (FR &amp; ENG)<\/a><\/p><p>\t\t<div data-elementor-type=\"section\" data-elementor-id=\"15692\" class=\"elementor elementor-15692 elementor-15689 elementor-15689\" data-elementor-post-type=\"elementor_library\">\n\t\t\t\t\t<section class=\"elementor-section elementor-top-section elementor-element elementor-element-7840593 elementor-section-boxed elementor-section-height-default elementor-section-height-default wpr-particle-no wpr-jarallax-no wpr-parallax-no wpr-sticky-section-no wpr-equal-height-no\" data-id=\"7840593\" data-element_type=\"section\">\n\t\t\t\t\t\t<div class=\"elementor-container elementor-column-gap-default\">\n\t\t\t\t\t<div class=\"aux-parallax-section elementor-column elementor-col-100 elementor-top-column elementor-element elementor-element-002648f\" data-id=\"002648f\" data-element_type=\"column\">\n\t\t\t<div class=\"elementor-widget-wrap\">\n\t\t\t\t\t\t\t<\/div>\n\t\t<\/div>\n\t\t\t\t\t<\/div>\n\t\t<\/section>\n\t\t\t\t<section class=\"elementor-section elementor-top-section elementor-element elementor-element-e2de909 elementor-section-boxed elementor-section-height-default elementor-section-height-default wpr-particle-no wpr-jarallax-no wpr-parallax-no wpr-sticky-section-no wpr-equal-height-no\" data-id=\"e2de909\" data-element_type=\"section\">\n\t\t\t\t\t\t<div class=\"elementor-container elementor-column-gap-default\">\n\t\t\t\t\t<div class=\"aux-parallax-section elementor-column elementor-col-100 elementor-top-column elementor-element elementor-element-8838b50\" data-id=\"8838b50\" data-element_type=\"column\">\n\t\t\t<div class=\"elementor-widget-wrap elementor-element-populated\">\n\t\t\t\t\t\t<div class=\"elementor-element elementor-element-b4a8bfb elementor-widget elementor-widget-text-editor\" data-id=\"b4a8bfb\" data-element_type=\"widget\" data-widget_type=\"text-editor.default\">\n\t\t\t\t<div class=\"elementor-widget-container\">\n\t\t\t\t\t\t\t\t\t<p><span data-contrast=\"auto\"><strong>Terms and conditions<\/strong>: <\/span><\/p>\n<p><span data-contrast=\"auto\"><span data-contrast=\"auto\">Cultural experiences<\/span><\/span><\/p>\n<ol>\n<li><b><span data-contrast=\"auto\">Object<\/span><\/b> <br \/><span data-contrast=\"auto\">  These Terms and Conditions govern the sale of guided tours (&#8220;Cultural Experiences&#8221;) offered by the Alliance Fran\u00e7aise de Montr\u00e9al (&#8220;AFMTL&#8221;) and its partners. Tours are in French and recommended for A2 level and above. <\/span><span data-ccp-props=\"{\"134233117\":false,\"134233118\":false,\"335551550\":6,\"335551620\":6,\"335559738\":240,\"335559739\":240}\"> <\/span><\/li>\n<li><b><span data-contrast=\"auto\">Reservation<\/span><\/b> <br \/><span data-contrast=\"auto\">Reservations become effective upon full payment to AFMTL. Cultural experiences are reserved for active AFMTL members, after payment of the annual registration fee. <\/span><span data-ccp-props=\"{\"134233117\":false,\"134233118\":false,\"335551550\":6,\"335551620\":6,\"335559738\":240,\"335559739\":240}\"> <\/span><\/li>\n<li><b><span data-contrast=\"auto\">Rates<\/span><\/b> <br \/><span data-contrast=\"auto\">Prices are quoted in Canadian dollars, taxes included. They may vary according to duration, number of participants or services included.   <\/span><span data-contrast=\"auto\">Rates are per person. Prices are indicative and subject to change without notice. Rates do not include transportation to the tour site.  <\/span><span data-ccp-props=\"{\"134233117\":false,\"134233118\":false,\"335551550\":6,\"335551620\":6,\"335559738\":240,\"335559739\":240}\"> <\/span><\/li>\n<li><b><span data-contrast=\"auto\">Cancellation policy<\/span><\/b><span data-ccp-props=\"{\"134233117\":false,\"134233118\":false,\"335551550\":6,\"335551620\":6,\"335559738\":240,\"335559739\":240}\"> <br \/><\/span><span data-contrast=\"auto\">The purchase is final. Tickets are neither exchangeable nor refundable. <\/span><span data-ccp-props=\"{\"134233117\":false,\"134233118\":false,\"335551550\":6,\"335551620\":6,\"335559685\":720,\"335559738\":240,\"335559739\":240}\"> <br \/><\/span><span data-contrast=\"auto\">No refunds will be made except in the case of a<\/span><span data-contrast=\"auto\">nnulation by the organizer. In this case, a full refund or postponement will be offered. <\/span><span data-ccp-props=\"{\"134233117\":false,\"134233118\":false,\"335551550\":6,\"335551620\":6,\"335559685\":720,\"335559738\":240,\"335559739\":240}\"> <\/span><\/li>\n<li><b><span data-contrast=\"auto\">Lateness and absence<\/span><\/b> <br \/><span data-contrast=\"auto\">  A delay of more than 10 minutes without notification may be considered as a no-show. No refunds will be made for no-shows. <\/span><span data-ccp-props=\"{\"134233117\":false,\"134233118\":false,\"335551550\":6,\"335551620\":6,\"335559738\":240,\"335559739\":240}\"> <\/span><\/li>\n<li><b><span data-contrast=\"auto\">Liability<\/span><\/b> <br \/><span data-contrast=\"auto\">Neither AFMTL nor the partner institution can be held responsible for incidents occurring outside the framework of the visit (transport, weather, etc.). Visits are the responsibility of the partner institution.   <\/span><span data-ccp-props=\"{\"134233117\":false,\"134233118\":false,\"335551550\":6,\"335551620\":6,\"335559738\":240,\"335559739\":240}\"> <\/span><\/li>\n<li><b><span data-contrast=\"auto\">Program modifications<\/span><\/b> <br \/><span data-contrast=\"auto\">AFMTL reserves the right to adapt the service according to conditions (weather, safety, closures, etc.), without substantial modification of the service.<\/span><span data-ccp-props=\"{\"134233117\":false,\"134233118\":false,\"335551550\":6,\"335551620\":6,\"335559738\":240,\"335559739\":240}\"> <\/span><\/li>\n<li><b><span data-contrast=\"auto\">Applicable law<\/span><\/b> <br \/><span data-contrast=\"auto\">  These terms and conditions shall be governed by and construed in accordance with the laws in force in the province of Quebec and, by purchasing a product or service from Alliance Fran\u00e7aise de Montr\u00e9al (AFMTL), you consent to the non-exclusive jurisdiction of the courts of that province. In the event of a dispute, an amicable solution will be preferred. AFMTL reserves the right to modify these terms and conditions without notice.    <\/span><span data-contrast=\"auto\">In addition, the French version of these terms and conditions is the only reference version; the English version may be provided for information purposes only.  <\/span><span data-ccp-props=\"{\"134233117\":false,\"134233118\":false,\"335551550\":6,\"335551620\":6,\"335559685\":720,\"335559738\":240,\"335559739\":240}\"> <\/span><\/li>\n<\/ol>\n\t\t\t\t\t\t\t\t<\/div>\n\t\t\t\t<\/div>\n\t\t\t\t\t<\/div>\n\t\t<\/div>\n\t\t\t\t\t<\/div>\n\t\t<\/section>\n\t\t\t\t<\/div>\n\t\t<\/p>\t\t\t\t\t\t\t\t<\/div>\n\t\t\t\t<\/div>\n\t\t\t\t\t<\/div>\n\t\t<\/div>\n\t\t\t\t\t<\/div>\n\t\t<\/section>\n\t\t\t\t<\/div>\n\t\t","protected":false},"excerpt":{"rendered":"<p>Sales Conditions General conditions and operating rules Terms &amp; Conditions:\u00a0Francophone immersion Program \u2013 Summer 2026 (FR &amp; ENG)<\/p>\n","protected":false},"author":1,"featured_media":0,"parent":0,"menu_order":0,"comment_status":"closed","ping_status":"closed","template":"","meta":{"_monsterinsights_skip_tracking":false,"_monsterinsights_sitenote_active":false,"_monsterinsights_sitenote_note":"","_monsterinsights_sitenote_category":0,"footnotes":""},"class_list":["post-1382","page","type-page","status-publish","hentry"],"yoast_head":"<!-- This site is optimized with the Yoast SEO plugin v27.4 - https:\/\/yoast.com\/product\/yoast-seo-wordpress\/ -->\n<title>Conditions of sale - Alliance Fran\u00e7aise de Montr\u00e9al<\/title>\n<meta name=\"robots\" content=\"index, follow, max-snippet:-1, max-image-preview:large, max-video-preview:-1\" \/>\n<link rel=\"canonical\" href=\"https:\/\/www.afmontreal.ca\/conditions-de-vente\/\" \/>\n<meta property=\"og:locale\" content=\"en_US\" \/>\n<meta property=\"og:type\" content=\"article\" \/>\n<meta property=\"og:title\" content=\"Conditions of sale - Alliance Fran\u00e7aise de Montr\u00e9al\" \/>\n<meta property=\"og:description\" content=\"Sales Conditions General conditions and operating rules Terms &amp; Conditions:\u00a0Francophone immersion Program \u2013 Summer 2026 (FR &amp; ENG)\" \/>\n<meta property=\"og:url\" content=\"https:\/\/www.afmontreal.ca\/conditions-de-vente\/\" \/>\n<meta property=\"og:site_name\" content=\"Alliance Fran\u00e7aise de Montr\u00e9al\" \/>\n<meta property=\"article:publisher\" content=\"https:\/\/www.facebook.com\/people\/Alliance-Franaise-de-Montral\/100094478126533\/\" \/>\n<meta property=\"article:modified_time\" content=\"2026-02-25T21:52:15+00:00\" \/>\n<meta name=\"twitter:card\" content=\"summary_large_image\" \/>\n<meta name=\"twitter:label1\" content=\"Est. reading time\" \/>\n\t<meta name=\"twitter:data1\" content=\"1 minute\" \/>\n<script type=\"application\/ld+json\" class=\"yoast-schema-graph\">{\"@context\":\"https:\\\/\\\/schema.org\",\"@graph\":[{\"@type\":\"WebPage\",\"@id\":\"https:\\\/\\\/www.afmontreal.ca\\\/conditions-de-vente\\\/\",\"url\":\"https:\\\/\\\/www.afmontreal.ca\\\/conditions-de-vente\\\/\",\"name\":\"Conditions of sale - Alliance Fran\u00e7aise de Montr\u00e9al\",\"isPartOf\":{\"@id\":\"https:\\\/\\\/www.afmontreal.ca\\\/#website\"},\"datePublished\":\"2023-09-15T11:54:40+00:00\",\"dateModified\":\"2026-02-25T21:52:15+00:00\",\"breadcrumb\":{\"@id\":\"https:\\\/\\\/www.afmontreal.ca\\\/conditions-de-vente\\\/#breadcrumb\"},\"inLanguage\":\"en-US\",\"potentialAction\":[{\"@type\":\"ReadAction\",\"target\":[\"https:\\\/\\\/www.afmontreal.ca\\\/conditions-de-vente\\\/\"]}]},{\"@type\":\"BreadcrumbList\",\"@id\":\"https:\\\/\\\/www.afmontreal.ca\\\/conditions-de-vente\\\/#breadcrumb\",\"itemListElement\":[{\"@type\":\"ListItem\",\"position\":1,\"name\":\"Accueil\",\"item\":\"https:\\\/\\\/www.afmontreal.ca\\\/\"},{\"@type\":\"ListItem\",\"position\":2,\"name\":\"Conditions of sale\"}]},{\"@type\":\"WebSite\",\"@id\":\"https:\\\/\\\/www.afmontreal.ca\\\/#website\",\"url\":\"https:\\\/\\\/www.afmontreal.ca\\\/\",\"name\":\"Alliance Fran\u00e7aise de Montr\u00e9al\",\"description\":\"Alliance Fran\u00e7aise de Montr\u00e9al\",\"publisher\":{\"@id\":\"https:\\\/\\\/www.afmontreal.ca\\\/#organization\"},\"potentialAction\":[{\"@type\":\"SearchAction\",\"target\":{\"@type\":\"EntryPoint\",\"urlTemplate\":\"https:\\\/\\\/www.afmontreal.ca\\\/?s={search_term_string}\"},\"query-input\":{\"@type\":\"PropertyValueSpecification\",\"valueRequired\":true,\"valueName\":\"search_term_string\"}}],\"inLanguage\":\"en-US\"},{\"@type\":\"Organization\",\"@id\":\"https:\\\/\\\/www.afmontreal.ca\\\/#organization\",\"name\":\"Alliance Fran\u00e7aise de Montr\u00e9al\",\"url\":\"https:\\\/\\\/www.afmontreal.ca\\\/\",\"logo\":{\"@type\":\"ImageObject\",\"inLanguage\":\"en-US\",\"@id\":\"https:\\\/\\\/www.afmontreal.ca\\\/#\\\/schema\\\/logo\\\/image\\\/\",\"url\":\"https:\\\/\\\/www.afmontreal.ca\\\/wp-content\\\/uploads\\\/2020\\\/03\\\/logo-afmtl-2026max.png\",\"contentUrl\":\"https:\\\/\\\/www.afmontreal.ca\\\/wp-content\\\/uploads\\\/2020\\\/03\\\/logo-afmtl-2026max.png\",\"width\":1000,\"height\":400,\"caption\":\"Alliance Fran\u00e7aise de Montr\u00e9al\"},\"image\":{\"@id\":\"https:\\\/\\\/www.afmontreal.ca\\\/#\\\/schema\\\/logo\\\/image\\\/\"},\"sameAs\":[\"https:\\\/\\\/www.facebook.com\\\/people\\\/Alliance-Franaise-de-Montral\\\/100094478126533\\\/\",\"https:\\\/\\\/www.linkedin.com\\\/company\\\/alliance-francaise-de-montreal\\\/?viewAsMember=true\"]}]}<\/script>\n<!-- \/ Yoast SEO plugin. -->","yoast_head_json":{"title":"Conditions of sale - Alliance Fran\u00e7aise de Montr\u00e9al","robots":{"index":"index","follow":"follow","max-snippet":"max-snippet:-1","max-image-preview":"max-image-preview:large","max-video-preview":"max-video-preview:-1"},"canonical":"https:\/\/www.afmontreal.ca\/conditions-de-vente\/","og_locale":"en_US","og_type":"article","og_title":"Conditions of sale - Alliance Fran\u00e7aise de Montr\u00e9al","og_description":"Sales Conditions General conditions and operating rules Terms &amp; Conditions:\u00a0Francophone immersion Program \u2013 Summer 2026 (FR &amp; ENG)","og_url":"https:\/\/www.afmontreal.ca\/conditions-de-vente\/","og_site_name":"Alliance Fran\u00e7aise de Montr\u00e9al","article_publisher":"https:\/\/www.facebook.com\/people\/Alliance-Franaise-de-Montral\/100094478126533\/","article_modified_time":"2026-02-25T21:52:15+00:00","twitter_card":"summary_large_image","twitter_misc":{"Est. reading time":"1 minute"},"schema":{"@context":"https:\/\/schema.org","@graph":[{"@type":"WebPage","@id":"https:\/\/www.afmontreal.ca\/conditions-de-vente\/","url":"https:\/\/www.afmontreal.ca\/conditions-de-vente\/","name":"Conditions of sale - Alliance Fran\u00e7aise de Montr\u00e9al","isPartOf":{"@id":"https:\/\/www.afmontreal.ca\/#website"},"datePublished":"2023-09-15T11:54:40+00:00","dateModified":"2026-02-25T21:52:15+00:00","breadcrumb":{"@id":"https:\/\/www.afmontreal.ca\/conditions-de-vente\/#breadcrumb"},"inLanguage":"en-US","potentialAction":[{"@type":"ReadAction","target":["https:\/\/www.afmontreal.ca\/conditions-de-vente\/"]}]},{"@type":"BreadcrumbList","@id":"https:\/\/www.afmontreal.ca\/conditions-de-vente\/#breadcrumb","itemListElement":[{"@type":"ListItem","position":1,"name":"Accueil","item":"https:\/\/www.afmontreal.ca\/"},{"@type":"ListItem","position":2,"name":"Conditions of sale"}]},{"@type":"WebSite","@id":"https:\/\/www.afmontreal.ca\/#website","url":"https:\/\/www.afmontreal.ca\/","name":"Alliance Fran\u00e7aise de Montr\u00e9al","description":"Alliance Fran\u00e7aise de Montr\u00e9al","publisher":{"@id":"https:\/\/www.afmontreal.ca\/#organization"},"potentialAction":[{"@type":"SearchAction","target":{"@type":"EntryPoint","urlTemplate":"https:\/\/www.afmontreal.ca\/?s={search_term_string}"},"query-input":{"@type":"PropertyValueSpecification","valueRequired":true,"valueName":"search_term_string"}}],"inLanguage":"en-US"},{"@type":"Organization","@id":"https:\/\/www.afmontreal.ca\/#organization","name":"Alliance Fran\u00e7aise de Montr\u00e9al","url":"https:\/\/www.afmontreal.ca\/","logo":{"@type":"ImageObject","inLanguage":"en-US","@id":"https:\/\/www.afmontreal.ca\/#\/schema\/logo\/image\/","url":"https:\/\/www.afmontreal.ca\/wp-content\/uploads\/2020\/03\/logo-afmtl-2026max.png","contentUrl":"https:\/\/www.afmontreal.ca\/wp-content\/uploads\/2020\/03\/logo-afmtl-2026max.png","width":1000,"height":400,"caption":"Alliance Fran\u00e7aise de Montr\u00e9al"},"image":{"@id":"https:\/\/www.afmontreal.ca\/#\/schema\/logo\/image\/"},"sameAs":["https:\/\/www.facebook.com\/people\/Alliance-Franaise-de-Montral\/100094478126533\/","https:\/\/www.linkedin.com\/company\/alliance-francaise-de-montreal\/?viewAsMember=true"]}]}},"_links":{"self":[{"href":"https:\/\/www.afmontreal.ca\/en\/wp-json\/wp\/v2\/pages\/1382","targetHints":{"allow":["GET"]}}],"collection":[{"href":"https:\/\/www.afmontreal.ca\/en\/wp-json\/wp\/v2\/pages"}],"about":[{"href":"https:\/\/www.afmontreal.ca\/en\/wp-json\/wp\/v2\/types\/page"}],"author":[{"embeddable":true,"href":"https:\/\/www.afmontreal.ca\/en\/wp-json\/wp\/v2\/users\/1"}],"replies":[{"embeddable":true,"href":"https:\/\/www.afmontreal.ca\/en\/wp-json\/wp\/v2\/comments?post=1382"}],"version-history":[{"count":9,"href":"https:\/\/www.afmontreal.ca\/en\/wp-json\/wp\/v2\/pages\/1382\/revisions"}],"predecessor-version":[{"id":18554,"href":"https:\/\/www.afmontreal.ca\/en\/wp-json\/wp\/v2\/pages\/1382\/revisions\/18554"}],"wp:attachment":[{"href":"https:\/\/www.afmontreal.ca\/en\/wp-json\/wp\/v2\/media?parent=1382"}],"curies":[{"name":"wp","href":"https:\/\/api.w.org\/{rel}","templated":true}]}}